{"id":3762,"date":"2024-06-26T20:18:20","date_gmt":"2024-06-26T17:18:20","guid":{"rendered":"https:\/\/torontoimperial.com\/about-tis\/uluslararasi-bakis-acisi\/"},"modified":"2026-01-27T14:38:33","modified_gmt":"2026-01-27T11:38:33","slug":"uluslararasi-bakis-acisi","status":"publish","type":"page","link":"https:\/\/torontoimperial.com\/tr\/about-tis\/uluslararasi-bakis-acisi\/","title":{"rendered":"Uluslararas\u0131 Bak\u0131\u015f A\u00e7\u0131s\u0131"},"content":{"rendered":"<div class=\"wpb-content-wrapper\"><p>[vc_row full_width_css=&#8221;stretch_row_css&#8221; wrap_container=&#8221;yes&#8221; conditional_render=&#8221;%5B%7B%22value_role%22%3A%22administrator%22%7D%5D&#8221; el_class=&#8221;pbot br1-leaves why-choose&#8221;][vc_column width=&#8221;2\/3&#8243;][vc_row_inner el_class=&#8221;pbot2&#8243;][vc_column_inner][vc_custom_heading text=&#8221;Uluslararas\u0131 Bak\u0131\u015f A\u00e7\u0131s\u0131&#8221; font_container=&#8221;tag:h3|text_align:left&#8221; use_theme_fonts=&#8221;yes&#8221; css=&#8221;&#8221;][vc_custom_heading text=&#8221;Toronto Imperial School taraf\u0131ndan sunulan programlar E\u011fitim Bakanl\u0131\u011f\u0131&apos;n\u0131n m\u00fcfredat standartlar\u0131n\u0131 kar\u015f\u0131lar ve \u00f6\u011frencilere Ontario Orta\u00f6\u011fretim Okulu Diplomas\u0131 (OSSD) kazanmalar\u0131 i\u00e7in g\u00fcvenilir ve g\u00fcvenilir bir yol sa\u011flar.&#8221; font_container=&#8221;tag:h5|text_align:left&#8221; use_theme_fonts=&#8221;yes&#8221; css=&#8221;&#8221;][vc_column_text css_animation=&#8221;none&#8221; css=&#8221;&#8221;]Derslerimiz E\u011fitim Bakanl\u0131\u011f\u0131 taraf\u0131ndan belirlenen m\u00fcfredat y\u00f6nergelerini kar\u015f\u0131lar veya a\u015far. \u00c7al\u0131\u015fmalar\u0131n\u0131z Ontario sertifikal\u0131 \u00f6\u011fretmenler taraf\u0131ndan incelenir ve de\u011ferlendirilir. Transkriptler ve karne raporlar\u0131 resmi olarak Ontario lise m\u00fchr\u00fc ile damgalan\u0131r ve Ontario Orta\u00f6\u011fretim Okulu Diplomas\u0131 E\u011fitim Bakan\u0131 taraf\u0131ndan imzalan\u0131r.<\/p>\n<p>\u015eu anda 13-19 ya\u015f aral\u0131\u011f\u0131nda ve \u00e7e\u015fitli \u00fclkelerden gelen 500&#8217;den fazla kay\u0131tl\u0131 \u00f6\u011frenci bulunmaktad\u0131r. Bu durum okulu hem \u00f6\u011frenci toplulu\u011fu hem de felsefesi a\u00e7\u0131s\u0131ndan ger\u00e7ekten uluslararas\u0131 ve \u00e7ok k\u00fclt\u00fcrl\u00fc k\u0131lmaktad\u0131r.<\/p>\n<p>Toronto Imperial School&#8217;da e\u011fitim g\u00f6rmek sadece lise diplomas\u0131 kazanmakla ilgili de\u011fildir; ayn\u0131 zamanda d\u00fcnya \u00e7ap\u0131nda 330 partner \u00fcniversiteye kabul garantisi sa\u011flar.[\/vc_column_text][vc_btn title=&#8221;\u015eimdi Kaydolun&#8221; color=&#8221;danger&#8221; css=&#8221;&#8221; link=&#8221;url:%23|&#8221; el_class=&#8221;book-call-modal&#8221; animation_type=&#8221;bounceIn&#8221;][\/vc_column_inner][\/vc_row_inner][vc_row_inner][vc_column_inner][vc_custom_heading text=&#8221;TIS&apos;te neden e\u011fitim almay\u0131 se\u00e7melisiniz&#8221; font_container=&#8221;tag:h3|text_align:left&#8221; use_theme_fonts=&#8221;yes&#8221; css=&#8221;&#8221;][\/vc_column_inner][\/vc_row_inner][vc_row_inner equal_height=&#8221;yes&#8221;][vc_column_inner width=&#8221;1\/2&#8243;]<div class=\"porto-sicon-box  wpb_custom_74c312c6382c672d88415152636ca045 style_1 default-icon flex-wrap\"><div class=\"porto-sicon-default\"><div class=\"porto-just-icon-wrapper porto-sicon-img  porto-icon-739599a1f586473197e4d01c03c680cb porto-u-circle\" style=\"background:#ffffff;font-size: 40px;\"><img loading=\"lazy\" decoding=\"async\" class=\"img-icon\" alt=\"\" src=\"https:\/\/torontoimperial.com\/wp-content\/uploads\/2024\/07\/about-icon-1.webp\" width=\"80\" height=\"76\" \/><\/div><\/div><div class=\"porto-sicon-header\"><h3 class=\"porto-sicon-title\" style=\"color:#ffffff;\">Canl\u0131 Dersler<\/h3><\/div> <!-- header --><div class=\"porto-sicon-description\" style=\"\">Okul \u00f6\u011fretmenle canl\u0131 dersler sunarak \u00f6\u011frencilerin etkile\u015fim kurmas\u0131na ve an\u0131nda geri bildirim almas\u0131na olanak tan\u0131r.<\/div> <!-- description --><\/div><!-- porto-sicon-box -->[\/vc_column_inner][vc_column_inner width=&#8221;1\/2&#8243;]<div class=\"porto-sicon-box  wpb_custom_74c312c6382c672d88415152636ca045 style_1 default-icon flex-wrap\"><div class=\"porto-sicon-default\"><div class=\"porto-just-icon-wrapper porto-sicon-img  porto-icon-739599a1f586473197e4d01c03c680cb porto-u-circle\" style=\"background:#ffffff;font-size: 40px;\"><img loading=\"lazy\" decoding=\"async\" class=\"img-icon\" alt=\"\" src=\"https:\/\/torontoimperial.com\/wp-content\/uploads\/2024\/07\/about-icon-2.webp\" width=\"80\" height=\"80\" \/><\/div><\/div><div class=\"porto-sicon-header\"><h3 class=\"porto-sicon-title\" style=\"color:#ffffff;\">\u00d6\u011fretmen deste\u011fi<\/h3><\/div> <!-- header --><div class=\"porto-sicon-description\" style=\"\">Her \u00f6\u011frenci kurs boyunca motivasyonunu korumak i\u00e7in desteklenir. Ba\u015far\u0131lar\u0131n\u0131 sa\u011flamak i\u00e7in platformdaki performanslar\u0131n\u0131 yak\u0131ndan takip ederiz.<\/div> <!-- description --><\/div><!-- porto-sicon-box -->[\/vc_column_inner][\/vc_row_inner][vc_row_inner equal_height=&#8221;yes&#8221;][vc_column_inner width=&#8221;1\/2&#8243;]<div class=\"porto-sicon-box  wpb_custom_74c312c6382c672d88415152636ca045 style_1 default-icon flex-wrap\"><div class=\"porto-sicon-default\"><div class=\"porto-just-icon-wrapper porto-sicon-img  porto-icon-739599a1f586473197e4d01c03c680cb porto-u-circle\" style=\"background:#ffffff;font-size: 40px;\"><img loading=\"lazy\" decoding=\"async\" class=\"img-icon\" alt=\"\" src=\"https:\/\/torontoimperial.com\/wp-content\/uploads\/2024\/07\/about-icon-3.webp\" width=\"80\" height=\"80\" \/><\/div><\/div><div class=\"porto-sicon-header\"><h3 class=\"porto-sicon-title\" style=\"color:#ffffff;\">Entegre M\u00fcfredat<\/h3><\/div> <!-- header --><div class=\"porto-sicon-description\" style=\"\">Kanada derslerinin yerel okulla uyumla\u015ft\u0131r\u0131lmas\u0131. Ta\u015f\u0131nma masraflar\u0131 olmadan \u00e7evrimi\u00e7i akademik m\u00fckemmellik.<\/div> <!-- description --><\/div><!-- porto-sicon-box -->[\/vc_column_inner][vc_column_inner width=&#8221;1\/2&#8243;]<div class=\"porto-sicon-box  wpb_custom_74c312c6382c672d88415152636ca045 style_1 default-icon flex-wrap\"><div class=\"porto-sicon-default\"><div class=\"porto-just-icon-wrapper porto-sicon-img  porto-icon-739599a1f586473197e4d01c03c680cb porto-u-circle\" style=\"background:#ffffff;font-size: 40px;\"><img loading=\"lazy\" decoding=\"async\" class=\"img-icon\" alt=\"\" src=\"https:\/\/torontoimperial.com\/wp-content\/uploads\/2024\/07\/about-icon-4.webp\" width=\"80\" height=\"80\" \/><\/div><\/div><div class=\"porto-sicon-header\"><h3 class=\"porto-sicon-title\" style=\"color:#ffffff;\">K\u00fcresel Tan\u0131n\u0131rl\u0131k<\/h3><\/div> <!-- header --><div class=\"porto-sicon-description\" style=\"\">OSSD sertifikas\u0131 \u00f6\u011frencilerin k\u00fcresel olarak \u00fcniversite ve kolejlere ba\u015fvurmas\u0131n\u0131 sa\u011flar.<\/div> <!-- description --><\/div><!-- porto-sicon-box -->[\/vc_column_inner][\/vc_row_inner][vc_row_inner equal_height=&#8221;yes&#8221;][vc_column_inner width=&#8221;1\/2&#8243;]<div class=\"porto-sicon-box  wpb_custom_74c312c6382c672d88415152636ca045 style_1 default-icon flex-wrap\"><div class=\"porto-sicon-default\"><div class=\"porto-just-icon-wrapper porto-sicon-img  porto-icon-739599a1f586473197e4d01c03c680cb porto-u-circle\" style=\"background:#ffffff;font-size: 40px;\"><img loading=\"lazy\" decoding=\"async\" class=\"img-icon\" alt=\"\" src=\"https:\/\/torontoimperial.com\/wp-content\/uploads\/2024\/07\/about-icon-5.webp\" width=\"80\" height=\"80\" \/><\/div><\/div><div class=\"porto-sicon-header\"><h3 class=\"porto-sicon-title\" style=\"color:#ffffff;\">Kanadal\u0131 \u00d6\u011fretmenler<\/h3><\/div> <!-- header --><div class=\"porto-sicon-description\" style=\"\">Kanadal\u0131 \u00f6\u011fretmenlerden ki\u015fiselle\u015ftirilmi\u015f geri bildirim \u00f6\u011frencilerin ele\u015ftirel d\u00fc\u015f\u00fcnme, yarat\u0131c\u0131l\u0131k ve problem \u00e7\u00f6zme becerilerini geli\u015ftirmelerine yard\u0131mc\u0131 olur.<\/div> <!-- description --><\/div><!-- porto-sicon-box -->[\/vc_column_inner][vc_column_inner width=&#8221;1\/2&#8243;]<div class=\"porto-sicon-box  wpb_custom_74c312c6382c672d88415152636ca045 style_1 default-icon flex-wrap\"><div class=\"porto-sicon-default\"><div class=\"porto-just-icon-wrapper porto-sicon-img  porto-icon-739599a1f586473197e4d01c03c680cb porto-u-circle\" style=\"background:#ffffff;font-size: 40px;\"><img loading=\"lazy\" decoding=\"async\" class=\"img-icon\" alt=\"\" src=\"https:\/\/torontoimperial.com\/wp-content\/uploads\/2024\/07\/about-icon-6.webp\" width=\"80\" height=\"80\" \/><\/div><\/div><div class=\"porto-sicon-header\"><h3 class=\"porto-sicon-title\" style=\"color:#ffffff;\">%80 daha d\u00fc\u015f\u00fck \u00fccretler<\/h3><\/div> <!-- header --><div class=\"porto-sicon-description\" style=\"\">TIS ile \u00f6\u011frenim g\u00f6ren \u00f6\u011frenciler 2-3 y\u0131l i\u00e7inde Kanada Lise Diplomas\u0131 elde ederler.<\/div> <!-- description --><\/div><!-- porto-sicon-box -->[\/vc_column_inner][\/vc_row_inner][\/vc_column][vc_column width=&#8221;1\/3&#8243; conditional_render=&#8221;%5B%7B%22value_role%22%3A%22administrator%22%7D%5D&#8221;]<div class=\"porto-sticky  blog-widget\" data-plugin-options=\"{&quot;containerSelector&quot;:&quot;&quot;,&quot;minWidth&quot;:768,&quot;padding&quot;:{&quot;top&quot;:110,&quot;bottom&quot;:0},&quot;activeClass&quot;:&quot;sticky-active&quot;}\">[vc_widget_sidebar sidebar_id=&#8221;blog-sidebar&#8221;]<\/div>[\/vc_column][\/vc_row][vc_row][vc_column]<div class=\"porto-block\" data-id=\"4228\"><style>.vc_custom_1721132232614{background-image: url(https:\/\/torontoimperial.com\/wp-content\/uploads\/2024\/07\/pic-2.webp?id=597) !important;background-position: center;background-repeat: no-repeat !important;background-size: cover !important;}<\/style>[vc_row full_width_css=\"stretch_row_css\" parallax=\"content-moving\" parallax_image=\"597\" parallax_speed_bg=\"1.6\" css=\".vc_custom_1721132232614{background-image: url(https:\/\/torontoimperial.com\/wp-content\/uploads\/2024\/07\/pic-2.webp?id=597) !important;background-position: center;background-repeat: no-repeat !important;background-size: cover !important;}\" conditional_render=\"%5B%7B%22value_role%22%3A%22administrator%22%7D%5D\" el_class=\"ptop pbot main-form\"][vc_column][vc_custom_heading text=\"Daha fazla bilgi edinmek mi istiyorsunuz? Bir sorunuz mu var? \" font_container=\"tag:h3|text_align:left|color:%23ffffff\" use_theme_fonts=\"yes\" el_id=\"form_test-block\" css_params=\"\"][vc_custom_heading text=\"Toronto Imperial School ile e\u011fitim f\u0131rsatlar\u0131n\u0131z hakk\u0131nda daha fazla bilgi edinmek mi istiyorsunuz? \u0130leti\u015fim bilgilerinizi doldurunuz, k\u0131sa s\u00fcre i\u00e7inde sizinle ileti\u015fime ge\u00e7ece\u011fiz. \" font_container=\"tag:h5|text_align:left|color:%23ffffff\" use_theme_fonts=\"yes\"][vc_custom_heading text=\"TIS&apos;te nas\u0131l ba\u015far\u0131l\u0131 olabilece\u011finizi g\u00f6r\u00fc\u015fmeyi d\u00f6rt g\u00f6zle bekliyoruz!\" font_container=\"tag:h5|text_align:left|color:%23ffffff\" use_theme_fonts=\"yes\"][vc_raw_html css=\"\" css_params=\"\"]PGZvcm0gaWQ9ImZvcm0iIGNsYXNzPSJmb3JtX25ldyIgbWV0aG9kPSJwb3N0Ij4KCiAgICA8aW5wdXQgY2xhc3M9ImZvcm1fX2lucHV0IiB0eXBlPSJ0ZXh0IiBuYW1lPSJuYW1lIiBwbGFjZWhvbGRlcj0iQWQiIHJlcXVpcmVkPSIiPgogICAgPGlucHV0IGNsYXNzPSJmb3JtX19pbnB1dCB0ZWwiIHR5cGU9InRlbCIgbmFtZT0icGhvbmUxIiBpZD0icGhvbmUiIHBsYWNlaG9sZGVyPSIiIGRhdGEtcGhvbmU9IiIgcmVxdWlyZWQ9IiI+CiAgICA8aW5wdXQgY2xhc3M9ImZvcm1fX2lucHV0IiB0eXBlPSJlbWFpbCIgbmFtZT0iZW1haWwiIHBsYWNlaG9sZGVyPSJFLXBvc3RhIiByZXF1aXJlZD0iIj4KICAgIDxpbnB1dCBjbGFzcz0iZm9ybV9faW5wdXQgIGZvcm1fX2lucHV0LS1nZW8iIHR5cGU9ImhpZGRlbiIgbmFtZT0ibG9jYXRpb24iIHZhbHVlPSIiPgoKICAgIDxpbnB1dCB0eXBlPSJoaWRkZW4iIG5hbWU9ImZvcm1fbmFtZSIgdmFsdWU9IlRJUyBMZWFkIj4KICAgIDxpbnB1dCB0eXBlPSJoaWRkZW4iIG5hbWU9InBpcGVsaW5lIiB2YWx1ZT0iMzk2MDQ0MSI+CiAgICA8aW5wdXQgdHlwZT0iaGlkZGVuIiBuYW1lPSJyZXNwb25zaWJsZSIgdmFsdWU9IjEwNzMwODUyIj4KICAgIDxpbnB1dCB0eXBlPSJoaWRkZW4iIG5hbWU9ImxlYWRfc3RhdHVzIiB2YWx1ZT0iNzMyMDY2OTYiPgogICAgPGlucHV0IHR5cGU9ImhpZGRlbiIgbmFtZT0idGFncyIgdmFsdWU9ImNsaWVudCI+CgogICAgPGlucHV0IHR5cGU9ImhpZGRlbiIgbmFtZT0iZXZlbnQiIHZhbHVlPSJjcmVhdGUiPgogICAgPGlucHV0IHR5cGU9ImhpZGRlbiIgbmFtZT0icGhvbmVfcmVzdWx0IiB2YWx1ZT0iIj4KCgogICAgPGlucHV0IHR5cGU9ImhpZGRlbiIgbmFtZT0idXRtX3NvdXJjZSIgdmFsdWU9IiI+CiAgICA8aW5wdXQgdHlwZT0iaGlkZGVuIiBuYW1lPSJ1dG1fbWVkaXVtIiB2YWx1ZT0iIj4KICAgIDxpbnB1dCB0eXBlPSJoaWRkZW4iIG5hbWU9InV0bV9jYW1wYWlnbiIgdmFsdWU9IiI+CiAgICA8aW5wdXQgdHlwZT0iaGlkZGVuIiBuYW1lPSJ1dG1fY29udGVudCIgdmFsdWU9IiI+CiAgICA8aW5wdXQgdHlwZT0iaGlkZGVuIiBuYW1lPSJ1dG1fdGVybSIgdmFsdWU9IiI+CiAgICA8YnV0dG9uIGNsYXNzPSJmb3JtX19zdWJtaXQgYnV0dG9uIGJ1dHRvbk1haW4gYnRuX3NlbmQgYnRuX21haW4gYnRuX3JlZCIgdHlwZT0ic3VibWl0Ij4KICAgICA8cD5Hw5ZOREVSPC9wPgogICAgPC9idXR0b24+CiAgICA8ZGl2IGNsYXNzPSJjaGVja2JveCI+CiAgICAgPGlucHV0IHR5cGU9ImNoZWNrYm94IiBpZD0ic2NhbGVzIiBuYW1lPSJzY2FsZXMiIHJlcXVpcmVkPSIiIGNoZWNrZWQ+CiAgICAgPGxhYmVsIGZvcj0ic2NhbGVzIj4KIEtpxZ9pc2VsIHZlcmlsZXJpbiBpxZ9sZW5tZXNpIGlsZSBpbGdpbGkgYmlsZ2kgbWV0bmluZSB1eWd1biBvbGFyYWsga2nFn2lzZWwgdmVyaWxlcmltaW4gacWfbGVubWVzaW5pIHZlIGJhbmEgdGljYXJpIG1lc2FqbGFyIGfDtm5kZXJpbG1lc2luaSBrYWJ1bCBlZGl5b3J1bS4KICAgICA8L2xhYmVsPgogICAgPC9kaXY+CiAgIDwvZm9ybT4=[\/vc_raw_html][\/vc_column][\/vc_row]<\/div>[\/vc_column][\/vc_row]<\/p>\n<\/div>","protected":false},"excerpt":{"rendered":"<p>[vc_row full_width_css=&#8221;stretch_row_css&#8221; wrap_container=&#8221;yes&#8221; conditional_render=&#8221;%5B%7B%22value_role%22%3A%22administrator%22%7D%5D&#8221; el_class=&#8221;pbot br1-leaves why-choose&#8221;][vc_column width=&#8221;2\/3&#8243;][vc_row_inner el_class=&#8221;pbot2&#8243;][vc_column_inner][vc_custom_heading text=&#8221;Uluslararas\u0131 Bak\u0131\u015f A\u00e7\u0131s\u0131&#8221; font_container=&#8221;tag:h3|text_align:left&#8221; use_theme_fonts=&#8221;yes&#8221; css=&#8221;&#8221;][vc_custom_heading text=&#8221;Toronto Imperial School taraf\u0131ndan sunulan programlar E\u011fitim Bakanl\u0131\u011f\u0131&apos;n\u0131n m\u00fcfredat standartlar\u0131n\u0131 kar\u015f\u0131lar ve \u00f6\u011frencilere Ontario Orta\u00f6\u011fretim Okulu Diplomas\u0131 (OSSD) kazanmalar\u0131 i\u00e7in g\u00fcvenilir ve g\u00fcvenilir bir yol sa\u011flar.&#8221; font_container=&#8221;tag:h5|text_align:left&#8221; use_theme_fonts=&#8221;yes&#8221; css=&#8221;&#8221;][vc_column_text css_animation=&#8221;none&#8221; css=&#8221;&#8221;]Derslerimiz E\u011fitim Bakanl\u0131\u011f\u0131 taraf\u0131ndan belirlenen m\u00fcfredat y\u00f6nergelerini kar\u015f\u0131lar veya a\u015far. [&hellip;]<\/p>\n","protected":false},"author":1,"featured_media":0,"parent":3647,"menu_order":0,"comment_status":"closed","ping_status":"closed","template":"","meta":{"footnotes":""},"class_list":["post-3762","page","type-page","status-publish","hentry"],"yoast_head":"<!-- This site is optimized with the Yoast SEO plugin v27.4 - https:\/\/yoast.com\/product\/yoast-seo-wordpress\/ -->\n<title>Uluslararas\u0131 Bak\u0131\u015f A\u00e7\u0131s\u0131 - Toronto Imperial School | TIS - Private Canadian school<\/title>\n<meta name=\"description\" content=\"Derslerimiz E\u011fitim Bakanl\u0131\u011f\u0131 taraf\u0131ndan belirlenen m\u00fcfredat y\u00f6nergelerini kar\u015f\u0131lar veya a\u015far. \u00c7al\u0131\u015fmalar\u0131n\u0131z Ontario sertifikal\u0131 \u00f6\u011fretmenler taraf\u0131ndan incelenir ve de\u011ferlendirilir. Transkriptler ve karne raporlar\u0131 resmi olarak Ontario lise m\u00fchr\u00fc ile damgalan\u0131r ve Ontario Orta\u00f6\u011fretim Okulu Diplomas\u0131 E\u011fitim Bakan\u0131 taraf\u0131ndan imzalan\u0131r.\" \/>\n<meta name=\"robots\" content=\"index, follow, max-snippet:-1, max-image-preview:large, max-video-preview:-1\" \/>\n<link rel=\"canonical\" href=\"https:\/\/torontoimperial.com\/tr\/about-tis\/uluslararasi-bakis-acisi\/\" \/>\n<meta property=\"og:locale\" content=\"tr_TR\" \/>\n<meta property=\"og:type\" content=\"article\" \/>\n<meta property=\"og:title\" content=\"Uluslararas\u0131 Bak\u0131\u015f A\u00e7\u0131s\u0131 - Toronto Imperial School | TIS - Private Canadian school\" \/>\n<meta property=\"og:description\" content=\"Derslerimiz E\u011fitim Bakanl\u0131\u011f\u0131 taraf\u0131ndan belirlenen m\u00fcfredat y\u00f6nergelerini kar\u015f\u0131lar veya a\u015far. \u00c7al\u0131\u015fmalar\u0131n\u0131z Ontario sertifikal\u0131 \u00f6\u011fretmenler taraf\u0131ndan incelenir ve de\u011ferlendirilir. Transkriptler ve karne raporlar\u0131 resmi olarak Ontario lise m\u00fchr\u00fc ile damgalan\u0131r ve Ontario Orta\u00f6\u011fretim Okulu Diplomas\u0131 E\u011fitim Bakan\u0131 taraf\u0131ndan imzalan\u0131r.\" \/>\n<meta property=\"og:url\" content=\"https:\/\/torontoimperial.com\/tr\/about-tis\/uluslararasi-bakis-acisi\/\" \/>\n<meta property=\"og:site_name\" content=\"Toronto Imperial School | TIS - Private Canadian school\" \/>\n<meta property=\"article:modified_time\" content=\"2026-01-27T11:38:33+00:00\" \/>\n<meta name=\"twitter:card\" content=\"summary_large_image\" \/>\n<meta name=\"twitter:label1\" content=\"Tahmini okuma s\u00fcresi\" \/>\n\t<meta name=\"twitter:data1\" content=\"4 dakika\" \/>\n<script type=\"application\/ld+json\" class=\"yoast-schema-graph\">{\"@context\":\"https:\\\/\\\/schema.org\",\"@graph\":[{\"@type\":\"WebPage\",\"@id\":\"https:\\\/\\\/torontoimperial.com\\\/tr\\\/about-tis\\\/uluslararasi-bakis-acisi\\\/\",\"url\":\"https:\\\/\\\/torontoimperial.com\\\/tr\\\/about-tis\\\/uluslararasi-bakis-acisi\\\/\",\"name\":\"Uluslararas\u0131 Bak\u0131\u015f A\u00e7\u0131s\u0131 - Toronto Imperial School | TIS - Private Canadian school\",\"isPartOf\":{\"@id\":\"https:\\\/\\\/torontoimperial.com\\\/tr\\\/#website\"},\"datePublished\":\"2024-06-26T17:18:20+00:00\",\"dateModified\":\"2026-01-27T11:38:33+00:00\",\"description\":\"Derslerimiz E\u011fitim Bakanl\u0131\u011f\u0131 taraf\u0131ndan belirlenen m\u00fcfredat y\u00f6nergelerini kar\u015f\u0131lar veya a\u015far. \u00c7al\u0131\u015fmalar\u0131n\u0131z Ontario sertifikal\u0131 \u00f6\u011fretmenler taraf\u0131ndan incelenir ve de\u011ferlendirilir. Transkriptler ve karne raporlar\u0131 resmi olarak Ontario lise m\u00fchr\u00fc ile damgalan\u0131r ve Ontario Orta\u00f6\u011fretim Okulu Diplomas\u0131 E\u011fitim Bakan\u0131 taraf\u0131ndan imzalan\u0131r.\",\"breadcrumb\":{\"@id\":\"https:\\\/\\\/torontoimperial.com\\\/tr\\\/about-tis\\\/uluslararasi-bakis-acisi\\\/#breadcrumb\"},\"inLanguage\":\"tr\",\"potentialAction\":[{\"@type\":\"ReadAction\",\"target\":[\"https:\\\/\\\/torontoimperial.com\\\/tr\\\/about-tis\\\/uluslararasi-bakis-acisi\\\/\"]}]},{\"@type\":\"BreadcrumbList\",\"@id\":\"https:\\\/\\\/torontoimperial.com\\\/tr\\\/about-tis\\\/uluslararasi-bakis-acisi\\\/#breadcrumb\",\"itemListElement\":[{\"@type\":\"ListItem\",\"position\":1,\"name\":\"Home\",\"item\":\"https:\\\/\\\/torontoimperial.com\\\/tr\\\/ana-sayfa-2\\\/\"},{\"@type\":\"ListItem\",\"position\":2,\"name\":\"About TIS\",\"item\":\"https:\\\/\\\/torontoimperial.com\\\/tr\\\/about-tis\\\/\"},{\"@type\":\"ListItem\",\"position\":3,\"name\":\"Uluslararas\u0131 Bak\u0131\u015f A\u00e7\u0131s\u0131\"}]},{\"@type\":\"WebSite\",\"@id\":\"https:\\\/\\\/torontoimperial.com\\\/tr\\\/#website\",\"url\":\"https:\\\/\\\/torontoimperial.com\\\/tr\\\/\",\"name\":\"Toronto Imperial School | TIS - Private Canadian school\",\"description\":\"Toronto Imperial School\",\"potentialAction\":[{\"@type\":\"SearchAction\",\"target\":{\"@type\":\"EntryPoint\",\"urlTemplate\":\"https:\\\/\\\/torontoimperial.com\\\/tr\\\/?s={search_term_string}\"},\"query-input\":{\"@type\":\"PropertyValueSpecification\",\"valueRequired\":true,\"valueName\":\"search_term_string\"}}],\"inLanguage\":\"tr\"}]}<\/script>\n<!-- \/ Yoast SEO plugin. -->","yoast_head_json":{"title":"Uluslararas\u0131 Bak\u0131\u015f A\u00e7\u0131s\u0131 - Toronto Imperial School | TIS - Private Canadian school","description":"Derslerimiz E\u011fitim Bakanl\u0131\u011f\u0131 taraf\u0131ndan belirlenen m\u00fcfredat y\u00f6nergelerini kar\u015f\u0131lar veya a\u015far. \u00c7al\u0131\u015fmalar\u0131n\u0131z Ontario sertifikal\u0131 \u00f6\u011fretmenler taraf\u0131ndan incelenir ve de\u011ferlendirilir. Transkriptler ve karne raporlar\u0131 resmi olarak Ontario lise m\u00fchr\u00fc ile damgalan\u0131r ve Ontario Orta\u00f6\u011fretim Okulu Diplomas\u0131 E\u011fitim Bakan\u0131 taraf\u0131ndan imzalan\u0131r.","robots":{"index":"index","follow":"follow","max-snippet":"max-snippet:-1","max-image-preview":"max-image-preview:large","max-video-preview":"max-video-preview:-1"},"canonical":"https:\/\/torontoimperial.com\/tr\/about-tis\/uluslararasi-bakis-acisi\/","og_locale":"tr_TR","og_type":"article","og_title":"Uluslararas\u0131 Bak\u0131\u015f A\u00e7\u0131s\u0131 - Toronto Imperial School | TIS - Private Canadian school","og_description":"Derslerimiz E\u011fitim Bakanl\u0131\u011f\u0131 taraf\u0131ndan belirlenen m\u00fcfredat y\u00f6nergelerini kar\u015f\u0131lar veya a\u015far. \u00c7al\u0131\u015fmalar\u0131n\u0131z Ontario sertifikal\u0131 \u00f6\u011fretmenler taraf\u0131ndan incelenir ve de\u011ferlendirilir. Transkriptler ve karne raporlar\u0131 resmi olarak Ontario lise m\u00fchr\u00fc ile damgalan\u0131r ve Ontario Orta\u00f6\u011fretim Okulu Diplomas\u0131 E\u011fitim Bakan\u0131 taraf\u0131ndan imzalan\u0131r.","og_url":"https:\/\/torontoimperial.com\/tr\/about-tis\/uluslararasi-bakis-acisi\/","og_site_name":"Toronto Imperial School | TIS - Private Canadian school","article_modified_time":"2026-01-27T11:38:33+00:00","twitter_card":"summary_large_image","twitter_misc":{"Tahmini okuma s\u00fcresi":"4 dakika"},"schema":{"@context":"https:\/\/schema.org","@graph":[{"@type":"WebPage","@id":"https:\/\/torontoimperial.com\/tr\/about-tis\/uluslararasi-bakis-acisi\/","url":"https:\/\/torontoimperial.com\/tr\/about-tis\/uluslararasi-bakis-acisi\/","name":"Uluslararas\u0131 Bak\u0131\u015f A\u00e7\u0131s\u0131 - Toronto Imperial School | TIS - Private Canadian school","isPartOf":{"@id":"https:\/\/torontoimperial.com\/tr\/#website"},"datePublished":"2024-06-26T17:18:20+00:00","dateModified":"2026-01-27T11:38:33+00:00","description":"Derslerimiz E\u011fitim Bakanl\u0131\u011f\u0131 taraf\u0131ndan belirlenen m\u00fcfredat y\u00f6nergelerini kar\u015f\u0131lar veya a\u015far. \u00c7al\u0131\u015fmalar\u0131n\u0131z Ontario sertifikal\u0131 \u00f6\u011fretmenler taraf\u0131ndan incelenir ve de\u011ferlendirilir. Transkriptler ve karne raporlar\u0131 resmi olarak Ontario lise m\u00fchr\u00fc ile damgalan\u0131r ve Ontario Orta\u00f6\u011fretim Okulu Diplomas\u0131 E\u011fitim Bakan\u0131 taraf\u0131ndan imzalan\u0131r.","breadcrumb":{"@id":"https:\/\/torontoimperial.com\/tr\/about-tis\/uluslararasi-bakis-acisi\/#breadcrumb"},"inLanguage":"tr","potentialAction":[{"@type":"ReadAction","target":["https:\/\/torontoimperial.com\/tr\/about-tis\/uluslararasi-bakis-acisi\/"]}]},{"@type":"BreadcrumbList","@id":"https:\/\/torontoimperial.com\/tr\/about-tis\/uluslararasi-bakis-acisi\/#breadcrumb","itemListElement":[{"@type":"ListItem","position":1,"name":"Home","item":"https:\/\/torontoimperial.com\/tr\/ana-sayfa-2\/"},{"@type":"ListItem","position":2,"name":"About TIS","item":"https:\/\/torontoimperial.com\/tr\/about-tis\/"},{"@type":"ListItem","position":3,"name":"Uluslararas\u0131 Bak\u0131\u015f A\u00e7\u0131s\u0131"}]},{"@type":"WebSite","@id":"https:\/\/torontoimperial.com\/tr\/#website","url":"https:\/\/torontoimperial.com\/tr\/","name":"Toronto Imperial School | TIS - Private Canadian school","description":"Toronto Imperial School","potentialAction":[{"@type":"SearchAction","target":{"@type":"EntryPoint","urlTemplate":"https:\/\/torontoimperial.com\/tr\/?s={search_term_string}"},"query-input":{"@type":"PropertyValueSpecification","valueRequired":true,"valueName":"search_term_string"}}],"inLanguage":"tr"}]}},"_links":{"self":[{"href":"https:\/\/torontoimperial.com\/tr\/wp-json\/wp\/v2\/pages\/3762","targetHints":{"allow":["GET"]}}],"collection":[{"href":"https:\/\/torontoimperial.com\/tr\/wp-json\/wp\/v2\/pages"}],"about":[{"href":"https:\/\/torontoimperial.com\/tr\/wp-json\/wp\/v2\/types\/page"}],"author":[{"embeddable":true,"href":"https:\/\/torontoimperial.com\/tr\/wp-json\/wp\/v2\/users\/1"}],"replies":[{"embeddable":true,"href":"https:\/\/torontoimperial.com\/tr\/wp-json\/wp\/v2\/comments?post=3762"}],"version-history":[{"count":5,"href":"https:\/\/torontoimperial.com\/tr\/wp-json\/wp\/v2\/pages\/3762\/revisions"}],"predecessor-version":[{"id":4040,"href":"https:\/\/torontoimperial.com\/tr\/wp-json\/wp\/v2\/pages\/3762\/revisions\/4040"}],"up":[{"embeddable":true,"href":"https:\/\/torontoimperial.com\/tr\/wp-json\/wp\/v2\/pages\/3647"}],"wp:attachment":[{"href":"https:\/\/torontoimperial.com\/tr\/wp-json\/wp\/v2\/media?parent=3762"}],"curies":[{"name":"wp","href":"https:\/\/api.w.org\/{rel}","templated":true}]}}