{"id":3767,"date":"2024-06-26T20:18:00","date_gmt":"2024-06-26T17:18:00","guid":{"rendered":"https:\/\/torontoimperial.com\/about-tis\/misyon-beyani\/"},"modified":"2026-01-08T14:02:31","modified_gmt":"2026-01-08T11:02:31","slug":"misyon-beyani","status":"publish","type":"page","link":"https:\/\/torontoimperial.com\/tr\/about-tis\/misyon-beyani\/","title":{"rendered":"Misyon Beyan\u0131"},"content":{"rendered":"<div class=\"wpb-content-wrapper\"><p>[vc_row full_width_css=&#8221;stretch_row_css&#8221; el_class=&#8221;about-block title-line pbot tr-leaves&#8221; conditional_render=&#8221;%5B%7B%22value_role%22%3A%22administrator%22%7D%5D&#8221;][vc_column width=&#8221;1\/2&#8243; el_class=&#8221;zitwo&#8221; conditional_render=&#8221;%5B%7B%22value_role%22%3A%22administrator%22%7D%5D&#8221;][vc_single_image image=&#8221;3765&#8243; img_size=&#8221;full&#8221; css=&#8221;&#8221;][\/vc_column][vc_column width=&#8221;1\/2&#8243;][vc_custom_heading text=&#8221;Misyon Beyan\u0131&#8221; font_container=&#8221;tag:h3|text_align:left&#8221; use_theme_fonts=&#8221;yes&#8221; css=&#8221;&#8221;][vc_custom_heading text=&#8221;Toronto Imperial School olarak, d\u00fcnyan\u0131n art\u0131k daha yak\u0131n hale geldi\u011fi ve fiziksel konumun art\u0131k \u00f6\u011frenme i\u00e7in bir engel olmad\u0131\u011f\u0131 ger\u00e7e\u011fini benimsiyoruz.&#8221; font_container=&#8221;tag:h5|text_align:left&#8221; use_theme_fonts=&#8221;yes&#8221; css=&#8221;&#8221;][vc_column_text css_animation=&#8221;none&#8221; css=&#8221;&#8221;]Yenilik\u00e7i teknolojiler ve geli\u015fmi\u015f akademik programlar arac\u0131l\u0131\u011f\u0131yla, \u00f6\u011frencilere e\u015fsiz bir e\u011fitim deneyimi ve prestijli Kanada diplomalar\u0131 kazanma f\u0131rsat\u0131 sunuyoruz.<\/p>\n<p>Her \u00f6\u011frencinin tam potansiyelini ortaya \u00e7\u0131karmaya \u00e7al\u0131\u015f\u0131yor, b\u00fcy\u00fcmelerini ve geli\u015fmelerini destekliyoruz. H\u0131rs ve liderli\u011fe odaklanarak, \u00f6\u011frencilerimizi birbirine ba\u011fl\u0131, k\u00fcreselle\u015fmi\u015f bir d\u00fcnyada gelece\u011fin liderleri olarak m\u00fckemmel olmaya haz\u0131rl\u0131yoruz.[\/vc_column_text][vc_btn title=&#8221;\u015eimdi Kaydolun&#8221; color=&#8221;danger&#8221; css=&#8221;&#8221; link=&#8221;url:%23|&#8221; el_class=&#8221;book-call-modal&#8221; animation_type=&#8221;bounceIn&#8221;][\/vc_column][\/vc_row][vc_row full_width_css=&#8221;stretch_row_css&#8221; el_class=&#8221;pbot bl2-leaves goal-block&#8221; conditional_render=&#8221;%5B%7B%22value_role%22%3A%22administrator%22%7D%5D&#8221;][vc_column][vc_custom_heading text=&#8221;Hedefimiz&#8221; font_container=&#8221;tag:h3|text_align:center|color:%23c6031e&#8221; use_theme_fonts=&#8221;yes&#8221; css=&#8221;&#8221;][vc_column_text css=&#8221;&#8221;]<\/p>\n<p style=\"text-align: center;\">Hedefimiz, \u00f6\u011frencileri uluslararas\u0131 \u0130ngilizce konu\u015fulan bir e\u011fitim ortam\u0131na entegre etmek ve onlara resmi bir Ontario lise diplomas\u0131 alma f\u0131rsat\u0131 sunmakt\u0131r. Bunu ba\u015farmak i\u00e7in, sa\u011flanan e\u011fitimin sanal olarak yap\u0131l\u0131rken Kanada&#8217;daki ger\u00e7ek okul deneyimine m\u00fcmk\u00fcn oldu\u011funca yak\u0131n olmas\u0131n\u0131 sa\u011fl\u0131yoruz. Bu, \u00f6\u011frencilerin uluslararas\u0131 \u00fcniversitelerde e\u011fitimlerine g\u00fcvenle devam etmelerini sa\u011flayacakt\u0131r.  <\/p>\n<p style=\"text-align: center;\">Ayr\u0131ca, \u00f6\u011frencileri ilham vermeye ve ba\u011f\u0131ms\u0131z, kendinden emin, uyumlu ve k\u00fcresel odakl\u0131 bireyler olma f\u0131rsatlar\u0131n\u0131 geni\u015fletmeye \u00e7al\u0131\u015f\u0131yoruz.<\/p>\n<p>[\/vc_column_text][\/vc_column][\/vc_row][vc_row full_width_css=&#8221;stretch_row_css&#8221; el_class=&#8221;ptop pbot dark-bg&#8221; css=&#8221;.vc_custom_1721167798308{background-image: url(https:\/\/torontoimperial.com\/wp-content\/uploads\/2024\/07\/about-pic-20.webp?id=759) !important;background-position: center !important;background-repeat: no-repeat !important;background-size: cover !important;}&#8221; conditional_render=&#8221;%5B%7B%22value_role%22%3A%22administrator%22%7D%5D&#8221;][vc_column width=&#8221;1\/6&#8243;][\/vc_column][vc_column width=&#8221;2\/3&#8243;][vc_single_image image=&#8221;3672&#8243; img_size=&#8221;full&#8221; alignment=&#8221;center&#8221; css=&#8221;&#8221;][vc_custom_heading text=&#8221;\u00d6\u011frencileri, h\u0131zla de\u011fi\u015fen bir d\u00fcnyada ba\u015far\u0131l\u0131 olmak i\u00e7in gerekli beceriler ve zihniyetle donat\u0131yoruz; bunlar aras\u0131nda \u00f6z de\u011ferlendirme, sorumluluk, organizasyon, belirli hedefler belirleme ve \u00f6z d\u00fczenleme yer al\u0131yor.&#8221; font_container=&#8221;tag:h2|text_align:center|color:%23ffffff&#8221; use_theme_fonts=&#8221;yes&#8221; css=&#8221;&#8221;][\/vc_column][vc_column width=&#8221;1\/6&#8243;][\/vc_column][\/vc_row][vc_row full_width_css=&#8221;stretch_row_css&#8221; wrap_container=&#8221;yes&#8221; el_class=&#8221;ptop pbot salman-block br1-leaves&#8221; conditional_render=&#8221;%5B%7B%22value_role%22%3A%22administrator%22%7D%5D&#8221;][vc_column width=&#8221;1\/3&#8243;][vc_single_image image=&#8221;3766&#8243; img_size=&#8221;full&#8221; alignment=&#8221;center&#8221; css=&#8221;&#8221; el_class=&#8221;m-dnone&#8221;][\/vc_column][vc_column width=&#8221;2\/3&#8243;][vc_custom_heading text=&#8221;Okul M\u00fcd\u00fcr\u00fcnden Ho\u015f Geldiniz Mesaj\u0131&#8221; font_container=&#8221;tag:h6|text_align:left|color:%23c6031e&#8221; use_theme_fonts=&#8221;yes&#8221; css=&#8221;&#8221;][vc_custom_heading text=&#8221;Salman Qureshi&#8221; font_container=&#8221;tag:h3|text_align:left&#8221; use_theme_fonts=&#8221;yes&#8221; css=&#8221;&#8221;][vc_custom_heading text=&#8221;Toronto Imperial School&apos;a ho\u015f geldiniz!&#8221; font_container=&#8221;tag:h5|text_align:left&#8221; use_theme_fonts=&#8221;yes&#8221; css=&#8221;&#8221;][vc_single_image image=&#8221;3766&#8243; img_size=&#8221;full&#8221; alignment=&#8221;center&#8221; css=&#8221;&#8221; el_class=&#8221;t-dnone&#8221;][vc_column_text css_animation=&#8221;none&#8221; css=&#8221;&#8221;]Bu heyecan verici yeni okul y\u0131l\u0131na sizinle ba\u015flamaktan b\u00fcy\u00fck mutluluk duyuyoruz. Bu yolculu\u011fa birlikte \u00e7\u0131karken, Sanal \u00d6\u011frenme yoluyla ba\u015far\u0131ya ula\u015fman\u0131za yard\u0131mc\u0131 olmak i\u00e7in tam donan\u0131ml\u0131y\u0131z. <\/p>\n<p>Peki Toronto Imperial School&#8217;da Sanal \u00d6\u011frenme tam olarak ne gerektirir?<\/p>\n<p>Sanal \u00f6\u011frenme, dijital platformlar arac\u0131l\u0131\u011f\u0131yla ger\u00e7ekle\u015fen \u00e7e\u015fitli e\u011fitim, \u00f6\u011fretim ve \u00f6\u011frenme bi\u00e7imlerini ifade eder. Bu, s\u0131n\u0131f\u0131n\u0131z\u0131 do\u011frudan ekran\u0131n\u0131za getirmek gibidir! Video derslerinden \u00f6\u011fretmenlerle canl\u0131 oturumlara, \u00d6\u011frenme Y\u00f6netim Sistemimiz (LMS) \u00fczerindeki \u00f6devlerden \u00f6zel olarak haz\u0131rlanm\u0131\u015f etkinliklere kadar, \u00f6\u011frenmenin ilgi \u00e7ekici ve interaktif kalmas\u0131n\u0131 sa\u011fl\u0131yoruz.  <\/p>\n<p>Fiziksel olarak ayr\u0131 olsak da, i\u015fbirlik\u00e7i \u00f6\u011frenmeye olan ba\u011fl\u0131l\u0131\u011f\u0131m\u0131z g\u00fc\u00e7l\u00fc kalmaya devam ediyor. Bu okul y\u0131l\u0131 benzersiz zorluklar sunabilir, ancak ayn\u0131 zamanda b\u00fcy\u00fcme ve ke\u015fif i\u00e7in heyecan verici f\u0131rsatlar da sunuyor.<\/p>\n<p>\u0130\u015fte bilmeniz gerekenler: \u00d6devlere ve etkinliklere eri\u015fmek i\u00e7in \u00d6\u011frenci Hesab\u0131n\u0131z\u0131 kullanacaks\u0131n\u0131z. \u00d6\u011fretmeninizle hem senkron \u00f6\u011frenme oturumlar\u0131 hem de kendi h\u0131z\u0131n\u0131zda ilerleyebilece\u011finiz asenkron \u00f6\u011frenme f\u0131rsatlar\u0131na sahip olacaks\u0131n\u0131z. <\/p>\n<p>Ke\u015fif, arkada\u015fl\u0131k ve entelekt\u00fcel b\u00fcy\u00fcme ile dolu bir y\u0131la haz\u0131r olun. Unutmay\u0131n, yaln\u0131z de\u011filsiniz \u2013 ekibimiz her ad\u0131mda size destek sa\u011flamak i\u00e7in burada.[\/vc_column_text][vc_row_inner el_class=&#8221;autor-line&#8221;][vc_column_inner width=&#8221;2\/3&#8243;][\/vc_column_inner][vc_column_inner width=&#8221;1\/3&#8243;][vc_custom_heading text=&#8221;Sayg\u0131lar\u0131mla,<br \/>\nSalman Qureshi&#8221; font_container=&#8221;tag:h2|font_size:24|text_align:left|line_height:24px&#8221; use_theme_fonts=&#8221;yes&#8221; css=&#8221;&#8221;][vc_custom_heading text=&#8221;Toronto Imperial School&#8221; font_container=&#8221;tag:h6|text_align:left&#8221; use_theme_fonts=&#8221;yes&#8221; css=&#8221;&#8221;][\/vc_column_inner][\/vc_row_inner][\/vc_column][\/vc_row][vc_row conditional_render=&#8221;%5B%7B%22value_role%22%3A%22administrator%22%7D%5D&#8221;][vc_column]<div class=\"porto-block\" data-id=\"4228\"><style>.vc_custom_1721132232614{background-image: url(https:\/\/torontoimperial.com\/wp-content\/uploads\/2024\/07\/pic-2.webp?id=597) !important;background-position: center;background-repeat: no-repeat !important;background-size: cover !important;}<\/style>[vc_row full_width_css=\"stretch_row_css\" parallax=\"content-moving\" parallax_image=\"597\" parallax_speed_bg=\"1.6\" css=\".vc_custom_1721132232614{background-image: url(https:\/\/torontoimperial.com\/wp-content\/uploads\/2024\/07\/pic-2.webp?id=597) !important;background-position: center;background-repeat: no-repeat !important;background-size: cover !important;}\" conditional_render=\"%5B%7B%22value_role%22%3A%22administrator%22%7D%5D\" el_class=\"ptop pbot main-form\"][vc_column][vc_custom_heading text=\"Daha fazla bilgi edinmek mi istiyorsunuz? Bir sorunuz mu var? \" font_container=\"tag:h3|text_align:left|color:%23ffffff\" use_theme_fonts=\"yes\" el_id=\"form_test-block\" css_params=\"\"][vc_custom_heading text=\"Toronto Imperial School ile e\u011fitim f\u0131rsatlar\u0131n\u0131z hakk\u0131nda daha fazla bilgi edinmek mi istiyorsunuz? \u0130leti\u015fim bilgilerinizi doldurunuz, k\u0131sa s\u00fcre i\u00e7inde sizinle ileti\u015fime ge\u00e7ece\u011fiz. \" font_container=\"tag:h5|text_align:left|color:%23ffffff\" use_theme_fonts=\"yes\"][vc_custom_heading text=\"TIS&apos;te nas\u0131l ba\u015far\u0131l\u0131 olabilece\u011finizi g\u00f6r\u00fc\u015fmeyi d\u00f6rt g\u00f6zle bekliyoruz!\" font_container=\"tag:h5|text_align:left|color:%23ffffff\" use_theme_fonts=\"yes\"][vc_raw_html css=\"\" css_params=\"\"]PGZvcm0gaWQ9ImZvcm0iIGNsYXNzPSJmb3JtX25ldyIgbWV0aG9kPSJwb3N0Ij4KCiAgICA8aW5wdXQgY2xhc3M9ImZvcm1fX2lucHV0IiB0eXBlPSJ0ZXh0IiBuYW1lPSJuYW1lIiBwbGFjZWhvbGRlcj0iQWQiIHJlcXVpcmVkPSIiPgogICAgPGlucHV0IGNsYXNzPSJmb3JtX19pbnB1dCB0ZWwiIHR5cGU9InRlbCIgbmFtZT0icGhvbmUxIiBpZD0icGhvbmUiIHBsYWNlaG9sZGVyPSIiIGRhdGEtcGhvbmU9IiIgcmVxdWlyZWQ9IiI+CiAgICA8aW5wdXQgY2xhc3M9ImZvcm1fX2lucHV0IiB0eXBlPSJlbWFpbCIgbmFtZT0iZW1haWwiIHBsYWNlaG9sZGVyPSJFLXBvc3RhIiByZXF1aXJlZD0iIj4KICAgIDxpbnB1dCBjbGFzcz0iZm9ybV9faW5wdXQgIGZvcm1fX2lucHV0LS1nZW8iIHR5cGU9ImhpZGRlbiIgbmFtZT0ibG9jYXRpb24iIHZhbHVlPSIiPgoKICAgIDxpbnB1dCB0eXBlPSJoaWRkZW4iIG5hbWU9ImZvcm1fbmFtZSIgdmFsdWU9IlRJUyBMZWFkIj4KICAgIDxpbnB1dCB0eXBlPSJoaWRkZW4iIG5hbWU9InBpcGVsaW5lIiB2YWx1ZT0iMzk2MDQ0MSI+CiAgICA8aW5wdXQgdHlwZT0iaGlkZGVuIiBuYW1lPSJyZXNwb25zaWJsZSIgdmFsdWU9IjEwNzMwODUyIj4KICAgIDxpbnB1dCB0eXBlPSJoaWRkZW4iIG5hbWU9ImxlYWRfc3RhdHVzIiB2YWx1ZT0iNzMyMDY2OTYiPgogICAgPGlucHV0IHR5cGU9ImhpZGRlbiIgbmFtZT0idGFncyIgdmFsdWU9ImNsaWVudCI+CgogICAgPGlucHV0IHR5cGU9ImhpZGRlbiIgbmFtZT0iZXZlbnQiIHZhbHVlPSJjcmVhdGUiPgogICAgPGlucHV0IHR5cGU9ImhpZGRlbiIgbmFtZT0icGhvbmVfcmVzdWx0IiB2YWx1ZT0iIj4KCgogICAgPGlucHV0IHR5cGU9ImhpZGRlbiIgbmFtZT0idXRtX3NvdXJjZSIgdmFsdWU9IiI+CiAgICA8aW5wdXQgdHlwZT0iaGlkZGVuIiBuYW1lPSJ1dG1fbWVkaXVtIiB2YWx1ZT0iIj4KICAgIDxpbnB1dCB0eXBlPSJoaWRkZW4iIG5hbWU9InV0bV9jYW1wYWlnbiIgdmFsdWU9IiI+CiAgICA8aW5wdXQgdHlwZT0iaGlkZGVuIiBuYW1lPSJ1dG1fY29udGVudCIgdmFsdWU9IiI+CiAgICA8aW5wdXQgdHlwZT0iaGlkZGVuIiBuYW1lPSJ1dG1fdGVybSIgdmFsdWU9IiI+CiAgICA8YnV0dG9uIGNsYXNzPSJmb3JtX19zdWJtaXQgYnV0dG9uIGJ1dHRvbk1haW4gYnRuX3NlbmQgYnRuX21haW4gYnRuX3JlZCIgdHlwZT0ic3VibWl0Ij4KICAgICA8cD5Hw5ZOREVSPC9wPgogICAgPC9idXR0b24+CiAgICA8ZGl2IGNsYXNzPSJjaGVja2JveCI+CiAgICAgPGlucHV0IHR5cGU9ImNoZWNrYm94IiBpZD0ic2NhbGVzIiBuYW1lPSJzY2FsZXMiIHJlcXVpcmVkPSIiIGNoZWNrZWQ+CiAgICAgPGxhYmVsIGZvcj0ic2NhbGVzIj4KIEtpxZ9pc2VsIHZlcmlsZXJpbiBpxZ9sZW5tZXNpIGlsZSBpbGdpbGkgYmlsZ2kgbWV0bmluZSB1eWd1biBvbGFyYWsga2nFn2lzZWwgdmVyaWxlcmltaW4gacWfbGVubWVzaW5pIHZlIGJhbmEgdGljYXJpIG1lc2FqbGFyIGfDtm5kZXJpbG1lc2luaSBrYWJ1bCBlZGl5b3J1bS4KICAgICA8L2xhYmVsPgogICAgPC9kaXY+CiAgIDwvZm9ybT4=[\/vc_raw_html][\/vc_column][\/vc_row]<\/div>[\/vc_column][\/vc_row]<\/p>\n<\/div>","protected":false},"excerpt":{"rendered":"<p>[vc_row full_width_css=&#8221;stretch_row_css&#8221; el_class=&#8221;about-block title-line pbot tr-leaves&#8221; conditional_render=&#8221;%5B%7B%22value_role%22%3A%22administrator%22%7D%5D&#8221;][vc_column width=&#8221;1\/2&#8243; el_class=&#8221;zitwo&#8221; conditional_render=&#8221;%5B%7B%22value_role%22%3A%22administrator%22%7D%5D&#8221;][vc_single_image image=&#8221;3765&#8243; img_size=&#8221;full&#8221; css=&#8221;&#8221;][\/vc_column][vc_column width=&#8221;1\/2&#8243;][vc_custom_heading text=&#8221;Misyon Beyan\u0131&#8221; font_container=&#8221;tag:h3|text_align:left&#8221; use_theme_fonts=&#8221;yes&#8221; css=&#8221;&#8221;][vc_custom_heading text=&#8221;Toronto Imperial School olarak, d\u00fcnyan\u0131n art\u0131k daha yak\u0131n hale geldi\u011fi ve fiziksel konumun art\u0131k \u00f6\u011frenme i\u00e7in bir engel olmad\u0131\u011f\u0131 ger\u00e7e\u011fini benimsiyoruz.&#8221; font_container=&#8221;tag:h5|text_align:left&#8221; use_theme_fonts=&#8221;yes&#8221; css=&#8221;&#8221;][vc_column_text css_animation=&#8221;none&#8221; css=&#8221;&#8221;]Yenilik\u00e7i teknolojiler ve geli\u015fmi\u015f akademik programlar arac\u0131l\u0131\u011f\u0131yla, \u00f6\u011frencilere e\u015fsiz bir e\u011fitim [&hellip;]<\/p>\n","protected":false},"author":1,"featured_media":0,"parent":3647,"menu_order":0,"comment_status":"closed","ping_status":"closed","template":"","meta":{"footnotes":""},"class_list":["post-3767","page","type-page","status-publish","hentry"],"yoast_head":"<!-- This site is optimized with the Yoast SEO plugin v27.2 - https:\/\/yoast.com\/product\/yoast-seo-wordpress\/ -->\n<title>Misyon Beyan\u0131 - Toronto Imperial School | TIS - Private Canadian school<\/title>\n<meta name=\"description\" content=\"Yenilik\u00e7i teknolojiler ve geli\u015fmi\u015f akademik programlar arac\u0131l\u0131\u011f\u0131yla, \u00f6\u011frencilere e\u015fsiz bir e\u011fitim deneyimi ve prestijli Kanada diplomalar\u0131 kazanma f\u0131rsat\u0131 sunuyoruz.\" \/>\n<meta name=\"robots\" content=\"index, follow, max-snippet:-1, max-image-preview:large, max-video-preview:-1\" \/>\n<link rel=\"canonical\" href=\"https:\/\/torontoimperial.com\/tr\/about-tis\/misyon-beyani\/\" \/>\n<meta property=\"og:locale\" content=\"tr_TR\" \/>\n<meta property=\"og:type\" content=\"article\" \/>\n<meta property=\"og:title\" content=\"Misyon Beyan\u0131 - Toronto Imperial School | TIS - Private Canadian school\" \/>\n<meta property=\"og:description\" content=\"Yenilik\u00e7i teknolojiler ve geli\u015fmi\u015f akademik programlar arac\u0131l\u0131\u011f\u0131yla, \u00f6\u011frencilere e\u015fsiz bir e\u011fitim deneyimi ve prestijli Kanada diplomalar\u0131 kazanma f\u0131rsat\u0131 sunuyoruz.\" \/>\n<meta property=\"og:url\" content=\"https:\/\/torontoimperial.com\/tr\/about-tis\/misyon-beyani\/\" \/>\n<meta property=\"og:site_name\" content=\"Toronto Imperial School | TIS - Private Canadian school\" \/>\n<meta property=\"article:modified_time\" content=\"2026-01-08T11:02:31+00:00\" \/>\n<meta name=\"twitter:card\" content=\"summary_large_image\" \/>\n<meta name=\"twitter:label1\" content=\"Tahmini okuma s\u00fcresi\" \/>\n\t<meta name=\"twitter:data1\" content=\"5 dakika\" \/>\n<script type=\"application\/ld+json\" class=\"yoast-schema-graph\">{\"@context\":\"https:\/\/schema.org\",\"@graph\":[{\"@type\":\"WebPage\",\"@id\":\"https:\/\/torontoimperial.com\/tr\/about-tis\/misyon-beyani\/\",\"url\":\"https:\/\/torontoimperial.com\/tr\/about-tis\/misyon-beyani\/\",\"name\":\"Misyon Beyan\u0131 - Toronto Imperial School | TIS - Private Canadian school\",\"isPartOf\":{\"@id\":\"https:\/\/torontoimperial.com\/tr\/#website\"},\"datePublished\":\"2024-06-26T17:18:00+00:00\",\"dateModified\":\"2026-01-08T11:02:31+00:00\",\"description\":\"Yenilik\u00e7i teknolojiler ve geli\u015fmi\u015f akademik programlar arac\u0131l\u0131\u011f\u0131yla, \u00f6\u011frencilere e\u015fsiz bir e\u011fitim deneyimi ve prestijli Kanada diplomalar\u0131 kazanma f\u0131rsat\u0131 sunuyoruz.\",\"breadcrumb\":{\"@id\":\"https:\/\/torontoimperial.com\/tr\/about-tis\/misyon-beyani\/#breadcrumb\"},\"inLanguage\":\"tr\",\"potentialAction\":[{\"@type\":\"ReadAction\",\"target\":[\"https:\/\/torontoimperial.com\/tr\/about-tis\/misyon-beyani\/\"]}]},{\"@type\":\"BreadcrumbList\",\"@id\":\"https:\/\/torontoimperial.com\/tr\/about-tis\/misyon-beyani\/#breadcrumb\",\"itemListElement\":[{\"@type\":\"ListItem\",\"position\":1,\"name\":\"Home\",\"item\":\"https:\/\/torontoimperial.com\/tr\/ana-sayfa-2\/\"},{\"@type\":\"ListItem\",\"position\":2,\"name\":\"About TIS\",\"item\":\"https:\/\/torontoimperial.com\/tr\/about-tis\/\"},{\"@type\":\"ListItem\",\"position\":3,\"name\":\"Misyon Beyan\u0131\"}]},{\"@type\":\"WebSite\",\"@id\":\"https:\/\/torontoimperial.com\/tr\/#website\",\"url\":\"https:\/\/torontoimperial.com\/tr\/\",\"name\":\"Toronto Imperial School | TIS - Private Canadian school\",\"description\":\"Toronto Imperial School\",\"potentialAction\":[{\"@type\":\"SearchAction\",\"target\":{\"@type\":\"EntryPoint\",\"urlTemplate\":\"https:\/\/torontoimperial.com\/tr\/?s={search_term_string}\"},\"query-input\":{\"@type\":\"PropertyValueSpecification\",\"valueRequired\":true,\"valueName\":\"search_term_string\"}}],\"inLanguage\":\"tr\"}]}<\/script>\n<!-- \/ Yoast SEO plugin. -->","yoast_head_json":{"title":"Misyon Beyan\u0131 - Toronto Imperial School | TIS - Private Canadian school","description":"Yenilik\u00e7i teknolojiler ve geli\u015fmi\u015f akademik programlar arac\u0131l\u0131\u011f\u0131yla, \u00f6\u011frencilere e\u015fsiz bir e\u011fitim deneyimi ve prestijli Kanada diplomalar\u0131 kazanma f\u0131rsat\u0131 sunuyoruz.","robots":{"index":"index","follow":"follow","max-snippet":"max-snippet:-1","max-image-preview":"max-image-preview:large","max-video-preview":"max-video-preview:-1"},"canonical":"https:\/\/torontoimperial.com\/tr\/about-tis\/misyon-beyani\/","og_locale":"tr_TR","og_type":"article","og_title":"Misyon Beyan\u0131 - Toronto Imperial School | TIS - Private Canadian school","og_description":"Yenilik\u00e7i teknolojiler ve geli\u015fmi\u015f akademik programlar arac\u0131l\u0131\u011f\u0131yla, \u00f6\u011frencilere e\u015fsiz bir e\u011fitim deneyimi ve prestijli Kanada diplomalar\u0131 kazanma f\u0131rsat\u0131 sunuyoruz.","og_url":"https:\/\/torontoimperial.com\/tr\/about-tis\/misyon-beyani\/","og_site_name":"Toronto Imperial School | TIS - Private Canadian school","article_modified_time":"2026-01-08T11:02:31+00:00","twitter_card":"summary_large_image","twitter_misc":{"Tahmini okuma s\u00fcresi":"5 dakika"},"schema":{"@context":"https:\/\/schema.org","@graph":[{"@type":"WebPage","@id":"https:\/\/torontoimperial.com\/tr\/about-tis\/misyon-beyani\/","url":"https:\/\/torontoimperial.com\/tr\/about-tis\/misyon-beyani\/","name":"Misyon Beyan\u0131 - Toronto Imperial School | TIS - Private Canadian school","isPartOf":{"@id":"https:\/\/torontoimperial.com\/tr\/#website"},"datePublished":"2024-06-26T17:18:00+00:00","dateModified":"2026-01-08T11:02:31+00:00","description":"Yenilik\u00e7i teknolojiler ve geli\u015fmi\u015f akademik programlar arac\u0131l\u0131\u011f\u0131yla, \u00f6\u011frencilere e\u015fsiz bir e\u011fitim deneyimi ve prestijli Kanada diplomalar\u0131 kazanma f\u0131rsat\u0131 sunuyoruz.","breadcrumb":{"@id":"https:\/\/torontoimperial.com\/tr\/about-tis\/misyon-beyani\/#breadcrumb"},"inLanguage":"tr","potentialAction":[{"@type":"ReadAction","target":["https:\/\/torontoimperial.com\/tr\/about-tis\/misyon-beyani\/"]}]},{"@type":"BreadcrumbList","@id":"https:\/\/torontoimperial.com\/tr\/about-tis\/misyon-beyani\/#breadcrumb","itemListElement":[{"@type":"ListItem","position":1,"name":"Home","item":"https:\/\/torontoimperial.com\/tr\/ana-sayfa-2\/"},{"@type":"ListItem","position":2,"name":"About TIS","item":"https:\/\/torontoimperial.com\/tr\/about-tis\/"},{"@type":"ListItem","position":3,"name":"Misyon Beyan\u0131"}]},{"@type":"WebSite","@id":"https:\/\/torontoimperial.com\/tr\/#website","url":"https:\/\/torontoimperial.com\/tr\/","name":"Toronto Imperial School | TIS - Private Canadian school","description":"Toronto Imperial School","potentialAction":[{"@type":"SearchAction","target":{"@type":"EntryPoint","urlTemplate":"https:\/\/torontoimperial.com\/tr\/?s={search_term_string}"},"query-input":{"@type":"PropertyValueSpecification","valueRequired":true,"valueName":"search_term_string"}}],"inLanguage":"tr"}]}},"_links":{"self":[{"href":"https:\/\/torontoimperial.com\/tr\/wp-json\/wp\/v2\/pages\/3767","targetHints":{"allow":["GET"]}}],"collection":[{"href":"https:\/\/torontoimperial.com\/tr\/wp-json\/wp\/v2\/pages"}],"about":[{"href":"https:\/\/torontoimperial.com\/tr\/wp-json\/wp\/v2\/types\/page"}],"author":[{"embeddable":true,"href":"https:\/\/torontoimperial.com\/tr\/wp-json\/wp\/v2\/users\/1"}],"replies":[{"embeddable":true,"href":"https:\/\/torontoimperial.com\/tr\/wp-json\/wp\/v2\/comments?post=3767"}],"version-history":[{"count":3,"href":"https:\/\/torontoimperial.com\/tr\/wp-json\/wp\/v2\/pages\/3767\/revisions"}],"predecessor-version":[{"id":3770,"href":"https:\/\/torontoimperial.com\/tr\/wp-json\/wp\/v2\/pages\/3767\/revisions\/3770"}],"up":[{"embeddable":true,"href":"https:\/\/torontoimperial.com\/tr\/wp-json\/wp\/v2\/pages\/3647"}],"wp:attachment":[{"href":"https:\/\/torontoimperial.com\/tr\/wp-json\/wp\/v2\/media?parent=3767"}],"curies":[{"name":"wp","href":"https:\/\/api.w.org\/{rel}","templated":true}]}}