{"id":3876,"date":"2024-06-26T20:18:59","date_gmt":"2024-06-26T17:18:59","guid":{"rendered":"https:\/\/torontoimperial.com\/about-tis\/school-policy-documents\/"},"modified":"2026-01-12T18:10:22","modified_gmt":"2026-01-12T15:10:22","slug":"school-policy-documents","status":"publish","type":"page","link":"https:\/\/torontoimperial.com\/tr\/about-tis\/school-policy-documents\/","title":{"rendered":"School Policy Documents"},"content":{"rendered":"<div class=\"wpb-content-wrapper\"><p>[vc_row el_class=&#8221;tr-leaves pbot download-docs&#8221; conditional_render=&#8221;%5B%7B%22value_role%22%3A%22administrator%22%7D%5D&#8221;][vc_column][vc_custom_heading text=&#8221;Policy Documents&#8221; font_container=&#8221;tag:h3|text_align:left&#8221; use_theme_fonts=&#8221;yes&#8221; css=&#8221;&#8221;][vc_custom_heading text=&#8221;Download relevant documents here:&#8221; font_container=&#8221;tag:h5|text_align:left&#8221; use_theme_fonts=&#8221;yes&#8221; css=&#8221;&#8221;][vc_row_inner css=&#8221;.vc_custom_1723461134255{background-color: var(&#8211;porto-light-color) !important;border-radius: 20px !important;}&#8221; el_class=&#8221;doc-block&#8221;][vc_column_inner width=&#8221;3\/4&#8243;][vc_custom_heading text=&#8221;Course Calendar 2024-2025&#8243; font_container=&#8221;tag:h3|font_size:30|text_align:left&#8221; use_theme_fonts=&#8221;yes&#8221; css=&#8221;&#8221;][vc_column_text css=&#8221;&#8221;]Bir okulun akademik teklifleri, gereksinimleri ve politikalar\u0131 hakk\u0131nda ayr\u0131nt\u0131l\u0131 bilgi sa\u011flar.[\/vc_column_text][\/vc_column_inner][vc_column_inner width=&#8221;1\/4&#8243;][vc_btn title=&#8221;\u0130ndir&#8221; style=&#8221;outline&#8221; shape=&#8221;round&#8221; color=&#8221;blue&#8221; size=&#8221;sm&#8221; align=&#8221;right&#8221; css=&#8221;&#8221; link=&#8221;url:%2Fwp-content%2Fuploads%2F2024%2F10%2FCourse-Calendar-2024-2025.pdf|target:_blank|&#8221;][\/vc_column_inner][\/vc_row_inner][vc_row_inner css=&#8221;.vc_custom_1723461134255{background-color: var(&#8211;porto-light-color) !important;border-radius: 20px !important;}&#8221; el_class=&#8221;doc-block&#8221;][vc_column_inner width=&#8221;3\/4&#8243;][vc_custom_heading text=&#8221;TIS Kursu Boyunca Son Teslim Tarihleri ve S\u00fcreler&#8221; font_container=&#8221;tag:h3|font_size:30|text_align:left&#8221; use_theme_fonts=&#8221;yes&#8221; css=&#8221;&#8221;][vc_column_text css=&#8221;&#8221;]T\u00fcm \u00f6devler ve s\u0131navlar i\u00e7in son teslim tarihleri platformda listelenecek ve \u00f6\u011frenciler kurs ba\u015flar ba\u015flamaz kursun beklentilerini g\u00f6r\u00fcnt\u00fcleyebileceklerdir.[\/vc_column_text][\/vc_column_inner][vc_column_inner width=&#8221;1\/4&#8243;][vc_btn title=&#8221;\u0130ndir&#8221; style=&#8221;outline&#8221; shape=&#8221;round&#8221; color=&#8221;blue&#8221; size=&#8221;sm&#8221; align=&#8221;right&#8221; css=&#8221;&#8221; link=&#8221;url:%2Fwp-content%2Fuploads%2F2024%2F08%2FDue-dates-Deadlines-throughout-the-Course-TIS.pdf|target:_blank|&#8221;][\/vc_column_inner][\/vc_row_inner][vc_row_inner css=&#8221;.vc_custom_1723461125914{background-color: var(&#8211;porto-light-color) !important;border-radius: 20px !important;}&#8221; el_class=&#8221;doc-block&#8221;][vc_column_inner width=&#8221;3\/4&#8243;][vc_custom_heading text=&#8221;TIS Toplum Kat\u0131l\u0131m\u0131&#8221; font_container=&#8221;tag:h3|font_size:30|text_align:left&#8221; use_theme_fonts=&#8221;yes&#8221; css=&#8221;&#8221;][vc_column_text css=&#8221;&#8221;]Ontario Lise Diplomas\u0131 alabilmek i\u00e7in Toronto Imperial School \u00f6\u011frencilerinin 40 saatlik g\u00f6n\u00fcll\u00fcl\u00fck faaliyetini tamamlamalar\u0131 gerekmektedir.[\/vc_column_text][\/vc_column_inner][vc_column_inner width=&#8221;1\/4&#8243;][vc_btn title=&#8221;\u0130ndir&#8221; style=&#8221;outline&#8221; shape=&#8221;round&#8221; color=&#8221;blue&#8221; size=&#8221;sm&#8221; align=&#8221;right&#8221; css=&#8221;&#8221; link=&#8221;url:%2Fwp-content%2Fuploads%2F2024%2F08%2FTIS-Community-Involvement.pdf|target:_blank|&#8221;][\/vc_column_inner][\/vc_row_inner][vc_row_inner css=&#8221;.vc_custom_1723461139642{background-color: var(&#8211;porto-light-color) !important;border-radius: 20px !important;}&#8221; el_class=&#8221;doc-block&#8221;][vc_column_inner width=&#8221;3\/4&#8243;][vc_custom_heading text=&#8221;Gizlilik Politikas\u0131&#8221; font_container=&#8221;tag:h3|font_size:30|text_align:left&#8221; use_theme_fonts=&#8221;yes&#8221; css=&#8221;&#8221;][vc_column_text css=&#8221;&#8221;]Bu gizlilik politikas\u0131, Web Sitesini kullan\u0131m\u0131n\u0131zla ilgili olarak taraf\u0131m\u0131zca toplanan veya taraf\u0131n\u0131zca sa\u011flanan t\u00fcm Verilerin kullan\u0131m\u0131m\u0131z i\u00e7in ge\u00e7erlidir.[\/vc_column_text][\/vc_column_inner][vc_column_inner width=&#8221;1\/4&#8243;][vc_btn title=&#8221;\u0130ndir&#8221; style=&#8221;outline&#8221; shape=&#8221;round&#8221; color=&#8221;blue&#8221; size=&#8221;sm&#8221; align=&#8221;right&#8221; css=&#8221;&#8221; link=&#8221;url:https%3A%2F%2Ftorontoimperial.com%2Fwp-content%2Fuploads%2F2024%2F09%2FPrivacy-Policy-for-Toronto-Imperial-School.pdf|target:_blank|&#8221;][\/vc_column_inner][\/vc_row_inner][vc_row_inner css=&#8221;.vc_custom_1723461143770{background-color: var(&#8211;porto-light-color) !important;border-radius: 20px !important;}&#8221; el_class=&#8221;doc-block&#8221;][vc_column_inner width=&#8221;3\/4&#8243;][vc_custom_heading text=&#8221;\u015eartlar ve Ko\u015fullar&#8221; font_container=&#8221;tag:h3|font_size:30|text_align:left&#8221; use_theme_fonts=&#8221;yes&#8221; css=&#8221;&#8221;][vc_column_text css=&#8221;&#8221;]Toronto Imperial School i\u00e7in \u015eartlar ve Ko\u015fullar[\/vc_column_text][\/vc_column_inner][vc_column_inner width=&#8221;1\/4&#8243;][vc_btn title=&#8221;\u0130ndir&#8221; style=&#8221;outline&#8221; shape=&#8221;round&#8221; color=&#8221;blue&#8221; size=&#8221;sm&#8221; align=&#8221;right&#8221; css=&#8221;&#8221; link=&#8221;url:%2Fwp-content%2Fuploads%2F2024%2F07%2FTerms-Conditions.pdf|target:_blank|&#8221;][\/vc_column_inner][\/vc_row_inner][vc_row_inner css=&#8221;.vc_custom_1723461147792{background-color: var(&#8211;porto-light-color) !important;border-radius: 20px !important;}&#8221; el_class=&#8221;doc-block&#8221;][vc_column_inner width=&#8221;3\/4&#8243;][vc_custom_heading text=&#8221;Ortakl\u0131k Onay\u0131&#8221; font_container=&#8221;tag:h3|font_size:30|text_align:left&#8221; use_theme_fonts=&#8221;yes&#8221; css=&#8221;&#8221;][vc_column_text css=&#8221;&#8221;]Toronto Imperial School, STUDY.UA ile kurulan ortakl\u0131\u011f\u0131 onaylamaktan memnuniyet duymaktad\u0131r.[\/vc_column_text][\/vc_column_inner][vc_column_inner width=&#8221;1\/4&#8243;][vc_btn title=&#8221;\u0130ndir&#8221; style=&#8221;outline&#8221; shape=&#8221;round&#8221; color=&#8221;blue&#8221; size=&#8221;sm&#8221; align=&#8221;right&#8221; css=&#8221;&#8221; link=&#8221;url:%2Fwp-content%2Fuploads%2F2024%2F07%2FConfirmation_of_Partnership.pdf|target:_blank|&#8221;][\/vc_column_inner][\/vc_row_inner][vc_row_inner css=&#8221;.vc_custom_1723461147792{background-color: var(&#8211;porto-light-color) !important;border-radius: 20px !important;}&#8221; el_class=&#8221;doc-block&#8221;][vc_column_inner width=&#8221;3\/4&#8243;][vc_custom_heading text=&#8221;Resmi Akademik \u0130tiraz Politikas\u0131&#8221; font_container=&#8221;tag:h3|font_size:30|text_align:left&#8221; use_theme_fonts=&#8221;yes&#8221; css=&#8221;&#8221;][vc_column_text css=&#8221;&#8221;]Ana ama\u00e7, \u00f6\u011frencilere akademik durumlar\u0131n\u0131 veya ilerlemelerini etkileyen kararlar\u0131, \u00e7al\u0131\u015fman\u0131n de\u011feri, ki\u015fisel \u00f6nyarg\u0131 veya adaletsiz muamele, ders y\u00f6netimi ve\/veya hafifletici ko\u015fullar temelinde akademik itiraz gerek\u00e7elerinin kar\u015f\u0131land\u0131\u011f\u0131 durumlarda itiraz etmeleri i\u00e7in adil, zaman\u0131nda ve tutarl\u0131 bir s\u00fcre\u00e7 sa\u011flamakt\u0131r.[\/vc_column_text][\/vc_column_inner][vc_column_inner width=&#8221;1\/4&#8243;][vc_btn title=&#8221;\u0130ndir&#8221; style=&#8221;outline&#8221; shape=&#8221;round&#8221; color=&#8221;blue&#8221; size=&#8221;sm&#8221; align=&#8221;right&#8221; css=&#8221;&#8221; link=&#8221;url:%2Fwp-content%2Fuploads%2F2024%2F08%2FA-Formal-Academic-Appeal-Policy.pdf|target:_blank|&#8221;][\/vc_column_inner][\/vc_row_inner][\/vc_column][vc_column][\/vc_column][vc_column][\/vc_column][\/vc_row][vc_row full_width_css=&#8221;stretch_row_css&#8221; wrap_container=&#8221;yes&#8221; disable_element=&#8221;yes&#8221; el_class=&#8221;br1-leaves&#8221; conditional_render=&#8221;%5B%7B%22value_role%22%3A%22administrator%22%7D%5D&#8221;][vc_column][vc_row_inner css=&#8221;.vc_custom_1723461130305{background-color: var(&#8211;porto-light-color) !important;border-radius: 20px !important;}&#8221; el_class=&#8221;doc-block&#8221;][vc_column_inner width=&#8221;3\/4&#8243;][vc_custom_heading text=&#8221;TIS Kredisini Yeniden Alma&#8221; font_container=&#8221;tag:h3|font_size:30|text_align:left&#8221; use_theme_fonts=&#8221;yes&#8221; css=&#8221;&#8221;][vc_column_text css=&#8221;&#8221;]Krediyi Yeniden Alan \u00d6\u011frenciler i\u00e7in S\u00fcre\u00e7[\/vc_column_text][\/vc_column_inner][vc_column_inner width=&#8221;1\/4&#8243;][vc_btn title=&#8221;\u0130ndir&#8221; style=&#8221;outline&#8221; shape=&#8221;round&#8221; color=&#8221;blue&#8221; size=&#8221;sm&#8221; align=&#8221;right&#8221; css=&#8221;&#8221; link=&#8221;url:%2Fwp-content%2Fuploads%2F2024%2F08%2FRetaking-the-Credit-TIS.pdf|target:_blank|&#8221;][\/vc_column_inner][\/vc_row_inner][\/vc_column][\/vc_row][vc_row][vc_column]<div class=\"porto-block\" data-id=\"4228\"><style>.vc_custom_1721132232614{background-image: url(https:\/\/torontoimperial.com\/wp-content\/uploads\/2024\/07\/pic-2.webp?id=597) !important;background-position: center;background-repeat: no-repeat !important;background-size: cover !important;}<\/style>[vc_row full_width_css=\"stretch_row_css\" parallax=\"content-moving\" parallax_image=\"597\" parallax_speed_bg=\"1.6\" css=\".vc_custom_1721132232614{background-image: url(https:\/\/torontoimperial.com\/wp-content\/uploads\/2024\/07\/pic-2.webp?id=597) !important;background-position: center;background-repeat: no-repeat !important;background-size: cover !important;}\" conditional_render=\"%5B%7B%22value_role%22%3A%22administrator%22%7D%5D\" el_class=\"ptop pbot main-form\"][vc_column][vc_custom_heading text=\"Daha fazla bilgi edinmek mi istiyorsunuz? Bir sorunuz mu var? \" font_container=\"tag:h3|text_align:left|color:%23ffffff\" use_theme_fonts=\"yes\" el_id=\"form_test-block\" css_params=\"\"][vc_custom_heading text=\"Toronto Imperial School ile e\u011fitim f\u0131rsatlar\u0131n\u0131z hakk\u0131nda daha fazla bilgi edinmek mi istiyorsunuz? \u0130leti\u015fim bilgilerinizi doldurunuz, k\u0131sa s\u00fcre i\u00e7inde sizinle ileti\u015fime ge\u00e7ece\u011fiz. \" font_container=\"tag:h5|text_align:left|color:%23ffffff\" use_theme_fonts=\"yes\"][vc_custom_heading text=\"TIS&apos;te nas\u0131l ba\u015far\u0131l\u0131 olabilece\u011finizi g\u00f6r\u00fc\u015fmeyi d\u00f6rt g\u00f6zle bekliyoruz!\" font_container=\"tag:h5|text_align:left|color:%23ffffff\" use_theme_fonts=\"yes\"][vc_raw_html css=\"\" css_params=\"\"]PGZvcm0gaWQ9ImZvcm0iIGNsYXNzPSJmb3JtX25ldyIgbWV0aG9kPSJwb3N0Ij4KCiAgICA8aW5wdXQgY2xhc3M9ImZvcm1fX2lucHV0IiB0eXBlPSJ0ZXh0IiBuYW1lPSJuYW1lIiBwbGFjZWhvbGRlcj0iQWQiIHJlcXVpcmVkPSIiPgogICAgPGlucHV0IGNsYXNzPSJmb3JtX19pbnB1dCB0ZWwiIHR5cGU9InRlbCIgbmFtZT0icGhvbmUxIiBpZD0icGhvbmUiIHBsYWNlaG9sZGVyPSIiIGRhdGEtcGhvbmU9IiIgcmVxdWlyZWQ9IiI+CiAgICA8aW5wdXQgY2xhc3M9ImZvcm1fX2lucHV0IiB0eXBlPSJlbWFpbCIgbmFtZT0iZW1haWwiIHBsYWNlaG9sZGVyPSJFLXBvc3RhIiByZXF1aXJlZD0iIj4KICAgIDxpbnB1dCBjbGFzcz0iZm9ybV9faW5wdXQgIGZvcm1fX2lucHV0LS1nZW8iIHR5cGU9ImhpZGRlbiIgbmFtZT0ibG9jYXRpb24iIHZhbHVlPSIiPgoKICAgIDxpbnB1dCB0eXBlPSJoaWRkZW4iIG5hbWU9ImZvcm1fbmFtZSIgdmFsdWU9IlRJUyBMZWFkIj4KICAgIDxpbnB1dCB0eXBlPSJoaWRkZW4iIG5hbWU9InBpcGVsaW5lIiB2YWx1ZT0iMzk2MDQ0MSI+CiAgICA8aW5wdXQgdHlwZT0iaGlkZGVuIiBuYW1lPSJyZXNwb25zaWJsZSIgdmFsdWU9IjEwNzMwODUyIj4KICAgIDxpbnB1dCB0eXBlPSJoaWRkZW4iIG5hbWU9ImxlYWRfc3RhdHVzIiB2YWx1ZT0iNzMyMDY2OTYiPgogICAgPGlucHV0IHR5cGU9ImhpZGRlbiIgbmFtZT0idGFncyIgdmFsdWU9ImNsaWVudCI+CgogICAgPGlucHV0IHR5cGU9ImhpZGRlbiIgbmFtZT0iZXZlbnQiIHZhbHVlPSJjcmVhdGUiPgogICAgPGlucHV0IHR5cGU9ImhpZGRlbiIgbmFtZT0icGhvbmVfcmVzdWx0IiB2YWx1ZT0iIj4KCgogICAgPGlucHV0IHR5cGU9ImhpZGRlbiIgbmFtZT0idXRtX3NvdXJjZSIgdmFsdWU9IiI+CiAgICA8aW5wdXQgdHlwZT0iaGlkZGVuIiBuYW1lPSJ1dG1fbWVkaXVtIiB2YWx1ZT0iIj4KICAgIDxpbnB1dCB0eXBlPSJoaWRkZW4iIG5hbWU9InV0bV9jYW1wYWlnbiIgdmFsdWU9IiI+CiAgICA8aW5wdXQgdHlwZT0iaGlkZGVuIiBuYW1lPSJ1dG1fY29udGVudCIgdmFsdWU9IiI+CiAgICA8aW5wdXQgdHlwZT0iaGlkZGVuIiBuYW1lPSJ1dG1fdGVybSIgdmFsdWU9IiI+CiAgICA8YnV0dG9uIGNsYXNzPSJmb3JtX19zdWJtaXQgYnV0dG9uIGJ1dHRvbk1haW4gYnRuX3NlbmQgYnRuX21haW4gYnRuX3JlZCIgdHlwZT0ic3VibWl0Ij4KICAgICA8cD5Hw5ZOREVSPC9wPgogICAgPC9idXR0b24+CiAgICA8ZGl2IGNsYXNzPSJjaGVja2JveCI+CiAgICAgPGlucHV0IHR5cGU9ImNoZWNrYm94IiBpZD0ic2NhbGVzIiBuYW1lPSJzY2FsZXMiIHJlcXVpcmVkPSIiIGNoZWNrZWQ+CiAgICAgPGxhYmVsIGZvcj0ic2NhbGVzIj4KIEtpxZ9pc2VsIHZlcmlsZXJpbiBpxZ9sZW5tZXNpIGlsZSBpbGdpbGkgYmlsZ2kgbWV0bmluZSB1eWd1biBvbGFyYWsga2nFn2lzZWwgdmVyaWxlcmltaW4gacWfbGVubWVzaW5pIHZlIGJhbmEgdGljYXJpIG1lc2FqbGFyIGfDtm5kZXJpbG1lc2luaSBrYWJ1bCBlZGl5b3J1bS4KICAgICA8L2xhYmVsPgogICAgPC9kaXY+CiAgIDwvZm9ybT4=[\/vc_raw_html][\/vc_column][\/vc_row]<\/div>[\/vc_column][\/vc_row]<\/p>\n<\/div>","protected":false},"excerpt":{"rendered":"<p>[vc_row el_class=&#8221;tr-leaves pbot download-docs&#8221; conditional_render=&#8221;%5B%7B%22value_role%22%3A%22administrator%22%7D%5D&#8221;][vc_column][vc_custom_heading text=&#8221;Policy Documents&#8221; font_container=&#8221;tag:h3|text_align:left&#8221; use_theme_fonts=&#8221;yes&#8221; css=&#8221;&#8221;][vc_custom_heading text=&#8221;Download relevant documents here:&#8221; font_container=&#8221;tag:h5|text_align:left&#8221; use_theme_fonts=&#8221;yes&#8221; css=&#8221;&#8221;][vc_row_inner css=&#8221;.vc_custom_1723461134255{background-color: var(&#8211;porto-light-color) !important;border-radius: 20px !important;}&#8221; el_class=&#8221;doc-block&#8221;][vc_column_inner width=&#8221;3\/4&#8243;][vc_custom_heading text=&#8221;Course Calendar 2024-2025&#8243; font_container=&#8221;tag:h3|font_size:30|text_align:left&#8221; use_theme_fonts=&#8221;yes&#8221; css=&#8221;&#8221;][vc_column_text css=&#8221;&#8221;]Bir okulun akademik teklifleri, gereksinimleri ve politikalar\u0131 hakk\u0131nda ayr\u0131nt\u0131l\u0131 bilgi sa\u011flar.[\/vc_column_text][\/vc_column_inner][vc_column_inner width=&#8221;1\/4&#8243;][vc_btn title=&#8221;\u0130ndir&#8221; style=&#8221;outline&#8221; shape=&#8221;round&#8221; color=&#8221;blue&#8221; size=&#8221;sm&#8221; align=&#8221;right&#8221; css=&#8221;&#8221; link=&#8221;url:%2Fwp-content%2Fuploads%2F2024%2F10%2FCourse-Calendar-2024-2025.pdf|target:_blank|&#8221;][\/vc_column_inner][\/vc_row_inner][vc_row_inner css=&#8221;.vc_custom_1723461134255{background-color: var(&#8211;porto-light-color) !important;border-radius: 20px !important;}&#8221; [&hellip;]<\/p>\n","protected":false},"author":1,"featured_media":0,"parent":3647,"menu_order":0,"comment_status":"closed","ping_status":"closed","template":"","meta":{"footnotes":""},"class_list":["post-3876","page","type-page","status-publish","hentry"],"yoast_head":"<!-- This site is optimized with the Yoast SEO plugin v27.2 - https:\/\/yoast.com\/product\/yoast-seo-wordpress\/ -->\n<title>School Policy Documents - Toronto Imperial School | TIS - Private Canadian school<\/title>\n<meta name=\"description\" content=\"Bir okulun akademik teklifleri, gereksinimleri ve politikalar\u0131 hakk\u0131nda ayr\u0131nt\u0131l\u0131 bilgi sa\u011flar.\" \/>\n<meta name=\"robots\" content=\"index, follow, max-snippet:-1, max-image-preview:large, max-video-preview:-1\" \/>\n<link rel=\"canonical\" href=\"https:\/\/torontoimperial.com\/tr\/about-tis\/school-policy-documents\/\" \/>\n<meta property=\"og:locale\" content=\"tr_TR\" \/>\n<meta property=\"og:type\" content=\"article\" \/>\n<meta property=\"og:title\" content=\"School Policy Documents - Toronto Imperial School | TIS - Private Canadian school\" \/>\n<meta property=\"og:description\" content=\"Bir okulun akademik teklifleri, gereksinimleri ve politikalar\u0131 hakk\u0131nda ayr\u0131nt\u0131l\u0131 bilgi sa\u011flar.\" \/>\n<meta property=\"og:url\" content=\"https:\/\/torontoimperial.com\/tr\/about-tis\/school-policy-documents\/\" \/>\n<meta property=\"og:site_name\" content=\"Toronto Imperial School | TIS - Private Canadian school\" \/>\n<meta property=\"article:modified_time\" content=\"2026-01-12T15:10:22+00:00\" \/>\n<meta name=\"twitter:card\" content=\"summary_large_image\" \/>\n<meta name=\"twitter:label1\" content=\"Tahmini okuma s\u00fcresi\" \/>\n\t<meta name=\"twitter:data1\" content=\"5 dakika\" \/>\n<script type=\"application\/ld+json\" class=\"yoast-schema-graph\">{\"@context\":\"https:\/\/schema.org\",\"@graph\":[{\"@type\":\"WebPage\",\"@id\":\"https:\/\/torontoimperial.com\/tr\/about-tis\/school-policy-documents\/\",\"url\":\"https:\/\/torontoimperial.com\/tr\/about-tis\/school-policy-documents\/\",\"name\":\"School Policy Documents - Toronto Imperial School | TIS - Private Canadian school\",\"isPartOf\":{\"@id\":\"https:\/\/torontoimperial.com\/tr\/#website\"},\"datePublished\":\"2024-06-26T17:18:59+00:00\",\"dateModified\":\"2026-01-12T15:10:22+00:00\",\"description\":\"Bir okulun akademik teklifleri, gereksinimleri ve politikalar\u0131 hakk\u0131nda ayr\u0131nt\u0131l\u0131 bilgi sa\u011flar.\",\"breadcrumb\":{\"@id\":\"https:\/\/torontoimperial.com\/tr\/about-tis\/school-policy-documents\/#breadcrumb\"},\"inLanguage\":\"tr\",\"potentialAction\":[{\"@type\":\"ReadAction\",\"target\":[\"https:\/\/torontoimperial.com\/tr\/about-tis\/school-policy-documents\/\"]}]},{\"@type\":\"BreadcrumbList\",\"@id\":\"https:\/\/torontoimperial.com\/tr\/about-tis\/school-policy-documents\/#breadcrumb\",\"itemListElement\":[{\"@type\":\"ListItem\",\"position\":1,\"name\":\"Home\",\"item\":\"https:\/\/torontoimperial.com\/tr\/ana-sayfa-2\/\"},{\"@type\":\"ListItem\",\"position\":2,\"name\":\"About TIS\",\"item\":\"https:\/\/torontoimperial.com\/tr\/about-tis\/\"},{\"@type\":\"ListItem\",\"position\":3,\"name\":\"School Policy Documents\"}]},{\"@type\":\"WebSite\",\"@id\":\"https:\/\/torontoimperial.com\/tr\/#website\",\"url\":\"https:\/\/torontoimperial.com\/tr\/\",\"name\":\"Toronto Imperial School | TIS - Private Canadian school\",\"description\":\"Toronto Imperial School\",\"potentialAction\":[{\"@type\":\"SearchAction\",\"target\":{\"@type\":\"EntryPoint\",\"urlTemplate\":\"https:\/\/torontoimperial.com\/tr\/?s={search_term_string}\"},\"query-input\":{\"@type\":\"PropertyValueSpecification\",\"valueRequired\":true,\"valueName\":\"search_term_string\"}}],\"inLanguage\":\"tr\"}]}<\/script>\n<!-- \/ Yoast SEO plugin. -->","yoast_head_json":{"title":"School Policy Documents - Toronto Imperial School | TIS - Private Canadian school","description":"Bir okulun akademik teklifleri, gereksinimleri ve politikalar\u0131 hakk\u0131nda ayr\u0131nt\u0131l\u0131 bilgi sa\u011flar.","robots":{"index":"index","follow":"follow","max-snippet":"max-snippet:-1","max-image-preview":"max-image-preview:large","max-video-preview":"max-video-preview:-1"},"canonical":"https:\/\/torontoimperial.com\/tr\/about-tis\/school-policy-documents\/","og_locale":"tr_TR","og_type":"article","og_title":"School Policy Documents - Toronto Imperial School | TIS - Private Canadian school","og_description":"Bir okulun akademik teklifleri, gereksinimleri ve politikalar\u0131 hakk\u0131nda ayr\u0131nt\u0131l\u0131 bilgi sa\u011flar.","og_url":"https:\/\/torontoimperial.com\/tr\/about-tis\/school-policy-documents\/","og_site_name":"Toronto Imperial School | TIS - Private Canadian school","article_modified_time":"2026-01-12T15:10:22+00:00","twitter_card":"summary_large_image","twitter_misc":{"Tahmini okuma s\u00fcresi":"5 dakika"},"schema":{"@context":"https:\/\/schema.org","@graph":[{"@type":"WebPage","@id":"https:\/\/torontoimperial.com\/tr\/about-tis\/school-policy-documents\/","url":"https:\/\/torontoimperial.com\/tr\/about-tis\/school-policy-documents\/","name":"School Policy Documents - Toronto Imperial School | TIS - Private Canadian school","isPartOf":{"@id":"https:\/\/torontoimperial.com\/tr\/#website"},"datePublished":"2024-06-26T17:18:59+00:00","dateModified":"2026-01-12T15:10:22+00:00","description":"Bir okulun akademik teklifleri, gereksinimleri ve politikalar\u0131 hakk\u0131nda ayr\u0131nt\u0131l\u0131 bilgi sa\u011flar.","breadcrumb":{"@id":"https:\/\/torontoimperial.com\/tr\/about-tis\/school-policy-documents\/#breadcrumb"},"inLanguage":"tr","potentialAction":[{"@type":"ReadAction","target":["https:\/\/torontoimperial.com\/tr\/about-tis\/school-policy-documents\/"]}]},{"@type":"BreadcrumbList","@id":"https:\/\/torontoimperial.com\/tr\/about-tis\/school-policy-documents\/#breadcrumb","itemListElement":[{"@type":"ListItem","position":1,"name":"Home","item":"https:\/\/torontoimperial.com\/tr\/ana-sayfa-2\/"},{"@type":"ListItem","position":2,"name":"About TIS","item":"https:\/\/torontoimperial.com\/tr\/about-tis\/"},{"@type":"ListItem","position":3,"name":"School Policy Documents"}]},{"@type":"WebSite","@id":"https:\/\/torontoimperial.com\/tr\/#website","url":"https:\/\/torontoimperial.com\/tr\/","name":"Toronto Imperial School | TIS - Private Canadian school","description":"Toronto Imperial School","potentialAction":[{"@type":"SearchAction","target":{"@type":"EntryPoint","urlTemplate":"https:\/\/torontoimperial.com\/tr\/?s={search_term_string}"},"query-input":{"@type":"PropertyValueSpecification","valueRequired":true,"valueName":"search_term_string"}}],"inLanguage":"tr"}]}},"_links":{"self":[{"href":"https:\/\/torontoimperial.com\/tr\/wp-json\/wp\/v2\/pages\/3876","targetHints":{"allow":["GET"]}}],"collection":[{"href":"https:\/\/torontoimperial.com\/tr\/wp-json\/wp\/v2\/pages"}],"about":[{"href":"https:\/\/torontoimperial.com\/tr\/wp-json\/wp\/v2\/types\/page"}],"author":[{"embeddable":true,"href":"https:\/\/torontoimperial.com\/tr\/wp-json\/wp\/v2\/users\/1"}],"replies":[{"embeddable":true,"href":"https:\/\/torontoimperial.com\/tr\/wp-json\/wp\/v2\/comments?post=3876"}],"version-history":[{"count":2,"href":"https:\/\/torontoimperial.com\/tr\/wp-json\/wp\/v2\/pages\/3876\/revisions"}],"predecessor-version":[{"id":3878,"href":"https:\/\/torontoimperial.com\/tr\/wp-json\/wp\/v2\/pages\/3876\/revisions\/3878"}],"up":[{"embeddable":true,"href":"https:\/\/torontoimperial.com\/tr\/wp-json\/wp\/v2\/pages\/3647"}],"wp:attachment":[{"href":"https:\/\/torontoimperial.com\/tr\/wp-json\/wp\/v2\/media?parent=3876"}],"curies":[{"name":"wp","href":"https:\/\/api.w.org\/{rel}","templated":true}]}}