{"id":3892,"date":"2024-06-26T20:25:10","date_gmt":"2024-06-26T17:25:10","guid":{"rendered":"https:\/\/torontoimperial.com\/basvuru\/"},"modified":"2026-01-12T21:59:28","modified_gmt":"2026-01-12T18:59:28","slug":"basvuru","status":"publish","type":"page","link":"https:\/\/torontoimperial.com\/tr\/basvuru\/","title":{"rendered":"Ba\u015fvuru"},"content":{"rendered":"<div class=\"wpb-content-wrapper\"><p>[vc_row conditional_render=&#8221;%5B%7B%22value_role%22%3A%22administrator%22%7D%5D&#8221; el_class=&#8221;pbot tr-leaves first-page-alt&#8221;][vc_column width=&#8221;1\/2&#8243;][vc_custom_heading text=&#8221;Ba\u015fvuru&#8221; font_container=&#8221;tag:h3|text_align:left&#8221; use_theme_fonts=&#8221;yes&#8221; css=&#8221;&#8221;][vc_custom_heading text=&#8221;7-12. s\u0131n\u0131f programlar\u0131m\u0131za kaydolmak isteyen \u00f6\u011frencileri memnuniyetle kar\u015f\u0131l\u0131yoruz.&#8221; font_container=&#8221;tag:h5|text_align:left&#8221; use_theme_fonts=&#8221;yes&#8221; css=&#8221;&#8221;][vc_single_image image=&#8221;3888&#8243; img_size=&#8221;full&#8221; alignment=&#8221;right&#8221; css=&#8221;&#8221; el_class=&#8221;t-dnone&#8221;][vc_column_text css_animation=&#8221;none&#8221; css=&#8221;&#8221;]Ba\u015fvuru s\u00fcrecimiz boyunca, Toronto Imperial School&#8217;un b\u00fcy\u00fcme ve geli\u015fimleri i\u00e7in ideal ortam oldu\u011fundan emin olmak amac\u0131yla her ba\u015fvuru sahibinin hem akademik hem de sosyal karakterini de\u011ferlendiriyoruz.<\/p>\n<p>\u00d6\u011frenci toplulu\u011fumuz gurur kayna\u011f\u0131m\u0131zd\u0131r. Ontario&#8217;dan ve d\u00fcnyan\u0131n her yerinden farkl\u0131 ge\u00e7mi\u015flere ve deneyimlere sahip \u00f6\u011frencileri ba\u015fvuru yapmaya te\u015fvik ediyoruz. <\/p>\n<p>\u00d6\u011frenciler kabul edilebilmek i\u00e7in \u0130ngilizce seviyesi giri\u015f gereksinimlerini kar\u015f\u0131lamal\u0131d\u0131r.[\/vc_column_text][vc_btn title=&#8221;G\u00f6r\u00fc\u015fme ayarlay\u0131n&#8221; color=&#8221;danger&#8221; css=&#8221;&#8221; link=&#8221;url:%23|&#8221; el_class=&#8221;book-call-modal&#8221;][\/vc_column][vc_column width=&#8221;1\/2&#8243;][vc_single_image image=&#8221;3888&#8243; img_size=&#8221;full&#8221; alignment=&#8221;right&#8221; css=&#8221;&#8221; el_class=&#8221;m-dnone&#8221;][\/vc_column][\/vc_row][vc_row conditional_render=&#8221;%5B%7B%22value_role%22%3A%22administrator%22%7D%5D&#8221; el_class=&#8221;mhf4u-block admission-table&#8221;][vc_column][vc_custom_heading text=&#8221;Programa g\u00f6re \u0130ngilizce seviyesi giri\u015f gereksinimleri&#8221; font_container=&#8221;tag:h3|font_size:30|text_align:center&#8221; use_theme_fonts=&#8221;yes&#8221; css=&#8221;&#8221;][vc_column_text css=&#8221;&#8221;]<\/p>\n<table>\n<thead>\n<tr>\n<td style=\"text-align: center;\">\n<h3>Program<\/h3>\n<\/td>\n<td style=\"text-align: center;\">\n<h3>S\u0131n\u0131f<\/h3>\n<\/td>\n<td style=\"text-align: center;\">\n<h3>\u0130ngilizce Seviyesi<\/h3>\n<\/td>\n<\/tr>\n<\/thead>\n<tbody>\n<tr>\n<td style=\"text-align: center;\">OSSD \u0130kili Diploma<\/td>\n<td style=\"text-align: center;\">10 &#8211; 12<\/td>\n<td style=\"text-align: center;\">B2 (\u00dcst Orta)<\/td>\n<\/tr>\n<tr>\n<td style=\"text-align: center;\">Haz\u0131rl\u0131k Kurslar\u0131<\/td>\n<td style=\"text-align: center;\">8 &#8211; 10<\/td>\n<td style=\"text-align: center;\">B1 (Orta)<\/td>\n<\/tr>\n<tr>\n<td style=\"text-align: center;\">ESL kursu<\/td>\n<td style=\"text-align: center;\">7 \u2013 12<\/td>\n<td style=\"text-align: center;\"><span style=\"font-weight: 400;\">A2 (Orta \u00d6ncesi)<\/span><\/td>\n<\/tr>\n<\/tbody>\n<\/table>\n<p>[\/vc_column_text][\/vc_column][\/vc_row][vc_row full_width_css=&#8221;stretch_row_css&#8221; el_class=&#8221;ptop br1-leaves pbot row-info&#8221; conditional_render=&#8221;%5B%7B%22value_role%22%3A%22administrator%22%7D%5D&#8221;][vc_column][vc_custom_heading text=&#8221;Her ge\u00e7mi\u015ften \u00f6\u011frenciyi<br \/>ba\u015fvuru yapmaya te\u015fvik ediyoruz&#8221; font_container=&#8221;tag:h3|text_align:left&#8221; use_theme_fonts=&#8221;yes&#8221; css=&#8221;&#8221;][vc_row_inner][vc_column_inner width=&#8221;1\/3&#8243;][vc_single_image image=&#8221;3889&#8243; img_size=&#8221;full&#8221; alignment=&#8221;center&#8221; css=&#8221;&#8221;][vc_custom_heading text=&#8221;Uluslararas\u0131 \u00f6\u011frenciler&#8221; font_container=&#8221;tag:h3|font_size:30|text_align:left&#8221; use_theme_fonts=&#8221;yes&#8221; css=&#8221;&#8221;][vc_column_text css=&#8221;&#8221;]Kanada d\u0131\u015f\u0131ndan \u00f6\u011frenci kabul etmek, toplulu\u011fumuzun Kanada akrediteli diplomalara eri\u015fimi olmayan co\u011frafi b\u00f6lgelerden inan\u0131lmaz ve yenilik\u00e7i yeteneklere ev sahipli\u011fi yapmas\u0131n\u0131 sa\u011flar. Ba\u015fvuru s\u00fcrecimiz t\u00fcm ba\u015fvuru sahipleri i\u00e7in ayn\u0131d\u0131r &#8211; milliyet veya vatanda\u015fl\u0131k fark etmeksizin. <br \/>\n[\/vc_column_text][vc_btn title=&#8221;Daha fazla bilgi edinin&#8221; color=&#8221;primary&#8221; css=&#8221;&#8221; link=&#8221;url:https%3A%2F%2Ftorontoimperial.com%2Fadmission%2Finterntational-students%2F|&#8221; animation_type=&#8221;bounceIn&#8221;][\/vc_column_inner][vc_column_inner width=&#8221;1\/3&#8243;][vc_single_image image=&#8221;3890&#8243; img_size=&#8221;full&#8221; alignment=&#8221;center&#8221; css=&#8221;&#8221;][vc_custom_heading text=&#8221;Evde e\u011fitim alan \u00f6\u011frenciler&#8221; font_container=&#8221;tag:h3|font_size:30|text_align:left&#8221; use_theme_fonts=&#8221;yes&#8221; css=&#8221;&#8221;][vc_column_text css=&#8221;&#8221;]\u00d6\u011frencilerin \u00e7e\u015fitli \u00f6\u011frenme stillerine ve h\u0131zlar\u0131na uyum sa\u011flamak i\u00e7in \u00e7evrimi\u00e7i kurslar\u0131m\u0131zda tutarl\u0131l\u0131\u011f\u0131 sa\u011flamak amac\u0131yla evde e\u011fitim veren ailelerle i\u015fbirli\u011fi yap\u0131yoruz. \u00d6\u011frenme deneyimlerimizi her \u00f6\u011frencinin benzersiz ihtiya\u00e7 ve tercihlerine uyacak \u015fekilde d\u00fczenleyerek ba\u015far\u0131l\u0131 olmalar\u0131n\u0131 ve en iyi performanslar\u0131n\u0131 g\u00f6stermelerini sa\u011fl\u0131yoruz. <br \/>\n[\/vc_column_text][vc_btn title=&#8221;Daha fazla bilgi edinin&#8221; color=&#8221;primary&#8221; css=&#8221;.vc_custom_1729597197967{margin-top: 28px !important;}&#8221; link=&#8221;url:https%3A%2F%2Ftorontoimperial.com%2Fadmission%2Fadmission-for-locals%2F|&#8221; animation_type=&#8221;bounceIn&#8221;][\/vc_column_inner][vc_column_inner width=&#8221;1\/3&#8243;][vc_single_image image=&#8221;3891&#8243; img_size=&#8221;full&#8221; alignment=&#8221;center&#8221; css=&#8221;&#8221;][vc_custom_heading text=&#8221;Kanada&apos;daki y\u00fcz y\u00fcze \u00f6\u011frenciler&#8221; font_container=&#8221;tag:h3|font_size:30px|text_align:left&#8221; use_theme_fonts=&#8221;yes&#8221; css=&#8221;&#8221;][vc_column_text css=&#8221;&#8221;]\u00c7evrimi\u00e7i \u00e7al\u0131\u015fma se\u00e7enekleriyle ilgilenen Kanada genelindeki ba\u015fvuru sahiplerini davet ediyoruz. Yerinde e\u011fitim herkes i\u00e7in ideal de\u011fildir; esnek, ba\u011f\u0131ms\u0131zl\u0131\u011f\u0131 te\u015fvik eden, kendi h\u0131z\u0131nda \u00f6\u011frenmeyi destekleyen ve ki\u015fiselle\u015ftirilmi\u015f \u00e7al\u0131\u015fma ortamlar\u0131n\u0131 geli\u015ftiren y\u00fcksek kaliteli e\u011fitim sunuyoruz. [\/vc_column_text][\/vc_column_inner][\/vc_row_inner][vc_row_inner disable_element=&#8221;yes&#8221;][vc_column_inner width=&#8221;1\/3&#8243;][vc_single_image image=&#8221;3891&#8243; img_size=&#8221;full&#8221; alignment=&#8221;center&#8221; css=&#8221;&#8221;][vc_custom_heading text=&#8221;Kanada&apos;daki y\u00fcz y\u00fcze \u00f6\u011frenciler&#8221; font_container=&#8221;tag:h3|font_size:30px|text_align:left&#8221; use_theme_fonts=&#8221;yes&#8221; css=&#8221;&#8221;][vc_column_text css=&#8221;&#8221;]\u00c7evrimi\u00e7i \u00e7al\u0131\u015fma se\u00e7enekleriyle ilgilenen Kanada genelindeki ba\u015fvuru sahiplerini davet ediyoruz. Yerinde e\u011fitim herkes i\u00e7in ideal de\u011fildir; esnek, ba\u011f\u0131ms\u0131zl\u0131\u011f\u0131 te\u015fvik eden, kendi h\u0131z\u0131nda \u00f6\u011frenmeyi destekleyen ve ki\u015fiselle\u015ftirilmi\u015f \u00e7al\u0131\u015fma ortamlar\u0131n\u0131 geli\u015ftiren y\u00fcksek kaliteli e\u011fitim sunuyoruz. [\/vc_column_text][vc_btn title=&#8221;Daha fazla bilgi edinin&#8221; color=&#8221;primary&#8221; css=&#8221;&#8221; link=&#8221;url:%2Fenroll-now%2Fadmission%2Fout-of-province-students%2F|&#8221; animation_type=&#8221;bounceIn&#8221;][\/vc_column_inner][vc_column_inner width=&#8221;1\/3&#8243;][vc_single_image image=&#8221;3890&#8243; img_size=&#8221;full&#8221; alignment=&#8221;center&#8221; css=&#8221;&#8221;][vc_custom_heading text=&#8221;Evde e\u011fitim alan \u00f6\u011frenciler&#8221; font_container=&#8221;tag:h3|font_size:30|text_align:left&#8221; use_theme_fonts=&#8221;yes&#8221; css=&#8221;&#8221;][vc_column_text css=&#8221;&#8221;]\u00d6\u011frencilerin \u00e7e\u015fitli \u00f6\u011frenme stillerine ve h\u0131zlar\u0131na uyum sa\u011flamak i\u00e7in \u00e7evrimi\u00e7i kurslar\u0131m\u0131zda tutarl\u0131l\u0131\u011f\u0131 sa\u011flamak amac\u0131yla evde e\u011fitim veren ailelerle i\u015fbirli\u011fi yap\u0131yoruz. \u00d6\u011frenme deneyimlerimizi her \u00f6\u011frencinin benzersiz ihtiya\u00e7 ve tercihlerine uyacak \u015fekilde d\u00fczenleyerek ba\u015far\u0131l\u0131 olmalar\u0131n\u0131 ve en iyi performanslar\u0131n\u0131 g\u00f6stermelerini sa\u011fl\u0131yoruz. <br \/>\n[\/vc_column_text][vc_btn title=&#8221;Daha fazla bilgi edinin&#8221; color=&#8221;primary&#8221; css=&#8221;&#8221; link=&#8221;url:%2Fenroll-now%2Fadmission%2Fhomeschool-students%2F|&#8221; animation_type=&#8221;bounceIn&#8221;][\/vc_column_inner][vc_column_inner width=&#8221;1\/3&#8243;][vc_single_image image=&#8221;3889&#8243; img_size=&#8221;full&#8221; alignment=&#8221;center&#8221; css=&#8221;&#8221;][vc_custom_heading text=&#8221;Uluslararas\u0131 \u00f6\u011frenciler&#8221; font_container=&#8221;tag:h3|font_size:30|text_align:left&#8221; use_theme_fonts=&#8221;yes&#8221; css=&#8221;&#8221;][vc_column_text css=&#8221;&#8221;]Kanada d\u0131\u015f\u0131ndan \u00f6\u011frenci kabul etmek, toplulu\u011fumuzun Kanada akrediteli diplomalara eri\u015fimi olmayan co\u011frafi b\u00f6lgelerden inan\u0131lmaz ve yenilik\u00e7i yeteneklere ev sahipli\u011fi yapmas\u0131n\u0131 sa\u011flar. Ba\u015fvuru s\u00fcrecimiz t\u00fcm ba\u015fvuru sahipleri i\u00e7in ayn\u0131d\u0131r &#8211; milliyet veya vatanda\u015fl\u0131k fark etmeksizin. <br \/>\n[\/vc_column_text][vc_btn title=&#8221;Daha fazla bilgi edinin&#8221; color=&#8221;primary&#8221; css=&#8221;&#8221; link=&#8221;url:%2Fenroll-now%2Fadmission%2Finterntational-students%2F|&#8221; animation_type=&#8221;bounceIn&#8221;][\/vc_column_inner][\/vc_row_inner][\/vc_column][\/vc_row][vc_row][vc_column]<div class=\"porto-block\" data-id=\"4228\"><style>.vc_custom_1721132232614{background-image: url(https:\/\/torontoimperial.com\/wp-content\/uploads\/2024\/07\/pic-2.webp?id=597) !important;background-position: center;background-repeat: no-repeat !important;background-size: cover !important;}<\/style>[vc_row full_width_css=\"stretch_row_css\" parallax=\"content-moving\" parallax_image=\"597\" parallax_speed_bg=\"1.6\" css=\".vc_custom_1721132232614{background-image: url(https:\/\/torontoimperial.com\/wp-content\/uploads\/2024\/07\/pic-2.webp?id=597) !important;background-position: center;background-repeat: no-repeat !important;background-size: cover !important;}\" conditional_render=\"%5B%7B%22value_role%22%3A%22administrator%22%7D%5D\" el_class=\"ptop pbot main-form\"][vc_column][vc_custom_heading text=\"Daha fazla bilgi edinmek mi istiyorsunuz? Bir sorunuz mu var? \" font_container=\"tag:h3|text_align:left|color:%23ffffff\" use_theme_fonts=\"yes\" el_id=\"form_test-block\" css_params=\"\"][vc_custom_heading text=\"Toronto Imperial School ile e\u011fitim f\u0131rsatlar\u0131n\u0131z hakk\u0131nda daha fazla bilgi edinmek mi istiyorsunuz? \u0130leti\u015fim bilgilerinizi doldurunuz, k\u0131sa s\u00fcre i\u00e7inde sizinle ileti\u015fime ge\u00e7ece\u011fiz. \" font_container=\"tag:h5|text_align:left|color:%23ffffff\" use_theme_fonts=\"yes\"][vc_custom_heading text=\"TIS&apos;te nas\u0131l ba\u015far\u0131l\u0131 olabilece\u011finizi g\u00f6r\u00fc\u015fmeyi d\u00f6rt g\u00f6zle bekliyoruz!\" font_container=\"tag:h5|text_align:left|color:%23ffffff\" use_theme_fonts=\"yes\"][vc_raw_html css=\"\" css_params=\"\"]PGZvcm0gaWQ9ImZvcm0iIGNsYXNzPSJmb3JtX25ldyIgbWV0aG9kPSJwb3N0Ij4KCiAgICA8aW5wdXQgY2xhc3M9ImZvcm1fX2lucHV0IiB0eXBlPSJ0ZXh0IiBuYW1lPSJuYW1lIiBwbGFjZWhvbGRlcj0iQWQiIHJlcXVpcmVkPSIiPgogICAgPGlucHV0IGNsYXNzPSJmb3JtX19pbnB1dCB0ZWwiIHR5cGU9InRlbCIgbmFtZT0icGhvbmUxIiBpZD0icGhvbmUiIHBsYWNlaG9sZGVyPSIiIGRhdGEtcGhvbmU9IiIgcmVxdWlyZWQ9IiI+CiAgICA8aW5wdXQgY2xhc3M9ImZvcm1fX2lucHV0IiB0eXBlPSJlbWFpbCIgbmFtZT0iZW1haWwiIHBsYWNlaG9sZGVyPSJFLXBvc3RhIiByZXF1aXJlZD0iIj4KICAgIDxpbnB1dCBjbGFzcz0iZm9ybV9faW5wdXQgIGZvcm1fX2lucHV0LS1nZW8iIHR5cGU9ImhpZGRlbiIgbmFtZT0ibG9jYXRpb24iIHZhbHVlPSIiPgoKICAgIDxpbnB1dCB0eXBlPSJoaWRkZW4iIG5hbWU9ImZvcm1fbmFtZSIgdmFsdWU9IlRJUyBMZWFkIj4KICAgIDxpbnB1dCB0eXBlPSJoaWRkZW4iIG5hbWU9InBpcGVsaW5lIiB2YWx1ZT0iMzk2MDQ0MSI+CiAgICA8aW5wdXQgdHlwZT0iaGlkZGVuIiBuYW1lPSJyZXNwb25zaWJsZSIgdmFsdWU9IjEwNzMwODUyIj4KICAgIDxpbnB1dCB0eXBlPSJoaWRkZW4iIG5hbWU9ImxlYWRfc3RhdHVzIiB2YWx1ZT0iNzMyMDY2OTYiPgogICAgPGlucHV0IHR5cGU9ImhpZGRlbiIgbmFtZT0idGFncyIgdmFsdWU9ImNsaWVudCI+CgogICAgPGlucHV0IHR5cGU9ImhpZGRlbiIgbmFtZT0iZXZlbnQiIHZhbHVlPSJjcmVhdGUiPgogICAgPGlucHV0IHR5cGU9ImhpZGRlbiIgbmFtZT0icGhvbmVfcmVzdWx0IiB2YWx1ZT0iIj4KCgogICAgPGlucHV0IHR5cGU9ImhpZGRlbiIgbmFtZT0idXRtX3NvdXJjZSIgdmFsdWU9IiI+CiAgICA8aW5wdXQgdHlwZT0iaGlkZGVuIiBuYW1lPSJ1dG1fbWVkaXVtIiB2YWx1ZT0iIj4KICAgIDxpbnB1dCB0eXBlPSJoaWRkZW4iIG5hbWU9InV0bV9jYW1wYWlnbiIgdmFsdWU9IiI+CiAgICA8aW5wdXQgdHlwZT0iaGlkZGVuIiBuYW1lPSJ1dG1fY29udGVudCIgdmFsdWU9IiI+CiAgICA8aW5wdXQgdHlwZT0iaGlkZGVuIiBuYW1lPSJ1dG1fdGVybSIgdmFsdWU9IiI+CiAgICA8YnV0dG9uIGNsYXNzPSJmb3JtX19zdWJtaXQgYnV0dG9uIGJ1dHRvbk1haW4gYnRuX3NlbmQgYnRuX21haW4gYnRuX3JlZCIgdHlwZT0ic3VibWl0Ij4KICAgICA8cD5Hw5ZOREVSPC9wPgogICAgPC9idXR0b24+CiAgICA8ZGl2IGNsYXNzPSJjaGVja2JveCI+CiAgICAgPGlucHV0IHR5cGU9ImNoZWNrYm94IiBpZD0ic2NhbGVzIiBuYW1lPSJzY2FsZXMiIHJlcXVpcmVkPSIiIGNoZWNrZWQ+CiAgICAgPGxhYmVsIGZvcj0ic2NhbGVzIj4KIEtpxZ9pc2VsIHZlcmlsZXJpbiBpxZ9sZW5tZXNpIGlsZSBpbGdpbGkgYmlsZ2kgbWV0bmluZSB1eWd1biBvbGFyYWsga2nFn2lzZWwgdmVyaWxlcmltaW4gacWfbGVubWVzaW5pIHZlIGJhbmEgdGljYXJpIG1lc2FqbGFyIGfDtm5kZXJpbG1lc2luaSBrYWJ1bCBlZGl5b3J1bS4KICAgICA8L2xhYmVsPgogICAgPC9kaXY+CiAgIDwvZm9ybT4=[\/vc_raw_html][\/vc_column][\/vc_row]<\/div>[\/vc_column][\/vc_row]<\/p>\n<\/div>","protected":false},"excerpt":{"rendered":"<p>[vc_row conditional_render=&#8221;%5B%7B%22value_role%22%3A%22administrator%22%7D%5D&#8221; el_class=&#8221;pbot tr-leaves first-page-alt&#8221;][vc_column width=&#8221;1\/2&#8243;][vc_custom_heading text=&#8221;Ba\u015fvuru&#8221; font_container=&#8221;tag:h3|text_align:left&#8221; use_theme_fonts=&#8221;yes&#8221; css=&#8221;&#8221;][vc_custom_heading text=&#8221;7-12. s\u0131n\u0131f programlar\u0131m\u0131za kaydolmak isteyen \u00f6\u011frencileri memnuniyetle kar\u015f\u0131l\u0131yoruz.&#8221; font_container=&#8221;tag:h5|text_align:left&#8221; use_theme_fonts=&#8221;yes&#8221; css=&#8221;&#8221;][vc_single_image image=&#8221;3888&#8243; img_size=&#8221;full&#8221; alignment=&#8221;right&#8221; css=&#8221;&#8221; el_class=&#8221;t-dnone&#8221;][vc_column_text css_animation=&#8221;none&#8221; css=&#8221;&#8221;]Ba\u015fvuru s\u00fcrecimiz boyunca, Toronto Imperial School&#8217;un b\u00fcy\u00fcme ve geli\u015fimleri i\u00e7in ideal ortam oldu\u011fundan emin olmak amac\u0131yla her ba\u015fvuru sahibinin hem akademik hem de sosyal karakterini de\u011ferlendiriyoruz. \u00d6\u011frenci toplulu\u011fumuz [&hellip;]<\/p>\n","protected":false},"author":1,"featured_media":0,"parent":0,"menu_order":0,"comment_status":"closed","ping_status":"closed","template":"","meta":{"footnotes":""},"class_list":["post-3892","page","type-page","status-publish","hentry"],"yoast_head":"<!-- This site is optimized with the Yoast SEO plugin v27.2 - https:\/\/yoast.com\/product\/yoast-seo-wordpress\/ -->\n<title>Ba\u015fvuru - Toronto Imperial School | TIS - Private Canadian school<\/title>\n<meta name=\"robots\" content=\"index, follow, max-snippet:-1, max-image-preview:large, max-video-preview:-1\" \/>\n<link rel=\"canonical\" href=\"https:\/\/torontoimperial.com\/tr\/basvuru\/\" \/>\n<meta property=\"og:locale\" content=\"tr_TR\" \/>\n<meta property=\"og:type\" content=\"article\" \/>\n<meta property=\"og:title\" content=\"Ba\u015fvuru - Toronto Imperial School | TIS - Private Canadian school\" \/>\n<meta property=\"og:description\" content=\"[vc_row conditional_render=&#8221;%5B%7B%22value_role%22%3A%22administrator%22%7D%5D&#8221; el_class=&#8221;pbot tr-leaves first-page-alt&#8221;][vc_column width=&#8221;1\/2&#8243;][vc_custom_heading text=&#8221;Ba\u015fvuru&#8221; font_container=&#8221;tag:h3|text_align:left&#8221; use_theme_fonts=&#8221;yes&#8221; css=&#8221;&#8221;][vc_custom_heading text=&#8221;7-12. s\u0131n\u0131f programlar\u0131m\u0131za kaydolmak isteyen \u00f6\u011frencileri memnuniyetle kar\u015f\u0131l\u0131yoruz.&#8221; font_container=&#8221;tag:h5|text_align:left&#8221; use_theme_fonts=&#8221;yes&#8221; css=&#8221;&#8221;][vc_single_image image=&#8221;3888&#8243; img_size=&#8221;full&#8221; alignment=&#8221;right&#8221; css=&#8221;&#8221; el_class=&#8221;t-dnone&#8221;][vc_column_text css_animation=&#8221;none&#8221; css=&#8221;&#8221;]Ba\u015fvuru s\u00fcrecimiz boyunca, Toronto Imperial School&#8217;un b\u00fcy\u00fcme ve geli\u015fimleri i\u00e7in ideal ortam oldu\u011fundan emin olmak amac\u0131yla her ba\u015fvuru sahibinin hem akademik hem de sosyal karakterini de\u011ferlendiriyoruz. \u00d6\u011frenci toplulu\u011fumuz [&hellip;]\" \/>\n<meta property=\"og:url\" content=\"https:\/\/torontoimperial.com\/tr\/basvuru\/\" \/>\n<meta property=\"og:site_name\" content=\"Toronto Imperial School | TIS - Private Canadian school\" \/>\n<meta property=\"article:modified_time\" content=\"2026-01-12T18:59:28+00:00\" \/>\n<meta name=\"twitter:card\" content=\"summary_large_image\" \/>\n<meta name=\"twitter:label1\" content=\"Tahmini okuma s\u00fcresi\" \/>\n\t<meta name=\"twitter:data1\" content=\"5 dakika\" \/>\n<script type=\"application\/ld+json\" class=\"yoast-schema-graph\">{\"@context\":\"https:\/\/schema.org\",\"@graph\":[{\"@type\":\"WebPage\",\"@id\":\"https:\/\/torontoimperial.com\/tr\/basvuru\/\",\"url\":\"https:\/\/torontoimperial.com\/tr\/basvuru\/\",\"name\":\"Ba\u015fvuru - Toronto Imperial School | TIS - Private Canadian school\",\"isPartOf\":{\"@id\":\"https:\/\/torontoimperial.com\/tr\/#website\"},\"datePublished\":\"2024-06-26T17:25:10+00:00\",\"dateModified\":\"2026-01-12T18:59:28+00:00\",\"breadcrumb\":{\"@id\":\"https:\/\/torontoimperial.com\/tr\/basvuru\/#breadcrumb\"},\"inLanguage\":\"tr\",\"potentialAction\":[{\"@type\":\"ReadAction\",\"target\":[\"https:\/\/torontoimperial.com\/tr\/basvuru\/\"]}]},{\"@type\":\"BreadcrumbList\",\"@id\":\"https:\/\/torontoimperial.com\/tr\/basvuru\/#breadcrumb\",\"itemListElement\":[{\"@type\":\"ListItem\",\"position\":1,\"name\":\"Home\",\"item\":\"https:\/\/torontoimperial.com\/tr\/ana-sayfa-2\/\"},{\"@type\":\"ListItem\",\"position\":2,\"name\":\"Ba\u015fvuru\"}]},{\"@type\":\"WebSite\",\"@id\":\"https:\/\/torontoimperial.com\/tr\/#website\",\"url\":\"https:\/\/torontoimperial.com\/tr\/\",\"name\":\"Toronto Imperial School | TIS - Private Canadian school\",\"description\":\"Toronto Imperial School\",\"potentialAction\":[{\"@type\":\"SearchAction\",\"target\":{\"@type\":\"EntryPoint\",\"urlTemplate\":\"https:\/\/torontoimperial.com\/tr\/?s={search_term_string}\"},\"query-input\":{\"@type\":\"PropertyValueSpecification\",\"valueRequired\":true,\"valueName\":\"search_term_string\"}}],\"inLanguage\":\"tr\"}]}<\/script>\n<!-- \/ Yoast SEO plugin. -->","yoast_head_json":{"title":"Ba\u015fvuru - Toronto Imperial School | TIS - Private Canadian school","robots":{"index":"index","follow":"follow","max-snippet":"max-snippet:-1","max-image-preview":"max-image-preview:large","max-video-preview":"max-video-preview:-1"},"canonical":"https:\/\/torontoimperial.com\/tr\/basvuru\/","og_locale":"tr_TR","og_type":"article","og_title":"Ba\u015fvuru - Toronto Imperial School | TIS - Private Canadian school","og_description":"[vc_row conditional_render=&#8221;%5B%7B%22value_role%22%3A%22administrator%22%7D%5D&#8221; el_class=&#8221;pbot tr-leaves first-page-alt&#8221;][vc_column width=&#8221;1\/2&#8243;][vc_custom_heading text=&#8221;Ba\u015fvuru&#8221; font_container=&#8221;tag:h3|text_align:left&#8221; use_theme_fonts=&#8221;yes&#8221; css=&#8221;&#8221;][vc_custom_heading text=&#8221;7-12. s\u0131n\u0131f programlar\u0131m\u0131za kaydolmak isteyen \u00f6\u011frencileri memnuniyetle kar\u015f\u0131l\u0131yoruz.&#8221; font_container=&#8221;tag:h5|text_align:left&#8221; use_theme_fonts=&#8221;yes&#8221; css=&#8221;&#8221;][vc_single_image image=&#8221;3888&#8243; img_size=&#8221;full&#8221; alignment=&#8221;right&#8221; css=&#8221;&#8221; el_class=&#8221;t-dnone&#8221;][vc_column_text css_animation=&#8221;none&#8221; css=&#8221;&#8221;]Ba\u015fvuru s\u00fcrecimiz boyunca, Toronto Imperial School&#8217;un b\u00fcy\u00fcme ve geli\u015fimleri i\u00e7in ideal ortam oldu\u011fundan emin olmak amac\u0131yla her ba\u015fvuru sahibinin hem akademik hem de sosyal karakterini de\u011ferlendiriyoruz. \u00d6\u011frenci toplulu\u011fumuz [&hellip;]","og_url":"https:\/\/torontoimperial.com\/tr\/basvuru\/","og_site_name":"Toronto Imperial School | TIS - Private Canadian school","article_modified_time":"2026-01-12T18:59:28+00:00","twitter_card":"summary_large_image","twitter_misc":{"Tahmini okuma s\u00fcresi":"5 dakika"},"schema":{"@context":"https:\/\/schema.org","@graph":[{"@type":"WebPage","@id":"https:\/\/torontoimperial.com\/tr\/basvuru\/","url":"https:\/\/torontoimperial.com\/tr\/basvuru\/","name":"Ba\u015fvuru - Toronto Imperial School | TIS - Private Canadian school","isPartOf":{"@id":"https:\/\/torontoimperial.com\/tr\/#website"},"datePublished":"2024-06-26T17:25:10+00:00","dateModified":"2026-01-12T18:59:28+00:00","breadcrumb":{"@id":"https:\/\/torontoimperial.com\/tr\/basvuru\/#breadcrumb"},"inLanguage":"tr","potentialAction":[{"@type":"ReadAction","target":["https:\/\/torontoimperial.com\/tr\/basvuru\/"]}]},{"@type":"BreadcrumbList","@id":"https:\/\/torontoimperial.com\/tr\/basvuru\/#breadcrumb","itemListElement":[{"@type":"ListItem","position":1,"name":"Home","item":"https:\/\/torontoimperial.com\/tr\/ana-sayfa-2\/"},{"@type":"ListItem","position":2,"name":"Ba\u015fvuru"}]},{"@type":"WebSite","@id":"https:\/\/torontoimperial.com\/tr\/#website","url":"https:\/\/torontoimperial.com\/tr\/","name":"Toronto Imperial School | TIS - Private Canadian school","description":"Toronto Imperial School","potentialAction":[{"@type":"SearchAction","target":{"@type":"EntryPoint","urlTemplate":"https:\/\/torontoimperial.com\/tr\/?s={search_term_string}"},"query-input":{"@type":"PropertyValueSpecification","valueRequired":true,"valueName":"search_term_string"}}],"inLanguage":"tr"}]}},"_links":{"self":[{"href":"https:\/\/torontoimperial.com\/tr\/wp-json\/wp\/v2\/pages\/3892","targetHints":{"allow":["GET"]}}],"collection":[{"href":"https:\/\/torontoimperial.com\/tr\/wp-json\/wp\/v2\/pages"}],"about":[{"href":"https:\/\/torontoimperial.com\/tr\/wp-json\/wp\/v2\/types\/page"}],"author":[{"embeddable":true,"href":"https:\/\/torontoimperial.com\/tr\/wp-json\/wp\/v2\/users\/1"}],"replies":[{"embeddable":true,"href":"https:\/\/torontoimperial.com\/tr\/wp-json\/wp\/v2\/comments?post=3892"}],"version-history":[{"count":3,"href":"https:\/\/torontoimperial.com\/tr\/wp-json\/wp\/v2\/pages\/3892\/revisions"}],"predecessor-version":[{"id":3895,"href":"https:\/\/torontoimperial.com\/tr\/wp-json\/wp\/v2\/pages\/3892\/revisions\/3895"}],"wp:attachment":[{"href":"https:\/\/torontoimperial.com\/tr\/wp-json\/wp\/v2\/media?parent=3892"}],"curies":[{"name":"wp","href":"https:\/\/api.w.org\/{rel}","templated":true}]}}