{"id":3913,"date":"2024-06-26T20:27:11","date_gmt":"2024-06-26T17:27:11","guid":{"rendered":"https:\/\/torontoimperial.com\/bize-ulasin\/"},"modified":"2026-01-12T22:22:06","modified_gmt":"2026-01-12T19:22:06","slug":"bize-ulasin","status":"publish","type":"page","link":"https:\/\/torontoimperial.com\/tr\/bize-ulasin\/","title":{"rendered":"Bize Ula\u015f\u0131n"},"content":{"rendered":"<div class=\"wpb-content-wrapper\"><p>[vc_row full_width_css=&#8221;stretch_row_css&#8221; conditional_render=&#8221;%5B%7B%22value_role%22%3A%22administrator%22%7D%5D&#8221; el_class=&#8221;pbot contact-block br1-leaves&#8221;][vc_column width=&#8221;1\/2&#8243;][vc_custom_heading text=&#8221;Bize Ula\u015f\u0131n&#8221; font_container=&#8221;tag:h3|text_align:left&#8221; use_theme_fonts=&#8221;yes&#8221;][vc_row_inner disable_element=&#8221;yes&#8221;][vc_column_inner][vc_custom_heading text=&#8221;Sayfa alt ba\u015fl\u0131\u011f\u0131 i\u00e7in yer&#8221; font_container=&#8221;tag:h5|text_align:left&#8221; use_theme_fonts=&#8221;yes&#8221;][\/vc_column_inner][\/vc_row_inner][vc_row_inner][vc_column_inner]<div class=\"porto-sicon-box  wpb_custom_711ef0f07aa60911c1a448999b0b04e5 style_1 left-icon\"><div class=\"porto-sicon-left\"><div class=\"porto-just-icon-wrapper porto-sicon-img  porto-icon-9f5d1cfb45d27d96b50bf473aebba227\" style=\"font-size: 80px;\"><img loading=\"lazy\" decoding=\"async\" class=\"img-icon\" alt=\"\" src=\"https:\/\/torontoimperial.com\/wp-content\/uploads\/2024\/07\/65-icon-1.webp\" width=\"160\" height=\"160\" \/><\/div><\/div><div class=\"porto-sicon-body\"><div class=\"porto-sicon-header\"><h3 class=\"porto-sicon-title\" style=\"color:#003153;\">Adres<\/h3><\/div> <!-- header --><div class=\"porto-sicon-description\" style=\"color:#222222;\">217 Birmingham Street, Unit D, Etobicoke, Ontario, ON M8V 0J5, Kanada<\/div> <!-- description --><\/div><\/div><!-- porto-sicon-box --><div class=\"porto-sicon-box  wpb_custom_711ef0f07aa60911c1a448999b0b04e5 style_1 left-icon\"><div class=\"porto-sicon-left\"><div class=\"porto-just-icon-wrapper porto-sicon-img  porto-icon-9f5d1cfb45d27d96b50bf473aebba227\" style=\"font-size: 80px;\"><img loading=\"lazy\" decoding=\"async\" class=\"img-icon\" alt=\"\" src=\"https:\/\/torontoimperial.com\/wp-content\/uploads\/2024\/07\/65-icon-2.webp\" width=\"160\" height=\"160\" \/><\/div><\/div><div class=\"porto-sicon-body\"><div class=\"porto-sicon-header\"><h3 class=\"porto-sicon-title\" style=\"color:#003153;\">Telefon<\/h3><\/div> <!-- header --><div class=\"porto-sicon-description\" style=\"color:#222222;\"><a style=\"color:#222222;\" href=\"tel:+1%20289%20231%209570\">+1 289 231 9570<\/a><\/div> <!-- description --><\/div><\/div><!-- porto-sicon-box --><div class=\"porto-sicon-box  wpb_custom_711ef0f07aa60911c1a448999b0b04e5 style_1 left-icon\"><div class=\"porto-sicon-left\"><div class=\"porto-just-icon-wrapper porto-sicon-img  porto-icon-9f5d1cfb45d27d96b50bf473aebba227\" style=\"font-size: 80px;\"><img loading=\"lazy\" decoding=\"async\" class=\"img-icon\" alt=\"\" src=\"https:\/\/torontoimperial.com\/wp-content\/uploads\/2024\/07\/65-icon-3.webp\" width=\"160\" height=\"160\" \/><\/div><\/div><div class=\"porto-sicon-body\"><div class=\"porto-sicon-header\"><h3 class=\"porto-sicon-title\" style=\"color:#003153;\">E-posta<\/h3><\/div> <!-- header --><div class=\"porto-sicon-description\" style=\"color:#222222;\"><a style=\"color:#222222;\" href=\"mailto:info@torontoimperial.com\">info@torontoimperial.com<\/a><\/div> <!-- description --><\/div><\/div><!-- porto-sicon-box -->[\/vc_column_inner][\/vc_row_inner][\/vc_column][vc_column width=&#8221;1\/2&#8243; conditional_render=&#8221;%5B%7B%22value_role%22%3A%22administrator%22%7D%5D&#8221;][\/vc_column][\/vc_row][vc_row el_class=&#8221;br1-leaves&#8221; conditional_render=&#8221;%5B%7B%22value_role%22%3A%22administrator%22%7D%5D&#8221;][vc_column][\/vc_column][\/vc_row][vc_row full_width_css=&#8221;stretch_row_css&#8221; parallax=&#8221;content-moving&#8221; parallax_image=&#8221;1035&#8243; parallax_speed_bg=&#8221;1.6&#8243; css=&#8221;.vc_custom_1721304324967{background-image: url(https:\/\/torontoimperial.com\/wp-content\/uploads\/2024\/07\/65-pic-1.webp?id=1035) !important;background-position: center;background-repeat: no-repeat !important;background-size: cover !important;}&#8221; conditional_render=&#8221;%5B%7B%22value_role%22%3A%22administrator%22%7D%5D&#8221; el_class=&#8221;ptop pbot main-form&#8221;][vc_column][vc_custom_heading text=&#8221;Herhangi bir sorunuz varsa bizimle ileti\u015fime ge\u00e7in&#8221; font_container=&#8221;tag:h3|text_align:left|color:%23ffffff&#8221; use_theme_fonts=&#8221;yes&#8221;][vc_custom_heading text=&#8221;TIS ile e\u011fitim f\u0131rsatlar\u0131 hakk\u0131nda daha fazla bilgi edinmek ister misiniz? A\u015fa\u011f\u0131daki formu doldurun ve uzmanlar\u0131m\u0131zdan dan\u0131\u015fmanl\u0131k al\u0131n. &#8221; font_container=&#8221;tag:h5|text_align:left|color:%23ffffff&#8221; use_theme_fonts=&#8221;yes&#8221;][vc_custom_heading text=&#8221;En k\u0131sa s\u00fcrede sizinle ileti\u015fime ge\u00e7ece\u011fiz.&#8221; font_container=&#8221;tag:h5|text_align:left|color:%23ffffff&#8221; use_theme_fonts=&#8221;yes&#8221;][\/vc_column][\/vc_row][vc_row][vc_column][\/vc_column][\/vc_row]<\/p>\n<\/div>","protected":false},"excerpt":{"rendered":"<p>[vc_row full_width_css=&#8221;stretch_row_css&#8221; conditional_render=&#8221;%5B%7B%22value_role%22%3A%22administrator%22%7D%5D&#8221; el_class=&#8221;pbot contact-block br1-leaves&#8221;][vc_column width=&#8221;1\/2&#8243;][vc_custom_heading text=&#8221;Bize Ula\u015f\u0131n&#8221; font_container=&#8221;tag:h3|text_align:left&#8221; use_theme_fonts=&#8221;yes&#8221;][vc_row_inner disable_element=&#8221;yes&#8221;][vc_column_inner][vc_custom_heading text=&#8221;Sayfa alt ba\u015fl\u0131\u011f\u0131 i\u00e7in yer&#8221; font_container=&#8221;tag:h5|text_align:left&#8221; use_theme_fonts=&#8221;yes&#8221;][\/vc_column_inner][\/vc_row_inner][vc_row_inner][vc_column_inner][\/vc_column_inner][\/vc_row_inner][\/vc_column][vc_column width=&#8221;1\/2&#8243; conditional_render=&#8221;%5B%7B%22value_role%22%3A%22administrator%22%7D%5D&#8221;][\/vc_column][\/vc_row][vc_row el_class=&#8221;br1-leaves&#8221; conditional_render=&#8221;%5B%7B%22value_role%22%3A%22administrator%22%7D%5D&#8221;][vc_column][\/vc_column][\/vc_row][vc_row full_width_css=&#8221;stretch_row_css&#8221; parallax=&#8221;content-moving&#8221; parallax_image=&#8221;1035&#8243; parallax_speed_bg=&#8221;1.6&#8243; css=&#8221;.vc_custom_1721304324967{background-image: url(https:\/\/torontoimperial.com\/wp-content\/uploads\/2024\/07\/65-pic-1.webp?id=1035) !important;background-position: center;background-repeat: no-repeat !important;background-size: cover !important;}&#8221; conditional_render=&#8221;%5B%7B%22value_role%22%3A%22administrator%22%7D%5D&#8221; el_class=&#8221;ptop pbot main-form&#8221;][vc_column][vc_custom_heading text=&#8221;Herhangi bir sorunuz varsa bizimle ileti\u015fime ge\u00e7in&#8221; font_container=&#8221;tag:h3|text_align:left|color:%23ffffff&#8221; use_theme_fonts=&#8221;yes&#8221;][vc_custom_heading text=&#8221;TIS ile e\u011fitim f\u0131rsatlar\u0131 hakk\u0131nda daha fazla [&hellip;]<\/p>\n","protected":false},"author":1,"featured_media":0,"parent":0,"menu_order":0,"comment_status":"closed","ping_status":"closed","template":"","meta":{"footnotes":""},"class_list":["post-3913","page","type-page","status-publish","hentry"],"yoast_head":"<!-- This site is optimized with the Yoast SEO plugin v27.2 - https:\/\/yoast.com\/product\/yoast-seo-wordpress\/ -->\n<title>Bize Ula\u015f\u0131n - Toronto Imperial School | TIS - Private Canadian school<\/title>\n<meta name=\"description\" content=\"Bize Ula\u015f\u0131n \u1409 Online OSSD programlar\u0131 \u2771\u2771 Uluslararas\u0131 diploma edinme \u2771\u2771 Garantili kabul \u2771\u2771 Kanada okulu TIS\" \/>\n<meta name=\"robots\" content=\"index, follow, max-snippet:-1, max-image-preview:large, max-video-preview:-1\" \/>\n<link rel=\"canonical\" href=\"https:\/\/torontoimperial.com\/tr\/bize-ulasin\/\" \/>\n<meta property=\"og:locale\" content=\"tr_TR\" \/>\n<meta property=\"og:type\" content=\"article\" \/>\n<meta property=\"og:title\" content=\"Bize Ula\u015f\u0131n - Toronto Imperial School | TIS - Private Canadian school\" \/>\n<meta property=\"og:description\" content=\"Bize Ula\u015f\u0131n \u1409 Online OSSD programlar\u0131 \u2771\u2771 Uluslararas\u0131 diploma edinme \u2771\u2771 Garantili kabul \u2771\u2771 Kanada okulu TIS\" \/>\n<meta property=\"og:url\" content=\"https:\/\/torontoimperial.com\/tr\/bize-ulasin\/\" \/>\n<meta property=\"og:site_name\" content=\"Toronto Imperial School | TIS - Private Canadian school\" \/>\n<meta property=\"article:modified_time\" content=\"2026-01-12T19:22:06+00:00\" \/>\n<meta name=\"twitter:card\" content=\"summary_large_image\" \/>\n<meta name=\"twitter:label1\" content=\"Tahmini okuma s\u00fcresi\" \/>\n\t<meta name=\"twitter:data1\" content=\"2 dakika\" \/>\n<script type=\"application\/ld+json\" class=\"yoast-schema-graph\">{\"@context\":\"https:\/\/schema.org\",\"@graph\":[{\"@type\":\"WebPage\",\"@id\":\"https:\/\/torontoimperial.com\/tr\/bize-ulasin\/\",\"url\":\"https:\/\/torontoimperial.com\/tr\/bize-ulasin\/\",\"name\":\"Bize Ula\u015f\u0131n - Toronto Imperial School | TIS - Private Canadian school\",\"isPartOf\":{\"@id\":\"https:\/\/torontoimperial.com\/tr\/#website\"},\"datePublished\":\"2024-06-26T17:27:11+00:00\",\"dateModified\":\"2026-01-12T19:22:06+00:00\",\"description\":\"Bize Ula\u015f\u0131n \u1409 Online OSSD programlar\u0131 \u2771\u2771 Uluslararas\u0131 diploma edinme \u2771\u2771 Garantili kabul \u2771\u2771 Kanada okulu TIS\",\"breadcrumb\":{\"@id\":\"https:\/\/torontoimperial.com\/tr\/bize-ulasin\/#breadcrumb\"},\"inLanguage\":\"tr\",\"potentialAction\":[{\"@type\":\"ReadAction\",\"target\":[\"https:\/\/torontoimperial.com\/tr\/bize-ulasin\/\"]}]},{\"@type\":\"BreadcrumbList\",\"@id\":\"https:\/\/torontoimperial.com\/tr\/bize-ulasin\/#breadcrumb\",\"itemListElement\":[{\"@type\":\"ListItem\",\"position\":1,\"name\":\"Home\",\"item\":\"https:\/\/torontoimperial.com\/tr\/ana-sayfa-2\/\"},{\"@type\":\"ListItem\",\"position\":2,\"name\":\"Bize Ula\u015f\u0131n\"}]},{\"@type\":\"WebSite\",\"@id\":\"https:\/\/torontoimperial.com\/tr\/#website\",\"url\":\"https:\/\/torontoimperial.com\/tr\/\",\"name\":\"Toronto Imperial School | TIS - Private Canadian school\",\"description\":\"Toronto Imperial School\",\"potentialAction\":[{\"@type\":\"SearchAction\",\"target\":{\"@type\":\"EntryPoint\",\"urlTemplate\":\"https:\/\/torontoimperial.com\/tr\/?s={search_term_string}\"},\"query-input\":{\"@type\":\"PropertyValueSpecification\",\"valueRequired\":true,\"valueName\":\"search_term_string\"}}],\"inLanguage\":\"tr\"}]}<\/script>\n<!-- \/ Yoast SEO plugin. -->","yoast_head_json":{"title":"Bize Ula\u015f\u0131n - Toronto Imperial School | TIS - Private Canadian school","description":"Bize Ula\u015f\u0131n \u1409 Online OSSD programlar\u0131 \u2771\u2771 Uluslararas\u0131 diploma edinme \u2771\u2771 Garantili kabul \u2771\u2771 Kanada okulu TIS","robots":{"index":"index","follow":"follow","max-snippet":"max-snippet:-1","max-image-preview":"max-image-preview:large","max-video-preview":"max-video-preview:-1"},"canonical":"https:\/\/torontoimperial.com\/tr\/bize-ulasin\/","og_locale":"tr_TR","og_type":"article","og_title":"Bize Ula\u015f\u0131n - Toronto Imperial School | TIS - Private Canadian school","og_description":"Bize Ula\u015f\u0131n \u1409 Online OSSD programlar\u0131 \u2771\u2771 Uluslararas\u0131 diploma edinme \u2771\u2771 Garantili kabul \u2771\u2771 Kanada okulu TIS","og_url":"https:\/\/torontoimperial.com\/tr\/bize-ulasin\/","og_site_name":"Toronto Imperial School | TIS - Private Canadian school","article_modified_time":"2026-01-12T19:22:06+00:00","twitter_card":"summary_large_image","twitter_misc":{"Tahmini okuma s\u00fcresi":"2 dakika"},"schema":{"@context":"https:\/\/schema.org","@graph":[{"@type":"WebPage","@id":"https:\/\/torontoimperial.com\/tr\/bize-ulasin\/","url":"https:\/\/torontoimperial.com\/tr\/bize-ulasin\/","name":"Bize Ula\u015f\u0131n - Toronto Imperial School | TIS - Private Canadian school","isPartOf":{"@id":"https:\/\/torontoimperial.com\/tr\/#website"},"datePublished":"2024-06-26T17:27:11+00:00","dateModified":"2026-01-12T19:22:06+00:00","description":"Bize Ula\u015f\u0131n \u1409 Online OSSD programlar\u0131 \u2771\u2771 Uluslararas\u0131 diploma edinme \u2771\u2771 Garantili kabul \u2771\u2771 Kanada okulu TIS","breadcrumb":{"@id":"https:\/\/torontoimperial.com\/tr\/bize-ulasin\/#breadcrumb"},"inLanguage":"tr","potentialAction":[{"@type":"ReadAction","target":["https:\/\/torontoimperial.com\/tr\/bize-ulasin\/"]}]},{"@type":"BreadcrumbList","@id":"https:\/\/torontoimperial.com\/tr\/bize-ulasin\/#breadcrumb","itemListElement":[{"@type":"ListItem","position":1,"name":"Home","item":"https:\/\/torontoimperial.com\/tr\/ana-sayfa-2\/"},{"@type":"ListItem","position":2,"name":"Bize Ula\u015f\u0131n"}]},{"@type":"WebSite","@id":"https:\/\/torontoimperial.com\/tr\/#website","url":"https:\/\/torontoimperial.com\/tr\/","name":"Toronto Imperial School | TIS - Private Canadian school","description":"Toronto Imperial School","potentialAction":[{"@type":"SearchAction","target":{"@type":"EntryPoint","urlTemplate":"https:\/\/torontoimperial.com\/tr\/?s={search_term_string}"},"query-input":{"@type":"PropertyValueSpecification","valueRequired":true,"valueName":"search_term_string"}}],"inLanguage":"tr"}]}},"_links":{"self":[{"href":"https:\/\/torontoimperial.com\/tr\/wp-json\/wp\/v2\/pages\/3913","targetHints":{"allow":["GET"]}}],"collection":[{"href":"https:\/\/torontoimperial.com\/tr\/wp-json\/wp\/v2\/pages"}],"about":[{"href":"https:\/\/torontoimperial.com\/tr\/wp-json\/wp\/v2\/types\/page"}],"author":[{"embeddable":true,"href":"https:\/\/torontoimperial.com\/tr\/wp-json\/wp\/v2\/users\/1"}],"replies":[{"embeddable":true,"href":"https:\/\/torontoimperial.com\/tr\/wp-json\/wp\/v2\/comments?post=3913"}],"version-history":[{"count":2,"href":"https:\/\/torontoimperial.com\/tr\/wp-json\/wp\/v2\/pages\/3913\/revisions"}],"predecessor-version":[{"id":3915,"href":"https:\/\/torontoimperial.com\/tr\/wp-json\/wp\/v2\/pages\/3913\/revisions\/3915"}],"wp:attachment":[{"href":"https:\/\/torontoimperial.com\/tr\/wp-json\/wp\/v2\/media?parent=3913"}],"curies":[{"name":"wp","href":"https:\/\/api.w.org\/{rel}","templated":true}]}}