{"id":3916,"date":"2024-06-26T20:19:46","date_gmt":"2024-06-26T17:19:46","guid":{"rendered":"https:\/\/torontoimperial.com\/ders-kodlama-sistemi\/"},"modified":"2026-01-12T22:22:46","modified_gmt":"2026-01-12T19:22:46","slug":"ders-kodlama-sistemi","status":"publish","type":"page","link":"https:\/\/torontoimperial.com\/tr\/ders-kodlama-sistemi\/","title":{"rendered":"Ders kodlama sistemi"},"content":{"rendered":"<div class=\"wpb-content-wrapper\"><p>[vc_row conditional_render=&#8221;%5B%7B%22value_role%22%3A%22administrator%22%7D%5D&#8221; el_class=&#8221;pbot tr-leaves curse-block&#8221;][vc_column][vc_custom_heading text=&#8221;Ders kodlama sistemi&#8221; font_container=&#8221;tag:h3|text_align:left&#8221; use_theme_fonts=&#8221;yes&#8221; css=&#8221;&#8221;][vc_custom_heading text=&#8221;TORONTO IMPERIAL School&apos;daki t\u00fcm derslerin ders kodu, Ontario E\u011fitim ve \u00d6\u011fretim Bakanl\u0131\u011f\u0131 taraf\u0131ndan belirlenen be\u015f karakterli bir koddan olu\u015fmaktad\u0131r:&#8221; font_container=&#8221;tag:h5|text_align:left&#8221; use_theme_fonts=&#8221;yes&#8221; css=&#8221;&#8221;][vc_row_inner el_class=&#8221;contact-block&#8221;][vc_column_inner]<div class=\"porto-sicon-box  wpb_custom_96e204b1cae9665d6b42817722920055 style_1 left-icon\"><div class=\"porto-sicon-left\"><div class=\"porto-just-icon-wrapper porto-sicon-img  porto-icon-9f5d1cfb45d27d96b50bf473aebba227\" style=\"font-size: 110px;\"><img loading=\"lazy\" decoding=\"async\" class=\"img-icon\" alt=\"\" src=\"https:\/\/torontoimperial.com\/wp-content\/uploads\/2024\/07\/01.webp\" width=\"122\" height=\"100\" \/><\/div><\/div><div class=\"porto-sicon-body\"><div class=\"porto-sicon-header\"><h3 class=\"porto-sicon-title\" style=\"color:#003153;\">\u0130lk \u00fc\u00e7 karakter dersin tan\u0131mlay\u0131c\u0131s\u0131n\u0131\/konusunu temsil eder, \u00f6rne\u011fin ENG \u0130ngilizce anlam\u0131na gelir.<\/h3><\/div> <!-- header --><\/div><\/div><!-- porto-sicon-box --><div class=\"porto-sicon-box  wpb_custom_96e204b1cae9665d6b42817722920055 style_1 left-icon\"><div class=\"porto-sicon-left\"><div class=\"porto-just-icon-wrapper porto-sicon-img  porto-icon-9f5d1cfb45d27d96b50bf473aebba227\" style=\"font-size: 110px;\"><img loading=\"lazy\" decoding=\"async\" class=\"img-icon\" alt=\"\" src=\"https:\/\/torontoimperial.com\/wp-content\/uploads\/2024\/07\/02.webp\" width=\"122\" height=\"100\" \/><\/div><\/div><div class=\"porto-sicon-body\"><div class=\"porto-sicon-header\"><h3 class=\"porto-sicon-title\" style=\"color:#003153;\">D\u00f6rd\u00fcnc\u00fc karakter s\u0131n\u0131f seviyesini belirtir:<\/h3><\/div> <!-- header --><div class=\"porto-sicon-description\" style=\"color:#222222;\">1 = 9. s\u0131n\u0131f;<br \/>2 = 10. s\u0131n\u0131f;<br \/>3 = 11. s\u0131n\u0131f;<br \/>4 = 12. s\u0131n\u0131f.<\/div> <!-- description --><\/div><\/div><!-- porto-sicon-box --><div class=\"porto-sicon-box  wpb_custom_96e204b1cae9665d6b42817722920055 style_1 left-icon\"><div class=\"porto-sicon-left\"><div class=\"porto-just-icon-wrapper porto-sicon-img  porto-icon-9f5d1cfb45d27d96b50bf473aebba227\" style=\"font-size: 110px;\"><img loading=\"lazy\" decoding=\"async\" class=\"img-icon\" alt=\"\" src=\"https:\/\/torontoimperial.com\/wp-content\/uploads\/2024\/07\/03.webp\" width=\"122\" height=\"100\" \/><\/div><\/div><div class=\"porto-sicon-body\"><div class=\"porto-sicon-header\"><h3 class=\"porto-sicon-title\" style=\"color:#003153;\">Be\u015finci karakter, dersin t\u00fcr\u00fcn\u00fc belirtir (a\u015fa\u011f\u0131daki sayfalarda tan\u0131mlanaca\u011f\u0131 gibi):<\/h3><\/div> <!-- header --><div class=\"porto-sicon-description\" style=\"color:#222222;\">D = Akademik;<br \/>P = Uygulamal\u0131;<br \/>U = \u00dcniversite;<br \/>M = \u00dcniversite\/Kolej;<br \/>C = Kolej;<br \/>O = A\u00e7\u0131k;<br \/>E = \u0130\u015f yeri.<\/div> <!-- description --><\/div><\/div><!-- porto-sicon-box -->[\/vc_column_inner][\/vc_row_inner][vc_btn title=&#8221;\u015eimdi Kaydolun&#8221; color=&#8221;danger&#8221; css=&#8221;&#8221; link=&#8221;url:%23|&#8221; animation_type=&#8221;bounceIn&#8221;][\/vc_column][\/vc_row][vc_row full_width_css=&#8221;stretch_row_css&#8221; el_class=&#8221;pbot example-block&#8221; conditional_render=&#8221;%5B%7B%22value_role%22%3A%22administrator%22%7D%5D&#8221;][vc_column][vc_custom_heading text=&#8221;\u00d6rne\u011fin&#8221; font_container=&#8221;tag:h3|text_align:left|color:%23c6031e&#8221; use_theme_fonts=&#8221;yes&#8221; css=&#8221;&#8221;][vc_custom_heading text=&#8221;\u00d6rne\u011fin, ENG4U, a\u00e7\u0131kland\u0131\u011f\u0131nda \u015fu anlama gelir:&#8221; font_container=&#8221;tag:h5|text_align:left&#8221; use_theme_fonts=&#8221;yes&#8221; css=&#8221;&#8221;][vc_row_inner][vc_column_inner]<div class=\"porto-sicon-box  wpb_custom_44ac960c266bdabe50fe42daba5a37f1 style_1 left-icon\"><div class=\"porto-sicon-left\"><div class=\"porto-just-icon-wrapper porto-sicon-img  porto-icon-9f5d1cfb45d27d96b50bf473aebba227\" style=\"font-size: 30px;\"><img loading=\"lazy\" decoding=\"async\" class=\"img-icon\" alt=\"\" src=\"https:\/\/torontoimperial.com\/wp-content\/uploads\/2024\/07\/44-icon-1.webp\" width=\"60\" height=\"60\" \/><\/div><\/div><div class=\"porto-sicon-body\"><div class=\"porto-sicon-description\" style=\"color:#222222;\">ders tan\u0131mlay\u0131c\u0131s\u0131 \u2014 ENG: \u0130ngilizce;<\/div> <!-- description --><\/div><\/div><!-- porto-sicon-box --><div class=\"porto-sicon-box  wpb_custom_44ac960c266bdabe50fe42daba5a37f1 style_1 left-icon\"><div class=\"porto-sicon-left\"><div class=\"porto-just-icon-wrapper porto-sicon-img  porto-icon-9f5d1cfb45d27d96b50bf473aebba227\" style=\"font-size: 30px;\"><img loading=\"lazy\" decoding=\"async\" class=\"img-icon\" alt=\"\" src=\"https:\/\/torontoimperial.com\/wp-content\/uploads\/2024\/07\/44-icon-1.webp\" width=\"60\" height=\"60\" \/><\/div><\/div><div class=\"porto-sicon-body\"><div class=\"porto-sicon-description\" style=\"color:#222222;\">s\u0131n\u0131f \u2014 12 (yani, 4 \u2014 12. S\u0131n\u0131f);<\/div> <!-- description --><\/div><\/div><!-- porto-sicon-box --><div class=\"porto-sicon-box  wpb_custom_44ac960c266bdabe50fe42daba5a37f1 style_1 left-icon\"><div class=\"porto-sicon-left\"><div class=\"porto-just-icon-wrapper porto-sicon-img  porto-icon-9f5d1cfb45d27d96b50bf473aebba227\" style=\"font-size: 30px;\"><img loading=\"lazy\" decoding=\"async\" class=\"img-icon\" alt=\"\" src=\"https:\/\/torontoimperial.com\/wp-content\/uploads\/2024\/07\/44-icon-1.webp\" width=\"60\" height=\"60\" \/><\/div><\/div><div class=\"porto-sicon-body\"><div class=\"porto-sicon-description\" style=\"color:#222222;\">ders t\u00fcr\u00fc \u2014 \u00dcniversite (yani, U \u2013 \u00dcniversite).<\/div> <!-- description --><\/div><\/div><!-- porto-sicon-box -->[\/vc_column_inner][\/vc_row_inner][\/vc_column][\/vc_row][vc_row full_width_css=&#8221;stretch_row_css&#8221; el_class=&#8221;pbot br1-leaves mhf4u-block&#8221; conditional_render=&#8221;%5B%7B%22value_role%22%3A%22administrator%22%7D%5D&#8221;][vc_column][vc_custom_heading text=&#8221;Ba\u015fka bir \u00f6rnek MHF4U olabilir,<br \/>\u0130leri D\u00fczey Fonksiyonlar.&#8221; font_container=&#8221;tag:h3|text_align:center&#8221; use_theme_fonts=&#8221;yes&#8221; css=&#8221;&#8221;][vc_column_text css=&#8221;&#8221; el_class=&#8221;m-dnone&#8221;]<\/p>\n<table dir=\"ltr\" border=\"1\" cellspacing=\"0\" cellpadding=\"0\" data-sheets-root=\"1\" data-sheets-baot=\"1\">\n<colgroup>\n<col width=\"100\">\n<col width=\"100\">\n<col width=\"100\">\n<col width=\"100\"><\/colgroup>\n<thead>\n<tr>\n<td>\n<h3>Ders Tan\u0131mlay\u0131c\u0131s\u0131<\/h3>\n<\/td>\n<td>\n<h3>S\u0131n\u0131f<\/h3>\n<\/td>\n<td>\n<h3>Ders T\u00fcr\u00fc<\/h3>\n<\/td>\n<td>\n<h3>Ders Ba\u015fl\u0131\u011f\u0131<\/h3>\n<\/td>\n<\/tr>\n<\/thead>\n<tbody>\n<tr>\n<td>\n<p>M: Matematik<\/p>\n<p>HF: \u0130leri D\u00fczey Fonksiyonlar<\/td>\n<td>\n<p>1 \u2014 9. S\u0131n\u0131f<\/p>\n<p>2 \u2014 10. S\u0131n\u0131f<\/p>\n<p>3 \u2014 11. S\u0131n\u0131f<\/p>\n<p>4 \u2014 12. S\u0131n\u0131f<\/td>\n<td>\n<p>D Akademik<\/p>\n<p>P Uygulamal\u0131<\/p>\n<p>O A\u00e7\u0131k<\/p>\n<p><strong>U<\/strong> <strong>\u00dcniversite<\/strong><\/p>\n<p>C Kolej<\/p>\n<p>E \u0130\u015f yeri<\/p>\n<p>M \u00dcniversite veya Kolej<\/p>\n<p>W Ayr\u0131\u015ft\u0131r\u0131lmam\u0131\u015f<\/td>\n<td>\u0130leri D\u00fczey Fonksiyonlar,<br \/>12. S\u0131n\u0131f<\/td>\n<\/tr>\n<\/tbody>\n<\/table>\n<p>[\/vc_column_text][vc_column_text css=&#8221;&#8221; el_class=&#8221;t-dnone&#8221;]<\/p>\n<table dir=\"ltr\" border=\"1\" cellspacing=\"0\" cellpadding=\"0\" data-sheets-root=\"1\" data-sheets-baot=\"1\">\n<colgroup>\n<col width=\"100\">\n<col width=\"100\"> <\/colgroup>\n<tbody>\n<tr>\n<td>\n<h3>Ders Tan\u0131mlay\u0131c\u0131s\u0131<\/h3>\n<\/td>\n<td>\n<p>M: Matematik<\/p>\n<p>HF: \u0130leri D\u00fczey Fonksiyonlar<\/td>\n<\/tr>\n<tr>\n<td>\n<h3>S\u0131n\u0131f<\/h3>\n<\/td>\n<td>\n<p>1 \u2014 9. S\u0131n\u0131f<\/p>\n<p>2 \u2014 10. S\u0131n\u0131f<\/p>\n<p>3 \u2014 11. S\u0131n\u0131f<\/p>\n<p>4 \u2014 12. S\u0131n\u0131f<\/td>\n<\/tr>\n<tr>\n<td>\n<h3>Ders T\u00fcr\u00fc<\/h3>\n<\/td>\n<td>\n<p>D Akademik<\/p>\n<p>P Uygulamal\u0131<\/p>\n<p>O A\u00e7\u0131k<\/p>\n<p><strong>U<\/strong> <strong>\u00dcniversite<\/strong><\/p>\n<p>C Kolej<\/p>\n<p>E \u0130\u015f yeri<\/p>\n<p>M \u00dcniversite veya Kolej<\/p>\n<p>W Ayr\u0131\u015ft\u0131r\u0131lmam\u0131\u015f<\/td>\n<\/tr>\n<tr>\n<td>\n<h3>Ders Ba\u015fl\u0131\u011f\u0131<\/h3>\n<\/td>\n<td>\u0130leri D\u00fczey Fonksiyonlar,<br \/>12. S\u0131n\u0131f<\/td>\n<\/tr>\n<\/tbody>\n<\/table>\n<p>[\/vc_column_text][\/vc_column][\/vc_row][vc_row][vc_column]<div class=\"porto-block\" data-id=\"4228\"><style>.vc_custom_1721132232614{background-image: url(https:\/\/torontoimperial.com\/wp-content\/uploads\/2024\/07\/pic-2.webp?id=597) !important;background-position: center;background-repeat: no-repeat !important;background-size: cover !important;}<\/style>[vc_row full_width_css=\"stretch_row_css\" parallax=\"content-moving\" parallax_image=\"597\" parallax_speed_bg=\"1.6\" css=\".vc_custom_1721132232614{background-image: url(https:\/\/torontoimperial.com\/wp-content\/uploads\/2024\/07\/pic-2.webp?id=597) !important;background-position: center;background-repeat: no-repeat !important;background-size: cover !important;}\" conditional_render=\"%5B%7B%22value_role%22%3A%22administrator%22%7D%5D\" el_class=\"ptop pbot main-form\"][vc_column][vc_custom_heading text=\"Daha fazla bilgi edinmek mi istiyorsunuz? Bir sorunuz mu var? \" font_container=\"tag:h3|text_align:left|color:%23ffffff\" use_theme_fonts=\"yes\" el_id=\"form_test-block\" css_params=\"\"][vc_custom_heading text=\"Toronto Imperial School ile e\u011fitim f\u0131rsatlar\u0131n\u0131z hakk\u0131nda daha fazla bilgi edinmek mi istiyorsunuz? \u0130leti\u015fim bilgilerinizi doldurunuz, k\u0131sa s\u00fcre i\u00e7inde sizinle ileti\u015fime ge\u00e7ece\u011fiz. \" font_container=\"tag:h5|text_align:left|color:%23ffffff\" use_theme_fonts=\"yes\"][vc_custom_heading text=\"TIS&apos;te nas\u0131l ba\u015far\u0131l\u0131 olabilece\u011finizi g\u00f6r\u00fc\u015fmeyi d\u00f6rt g\u00f6zle bekliyoruz!\" font_container=\"tag:h5|text_align:left|color:%23ffffff\" use_theme_fonts=\"yes\"][vc_raw_html css=\"\" css_params=\"\"]PGZvcm0gaWQ9ImZvcm0iIGNsYXNzPSJmb3JtX25ldyIgbWV0aG9kPSJwb3N0Ij4KCiAgICA8aW5wdXQgY2xhc3M9ImZvcm1fX2lucHV0IiB0eXBlPSJ0ZXh0IiBuYW1lPSJuYW1lIiBwbGFjZWhvbGRlcj0iQWQiIHJlcXVpcmVkPSIiPgogICAgPGlucHV0IGNsYXNzPSJmb3JtX19pbnB1dCB0ZWwiIHR5cGU9InRlbCIgbmFtZT0icGhvbmUxIiBpZD0icGhvbmUiIHBsYWNlaG9sZGVyPSIiIGRhdGEtcGhvbmU9IiIgcmVxdWlyZWQ9IiI+CiAgICA8aW5wdXQgY2xhc3M9ImZvcm1fX2lucHV0IiB0eXBlPSJlbWFpbCIgbmFtZT0iZW1haWwiIHBsYWNlaG9sZGVyPSJFLXBvc3RhIiByZXF1aXJlZD0iIj4KICAgIDxpbnB1dCBjbGFzcz0iZm9ybV9faW5wdXQgIGZvcm1fX2lucHV0LS1nZW8iIHR5cGU9ImhpZGRlbiIgbmFtZT0ibG9jYXRpb24iIHZhbHVlPSIiPgoKICAgIDxpbnB1dCB0eXBlPSJoaWRkZW4iIG5hbWU9ImZvcm1fbmFtZSIgdmFsdWU9IlRJUyBMZWFkIj4KICAgIDxpbnB1dCB0eXBlPSJoaWRkZW4iIG5hbWU9InBpcGVsaW5lIiB2YWx1ZT0iMzk2MDQ0MSI+CiAgICA8aW5wdXQgdHlwZT0iaGlkZGVuIiBuYW1lPSJyZXNwb25zaWJsZSIgdmFsdWU9IjEwNzMwODUyIj4KICAgIDxpbnB1dCB0eXBlPSJoaWRkZW4iIG5hbWU9ImxlYWRfc3RhdHVzIiB2YWx1ZT0iNzMyMDY2OTYiPgogICAgPGlucHV0IHR5cGU9ImhpZGRlbiIgbmFtZT0idGFncyIgdmFsdWU9ImNsaWVudCI+CgogICAgPGlucHV0IHR5cGU9ImhpZGRlbiIgbmFtZT0iZXZlbnQiIHZhbHVlPSJjcmVhdGUiPgogICAgPGlucHV0IHR5cGU9ImhpZGRlbiIgbmFtZT0icGhvbmVfcmVzdWx0IiB2YWx1ZT0iIj4KCgogICAgPGlucHV0IHR5cGU9ImhpZGRlbiIgbmFtZT0idXRtX3NvdXJjZSIgdmFsdWU9IiI+CiAgICA8aW5wdXQgdHlwZT0iaGlkZGVuIiBuYW1lPSJ1dG1fbWVkaXVtIiB2YWx1ZT0iIj4KICAgIDxpbnB1dCB0eXBlPSJoaWRkZW4iIG5hbWU9InV0bV9jYW1wYWlnbiIgdmFsdWU9IiI+CiAgICA8aW5wdXQgdHlwZT0iaGlkZGVuIiBuYW1lPSJ1dG1fY29udGVudCIgdmFsdWU9IiI+CiAgICA8aW5wdXQgdHlwZT0iaGlkZGVuIiBuYW1lPSJ1dG1fdGVybSIgdmFsdWU9IiI+CiAgICA8YnV0dG9uIGNsYXNzPSJmb3JtX19zdWJtaXQgYnV0dG9uIGJ1dHRvbk1haW4gYnRuX3NlbmQgYnRuX21haW4gYnRuX3JlZCIgdHlwZT0ic3VibWl0Ij4KICAgICA8cD5Hw5ZOREVSPC9wPgogICAgPC9idXR0b24+CiAgICA8ZGl2IGNsYXNzPSJjaGVja2JveCI+CiAgICAgPGlucHV0IHR5cGU9ImNoZWNrYm94IiBpZD0ic2NhbGVzIiBuYW1lPSJzY2FsZXMiIHJlcXVpcmVkPSIiIGNoZWNrZWQ+CiAgICAgPGxhYmVsIGZvcj0ic2NhbGVzIj4KIEtpxZ9pc2VsIHZlcmlsZXJpbiBpxZ9sZW5tZXNpIGlsZSBpbGdpbGkgYmlsZ2kgbWV0bmluZSB1eWd1biBvbGFyYWsga2nFn2lzZWwgdmVyaWxlcmltaW4gacWfbGVubWVzaW5pIHZlIGJhbmEgdGljYXJpIG1lc2FqbGFyIGfDtm5kZXJpbG1lc2luaSBrYWJ1bCBlZGl5b3J1bS4KICAgICA8L2xhYmVsPgogICAgPC9kaXY+CiAgIDwvZm9ybT4=[\/vc_raw_html][\/vc_column][\/vc_row]<\/div>[\/vc_column][\/vc_row]<\/p>\n<\/div>","protected":false},"excerpt":{"rendered":"<p>[vc_row conditional_render=&#8221;%5B%7B%22value_role%22%3A%22administrator%22%7D%5D&#8221; el_class=&#8221;pbot tr-leaves curse-block&#8221;][vc_column][vc_custom_heading text=&#8221;Ders kodlama sistemi&#8221; font_container=&#8221;tag:h3|text_align:left&#8221; use_theme_fonts=&#8221;yes&#8221; css=&#8221;&#8221;][vc_custom_heading text=&#8221;TORONTO IMPERIAL School&apos;daki t\u00fcm derslerin ders kodu, Ontario E\u011fitim ve \u00d6\u011fretim Bakanl\u0131\u011f\u0131 taraf\u0131ndan belirlenen be\u015f karakterli bir koddan olu\u015fmaktad\u0131r:&#8221; font_container=&#8221;tag:h5|text_align:left&#8221; use_theme_fonts=&#8221;yes&#8221; css=&#8221;&#8221;][vc_row_inner el_class=&#8221;contact-block&#8221;][vc_column_inner][\/vc_column_inner][\/vc_row_inner][vc_btn title=&#8221;\u015eimdi Kaydolun&#8221; color=&#8221;danger&#8221; css=&#8221;&#8221; link=&#8221;url:%23|&#8221; animation_type=&#8221;bounceIn&#8221;][\/vc_column][\/vc_row][vc_row full_width_css=&#8221;stretch_row_css&#8221; el_class=&#8221;pbot example-block&#8221; conditional_render=&#8221;%5B%7B%22value_role%22%3A%22administrator%22%7D%5D&#8221;][vc_column][vc_custom_heading text=&#8221;\u00d6rne\u011fin&#8221; font_container=&#8221;tag:h3|text_align:left|color:%23c6031e&#8221; use_theme_fonts=&#8221;yes&#8221; css=&#8221;&#8221;][vc_custom_heading text=&#8221;\u00d6rne\u011fin, ENG4U, a\u00e7\u0131kland\u0131\u011f\u0131nda \u015fu anlama gelir:&#8221; font_container=&#8221;tag:h5|text_align:left&#8221; [&hellip;]<\/p>\n","protected":false},"author":1,"featured_media":0,"parent":0,"menu_order":0,"comment_status":"closed","ping_status":"closed","template":"","meta":{"footnotes":""},"class_list":["post-3916","page","type-page","status-publish","hentry"],"yoast_head":"<!-- This site is optimized with the Yoast SEO plugin v27.2 - https:\/\/yoast.com\/product\/yoast-seo-wordpress\/ -->\n<title>Toronto, Kanada&#039;da ders kodlama sistemi | Toronto Imperial School<\/title>\n<meta name=\"description\" content=\"TORONTO IMPERIAL School&#039;daki t\u00fcm derslerin ders kodu, Ontario E\u011fitim ve \u00d6\u011fretim Bakanl\u0131\u011f\u0131 taraf\u0131ndan belirlenen be\u015f karakterli bir koddan olu\u015fmaktad\u0131r\" \/>\n<meta name=\"robots\" content=\"index, follow, max-snippet:-1, max-image-preview:large, max-video-preview:-1\" \/>\n<link rel=\"canonical\" href=\"https:\/\/torontoimperial.com\/tr\/ders-kodlama-sistemi\/\" \/>\n<meta property=\"og:locale\" content=\"tr_TR\" \/>\n<meta property=\"og:type\" content=\"article\" \/>\n<meta property=\"og:title\" content=\"Toronto, Kanada&#039;da ders kodlama sistemi | Toronto Imperial School\" \/>\n<meta property=\"og:description\" content=\"TORONTO IMPERIAL School&#039;daki t\u00fcm derslerin ders kodu, Ontario E\u011fitim ve \u00d6\u011fretim Bakanl\u0131\u011f\u0131 taraf\u0131ndan belirlenen be\u015f karakterli bir koddan olu\u015fmaktad\u0131r\" \/>\n<meta property=\"og:url\" content=\"https:\/\/torontoimperial.com\/tr\/ders-kodlama-sistemi\/\" \/>\n<meta property=\"og:site_name\" content=\"Toronto Imperial School | TIS - Private Canadian school\" \/>\n<meta property=\"article:modified_time\" content=\"2026-01-12T19:22:46+00:00\" \/>\n<meta name=\"twitter:card\" content=\"summary_large_image\" \/>\n<meta name=\"twitter:label1\" content=\"Tahmini okuma s\u00fcresi\" \/>\n\t<meta name=\"twitter:data1\" content=\"4 dakika\" \/>\n<script type=\"application\/ld+json\" class=\"yoast-schema-graph\">{\"@context\":\"https:\/\/schema.org\",\"@graph\":[{\"@type\":\"WebPage\",\"@id\":\"https:\/\/torontoimperial.com\/tr\/ders-kodlama-sistemi\/\",\"url\":\"https:\/\/torontoimperial.com\/tr\/ders-kodlama-sistemi\/\",\"name\":\"Toronto, Kanada'da ders kodlama sistemi | Toronto Imperial School\",\"isPartOf\":{\"@id\":\"https:\/\/torontoimperial.com\/tr\/#website\"},\"datePublished\":\"2024-06-26T17:19:46+00:00\",\"dateModified\":\"2026-01-12T19:22:46+00:00\",\"description\":\"TORONTO IMPERIAL School'daki t\u00fcm derslerin ders kodu, Ontario E\u011fitim ve \u00d6\u011fretim Bakanl\u0131\u011f\u0131 taraf\u0131ndan belirlenen be\u015f karakterli bir koddan olu\u015fmaktad\u0131r\",\"breadcrumb\":{\"@id\":\"https:\/\/torontoimperial.com\/tr\/ders-kodlama-sistemi\/#breadcrumb\"},\"inLanguage\":\"tr\",\"potentialAction\":[{\"@type\":\"ReadAction\",\"target\":[\"https:\/\/torontoimperial.com\/tr\/ders-kodlama-sistemi\/\"]}]},{\"@type\":\"BreadcrumbList\",\"@id\":\"https:\/\/torontoimperial.com\/tr\/ders-kodlama-sistemi\/#breadcrumb\",\"itemListElement\":[{\"@type\":\"ListItem\",\"position\":1,\"name\":\"Home\",\"item\":\"https:\/\/torontoimperial.com\/tr\/ana-sayfa-2\/\"},{\"@type\":\"ListItem\",\"position\":2,\"name\":\"Ders kodlama sistemi\"}]},{\"@type\":\"WebSite\",\"@id\":\"https:\/\/torontoimperial.com\/tr\/#website\",\"url\":\"https:\/\/torontoimperial.com\/tr\/\",\"name\":\"Toronto Imperial School | TIS - Private Canadian school\",\"description\":\"Toronto Imperial School\",\"potentialAction\":[{\"@type\":\"SearchAction\",\"target\":{\"@type\":\"EntryPoint\",\"urlTemplate\":\"https:\/\/torontoimperial.com\/tr\/?s={search_term_string}\"},\"query-input\":{\"@type\":\"PropertyValueSpecification\",\"valueRequired\":true,\"valueName\":\"search_term_string\"}}],\"inLanguage\":\"tr\"}]}<\/script>\n<!-- \/ Yoast SEO plugin. -->","yoast_head_json":{"title":"Toronto, Kanada'da ders kodlama sistemi | Toronto Imperial School","description":"TORONTO IMPERIAL School'daki t\u00fcm derslerin ders kodu, Ontario E\u011fitim ve \u00d6\u011fretim Bakanl\u0131\u011f\u0131 taraf\u0131ndan belirlenen be\u015f karakterli bir koddan olu\u015fmaktad\u0131r","robots":{"index":"index","follow":"follow","max-snippet":"max-snippet:-1","max-image-preview":"max-image-preview:large","max-video-preview":"max-video-preview:-1"},"canonical":"https:\/\/torontoimperial.com\/tr\/ders-kodlama-sistemi\/","og_locale":"tr_TR","og_type":"article","og_title":"Toronto, Kanada'da ders kodlama sistemi | Toronto Imperial School","og_description":"TORONTO IMPERIAL School'daki t\u00fcm derslerin ders kodu, Ontario E\u011fitim ve \u00d6\u011fretim Bakanl\u0131\u011f\u0131 taraf\u0131ndan belirlenen be\u015f karakterli bir koddan olu\u015fmaktad\u0131r","og_url":"https:\/\/torontoimperial.com\/tr\/ders-kodlama-sistemi\/","og_site_name":"Toronto Imperial School | TIS - Private Canadian school","article_modified_time":"2026-01-12T19:22:46+00:00","twitter_card":"summary_large_image","twitter_misc":{"Tahmini okuma s\u00fcresi":"4 dakika"},"schema":{"@context":"https:\/\/schema.org","@graph":[{"@type":"WebPage","@id":"https:\/\/torontoimperial.com\/tr\/ders-kodlama-sistemi\/","url":"https:\/\/torontoimperial.com\/tr\/ders-kodlama-sistemi\/","name":"Toronto, Kanada'da ders kodlama sistemi | Toronto Imperial School","isPartOf":{"@id":"https:\/\/torontoimperial.com\/tr\/#website"},"datePublished":"2024-06-26T17:19:46+00:00","dateModified":"2026-01-12T19:22:46+00:00","description":"TORONTO IMPERIAL School'daki t\u00fcm derslerin ders kodu, Ontario E\u011fitim ve \u00d6\u011fretim Bakanl\u0131\u011f\u0131 taraf\u0131ndan belirlenen be\u015f karakterli bir koddan olu\u015fmaktad\u0131r","breadcrumb":{"@id":"https:\/\/torontoimperial.com\/tr\/ders-kodlama-sistemi\/#breadcrumb"},"inLanguage":"tr","potentialAction":[{"@type":"ReadAction","target":["https:\/\/torontoimperial.com\/tr\/ders-kodlama-sistemi\/"]}]},{"@type":"BreadcrumbList","@id":"https:\/\/torontoimperial.com\/tr\/ders-kodlama-sistemi\/#breadcrumb","itemListElement":[{"@type":"ListItem","position":1,"name":"Home","item":"https:\/\/torontoimperial.com\/tr\/ana-sayfa-2\/"},{"@type":"ListItem","position":2,"name":"Ders kodlama sistemi"}]},{"@type":"WebSite","@id":"https:\/\/torontoimperial.com\/tr\/#website","url":"https:\/\/torontoimperial.com\/tr\/","name":"Toronto Imperial School | TIS - Private Canadian school","description":"Toronto Imperial School","potentialAction":[{"@type":"SearchAction","target":{"@type":"EntryPoint","urlTemplate":"https:\/\/torontoimperial.com\/tr\/?s={search_term_string}"},"query-input":{"@type":"PropertyValueSpecification","valueRequired":true,"valueName":"search_term_string"}}],"inLanguage":"tr"}]}},"_links":{"self":[{"href":"https:\/\/torontoimperial.com\/tr\/wp-json\/wp\/v2\/pages\/3916","targetHints":{"allow":["GET"]}}],"collection":[{"href":"https:\/\/torontoimperial.com\/tr\/wp-json\/wp\/v2\/pages"}],"about":[{"href":"https:\/\/torontoimperial.com\/tr\/wp-json\/wp\/v2\/types\/page"}],"author":[{"embeddable":true,"href":"https:\/\/torontoimperial.com\/tr\/wp-json\/wp\/v2\/users\/1"}],"replies":[{"embeddable":true,"href":"https:\/\/torontoimperial.com\/tr\/wp-json\/wp\/v2\/comments?post=3916"}],"version-history":[{"count":2,"href":"https:\/\/torontoimperial.com\/tr\/wp-json\/wp\/v2\/pages\/3916\/revisions"}],"predecessor-version":[{"id":3918,"href":"https:\/\/torontoimperial.com\/tr\/wp-json\/wp\/v2\/pages\/3916\/revisions\/3918"}],"wp:attachment":[{"href":"https:\/\/torontoimperial.com\/tr\/wp-json\/wp\/v2\/media?parent=3916"}],"curies":[{"name":"wp","href":"https:\/\/api.w.org\/{rel}","templated":true}]}}