{"id":3988,"date":"2025-02-27T13:45:11","date_gmt":"2025-02-27T10:45:11","guid":{"rendered":"https:\/\/torontoimperial.com\/ielts-hazirlik-kursu\/"},"modified":"2026-01-12T23:06:55","modified_gmt":"2026-01-12T20:06:55","slug":"ielts-hazirlik-kursu","status":"publish","type":"page","link":"https:\/\/torontoimperial.com\/tr\/ielts-hazirlik-kursu\/","title":{"rendered":"IELTS haz\u0131rl\u0131k kursu"},"content":{"rendered":"<div class=\"wpb-content-wrapper\"><p>[vc_row full_width_css=&#8221;stretch_row_content_css&#8221; full_height=&#8221;yes&#8221; content_placement=&#8221;middle&#8221; el_class=&#8221;main-block&#8221; conditional_render=&#8221;%5B%7B%22value_role%22%3A%22administrator%22%7D%5D&#8221;][vc_column width=&#8221;5\/12&#8243;][vc_custom_heading text=&#8221;IELTS Haz\u0131rl\u0131k Kursu&#8221; font_container=&#8221;tag:h2|text_align:left|color:%23003153&#8243; use_theme_fonts=&#8221;yes&#8221; css_params=&#8221;&#8221;][vc_column_text css_animation=&#8221;none&#8221; css=&#8221;&#8221; css_params=&#8221;&#8221;]Derslerimiz \u00f6zel olarak sizin i\u00e7in tasarlanm\u0131\u015ft\u0131r \u2014 uzmanlardan stratejiler, dersler ve pratik ipu\u00e7lar\u0131 ile g\u00fcveninizi art\u0131r\u0131n ve puanlar\u0131n\u0131z\u0131 y\u00fckseltin.[\/vc_column_text][vc_btn title=&#8221;\u00dccretsiz IELTS testi&#8221; color=&#8221;danger&#8221; link=&#8221;url:https%3A%2F%2Ftorontoimperial.com%2Ffree-ielts-test%2F|target:_blank|&#8221; animation_type=&#8221;bounceIn&#8221; css_params=&#8221;&#8221;][\/vc_column][vc_column width=&#8221;7\/12&#8243;][vc_single_image image=&#8221;3987&#8243; img_size=&#8221;full&#8221; alignment=&#8221;center&#8221; css=&#8221;&#8221; css_params=&#8221;&#8221;][\/vc_column][\/vc_row][vc_row el_class=&#8221;counters-block&#8221; conditional_render=&#8221;%5B%7B%22value_role%22%3A%22administrator%22%7D%5D&#8221;][vc_column width=&#8221;1\/4&#8243;]<div class=\"stats-block stats-left   wpb_custom_d040fb564f1cde5a0365b6b53e699a4d\"><div class=\"stats-desc\"><div id=\"counter_14730600669f5ace223b2b\" data-id=\"counter_14730600669f5ace223b2b\" class=\"stats-number\" style=\" color:#c7031e;\" data-speed=\"0.1\" data-counter-value=\"7.5\" data-separator=\",\" data-decimal=\".\">0<\/div><div class=\"stats-text\" style=\"color:#003153;\">Ortalama Puan<\/div><\/div><\/div>[vc_column_text css_animation=&#8221;none&#8221; css=&#8221;&#8221; css_params=&#8221;&#8221;]Yakla\u015f\u0131m\u0131m\u0131z \u00f6\u011frencilerin \u00fcniversite kabul\u00fc, i\u015f veya g\u00f6\u00e7menlik i\u00e7in ihtiya\u00e7 duyduklar\u0131 puanlar\u0131 elde etmelerine yard\u0131mc\u0131 olur.[\/vc_column_text][\/vc_column][vc_column width=&#8221;1\/4&#8243;]<div class=\"stats-block stats-left   wpb_custom_d040fb564f1cde5a0365b6b53e699a4d\"><div class=\"stats-desc\"><div id=\"counter_8118935569f5ace223bd8\" data-id=\"counter_8118935569f5ace223bd8\" class=\"stats-number\" style=\" color:#c7031e;\" data-speed=\"\" data-counter-value=\"6000\" data-separator=\",\" data-decimal=\".\">0<\/div><div class=\"stats-text\" style=\"color:#003153;\">\u00d6\u011frenci<\/div><\/div><\/div>[vc_column_text css_animation=&#8221;none&#8221; css=&#8221;&#8221; css_params=&#8221;&#8221;]Haz\u0131rl\u0131k kursumuz ile IELTS hedeflerine ula\u015fan binlerce ba\u015far\u0131l\u0131 s\u0131nav kat\u0131l\u0131mc\u0131s\u0131na kat\u0131l\u0131n.[\/vc_column_text][\/vc_column][vc_column width=&#8221;1\/4&#8243;]<div class=\"stats-block stats-left   wpb_custom_d040fb564f1cde5a0365b6b53e699a4d\"><div class=\"stats-desc\"><div id=\"counter_167753137569f5ace223c4c\" data-id=\"counter_167753137569f5ace223c4c\" class=\"stats-number\" style=\" color:#c7031e;\" data-speed=\"1\" data-counter-value=\"25\" data-separator=\",\" data-decimal=\".\">0<\/div><div class=\"stats-text\" style=\"color:#003153;\">Y\u0131ll\u0131k Uzmanl\u0131k<\/div><\/div><\/div>[vc_column_text css_animation=&#8221;none&#8221; css=&#8221;&#8221; css_params=&#8221;&#8221;]Test haz\u0131rl\u0131\u011f\u0131 ve dil e\u011fitiminde y\u0131llarca deneyime sahip sertifikal\u0131 ve deneyimli IELTS \u00f6\u011fretmenlerinden \u00f6\u011frenin.[\/vc_column_text][\/vc_column][vc_column width=&#8221;1\/4&#8243;]<div class=\"stats-block stats-left   wpb_custom_c6340ad97765e0a5827d4177d49f9c0a\"><div class=\"stats-desc\"><div id=\"counter_140487530969f5ace223cdf\" data-id=\"counter_140487530969f5ace223cdf\" class=\"stats-number\" style=\" color:#c7031e;\" data-speed=\"1\" data-counter-value=\"100\" data-separator=\",\" data-decimal=\".\">0<\/div><div class=\"stats-text\" style=\"color:#003153;\">Saatlik Pratik<\/div><\/div><\/div>[vc_column_text css_animation=&#8221;none&#8221; css=&#8221;&#8221; css_params=&#8221;&#8221;]G\u00fcveninizi art\u0131rmak i\u00e7in tasarlanm\u0131\u015f geni\u015f bir pratik test, al\u0131\u015ft\u0131rma ve \u00e7al\u0131\u015fma materyali koleksiyonuna eri\u015fim kazan\u0131n[\/vc_column_text][\/vc_column][\/vc_row][vc_row full_width_css=&#8221;stretch_row_css&#8221; el_class=&#8221;about-block title-line ptop pbot tl1-leaves&#8221; conditional_render=&#8221;%5B%7B%22value_role%22%3A%22administrator%22%7D%5D&#8221;][vc_column width=&#8221;1\/2&#8243; el_class=&#8221;zitwo&#8221; conditional_render=&#8221;%5B%7B%22value_role%22%3A%22administrator%22%7D%5D&#8221;][vc_single_image image=&#8221;3891&#8243; img_size=&#8221;full&#8221; css=&#8221;&#8221; css_params=&#8221;&#8221;][\/vc_column][vc_column width=&#8221;1\/2&#8243;][vc_custom_heading text=&#8221;Daha Y\u00fcksek Puana Giden Yolunuz Burada Ba\u015fl\u0131yor!&#8221; font_container=&#8221;tag:h3|text_align:left&#8221; use_theme_fonts=&#8221;yes&#8221; css_params=&#8221;&#8221;][vc_column_text css_animation=&#8221;none&#8221; css=&#8221;&#8221; css_params=&#8221;&#8221;]<strong data-start=\"106\" data-end=\"120\">IELTS s\u0131nav\u0131na<\/strong> haz\u0131rlan\u0131yor ve hedef puan\u0131n\u0131za ula\u015fmak m\u0131 istiyorsunuz? IELTS&#8217;e \u00fcniversite kabul\u00fc, i\u015f veya g\u00f6\u00e7menlik i\u00e7in ihtiyac\u0131n\u0131z olsun, <strong data-start=\"231\" data-end=\"285\">Toronto Imperial School&#8217;un IELTS Haz\u0131rl\u0131k Kursu<\/strong> size ba\u015far\u0131l\u0131 olmak i\u00e7in gereken becerileri ve stratejileri verecektir.[\/vc_column_text][vc_btn title=&#8221;\u00dccretsiz Dan\u0131\u015fmanl\u0131k Rezervasyonu&#8221; color=&#8221;primary&#8221; link=&#8221;url:https%3A%2F%2Ftorontoimperial.com%2Ftr%2Fielts-danismanligi%2F|title:%C3%9Ccretsiz%20Dan%C4%B1%C5%9Fmanl%C4%B1k%20Rezervasyonu|target:_blank|&#8221; css_params=&#8221;&#8221;][\/vc_column][\/vc_row][vc_row full_width_css=&#8221;stretch_row_css&#8221; el_class=&#8221;ptop pbot why-block bl1-leaves&#8221; conditional_render=&#8221;%5B%7B%22value_role%22%3A%22administrator%22%7D%5D&#8221;][vc_column width=&#8221;1\/3&#8243;][vc_custom_heading text=&#8221;Neden Bizim IELTS Haz\u0131rl\u0131k Kursumuzu Se\u00e7melisiniz?&#8221; font_container=&#8221;tag:h3|text_align:left&#8221; use_theme_fonts=&#8221;yes&#8221; css_params=&#8221;&#8221;][\/vc_column][vc_column width=&#8221;2\/3&#8243;]<div class=\"porto-sicon-box  wpb_custom_8e68df845b80afa10ab924ae873f75be style_1 top-icon\"><div class=\"porto-sicon-top\"><div class=\"porto-just-icon-wrapper porto-sicon-img  porto-icon-9f5d1cfb45d27d96b50bf473aebba227\" style=\"font-size: 44px;\"><img loading=\"lazy\" decoding=\"async\" class=\"img-icon\" alt=\"\" src=\"https:\/\/torontoimperial.com\/wp-content\/uploads\/2025\/03\/increase-success-rate.png\" width=\"88\" height=\"88\" \/><\/div><\/div><div class=\"porto-sicon-header\"><h3 class=\"porto-sicon-title\" style=\"color:#003153;\">%95 Ba\u015far\u0131 Oran\u0131<\/h3><p style=\"color:#333333;\">\u00d6\u011frencilerimizin %95&apos;i uzman liderli\u011findeki stratejilerimiz ve pratik testlerimiz ile 4 haftal\u0131k haz\u0131rl\u0131k s\u00fcrecinde puanlar\u0131n\u0131 y\u00fckseltir.<\/p><\/div> <!-- header --><\/div><!-- porto-sicon-box --><div class=\"porto-sicon-box  wpb_custom_8e68df845b80afa10ab924ae873f75be style_1 top-icon\"><div class=\"porto-sicon-top\"><div class=\"porto-just-icon-wrapper porto-sicon-img  porto-icon-9f5d1cfb45d27d96b50bf473aebba227\" style=\"font-size: 44px;\"><img loading=\"lazy\" decoding=\"async\" class=\"img-icon\" alt=\"\" src=\"https:\/\/torontoimperial.com\/wp-content\/uploads\/2024\/07\/icon-2.webp\" width=\"88\" height=\"88\" \/><\/div><\/div><div class=\"porto-sicon-header\"><h3 class=\"porto-sicon-title\" style=\"color:#003153;\">Uluslararas\u0131 \u00d6\u011fretmenler<\/h3><p style=\"color:#333333;\">D\u00f6rt IELTS b\u00f6l\u00fcm\u00fcn\u00fcn tamam\u0131nda ustala\u015f\u0131n - Dinleme, Okuma, Yazma ve Konu\u015fma uzman liderli\u011findeki derslerle.<\/p><\/div> <!-- header --><\/div><!-- porto-sicon-box --><div class=\"porto-sicon-box  wpb_custom_8e68df845b80afa10ab924ae873f75be style_1 top-icon\"><div class=\"porto-sicon-top\"><div class=\"porto-just-icon-wrapper porto-sicon-img  porto-icon-9f5d1cfb45d27d96b50bf473aebba227\" style=\"font-size: 44px;\"><img loading=\"lazy\" decoding=\"async\" class=\"img-icon\" alt=\"\" src=\"https:\/\/torontoimperial.com\/wp-content\/uploads\/2024\/07\/icon-3.webp\" width=\"88\" height=\"88\" \/><\/div><\/div><div class=\"porto-sicon-header\"><h3 class=\"porto-sicon-title\" style=\"color:#003153;\">Etkile\u015fimli ve Kendi H\u0131z\u0131nda<\/h3><p style=\"color:#333333;\">\u0130lgi \u00e7ekici video dersleri, canl\u0131 oturumlar ve etkile\u015fimli al\u0131\u015ft\u0131rmalarla kendi h\u0131z\u0131n\u0131zda \u00e7al\u0131\u015f\u0131n.<\/p><\/div> <!-- header --><\/div><!-- porto-sicon-box -->[vc_btn title=&#8221;\u00dccretsiz IELTS Testi Al\u0131n&#8221; color=&#8221;danger&#8221; link=&#8221;url:https%3A%2F%2Ftorontoimperial.com%2Ffree-ielts-test%2F|title:Toronto%20Imperial%20Taraf%C4%B1ndan%20%C3%9Ccretsiz%20IELTS%20Testi%20Al%C4%B1n|target:_blank|&#8221; css_params=&#8221;&#8221;][\/vc_column][\/vc_row]<\/p>\n<\/div>","protected":false},"excerpt":{"rendered":"<p>[vc_row full_width_css=&#8221;stretch_row_content_css&#8221; full_height=&#8221;yes&#8221; content_placement=&#8221;middle&#8221; el_class=&#8221;main-block&#8221; conditional_render=&#8221;%5B%7B%22value_role%22%3A%22administrator%22%7D%5D&#8221;][vc_column width=&#8221;5\/12&#8243;][vc_custom_heading text=&#8221;IELTS Haz\u0131rl\u0131k Kursu&#8221; font_container=&#8221;tag:h2|text_align:left|color:%23003153&#8243; use_theme_fonts=&#8221;yes&#8221; css_params=&#8221;&#8221;][vc_column_text css_animation=&#8221;none&#8221; css=&#8221;&#8221; css_params=&#8221;&#8221;]Derslerimiz \u00f6zel olarak sizin i\u00e7in tasarlanm\u0131\u015ft\u0131r \u2014 uzmanlardan stratejiler, dersler ve pratik ipu\u00e7lar\u0131 ile g\u00fcveninizi art\u0131r\u0131n ve puanlar\u0131n\u0131z\u0131 y\u00fckseltin.[\/vc_column_text][vc_btn title=&#8221;\u00dccretsiz IELTS testi&#8221; color=&#8221;danger&#8221; link=&#8221;url:https%3A%2F%2Ftorontoimperial.com%2Ffree-ielts-test%2F|target:_blank|&#8221; animation_type=&#8221;bounceIn&#8221; css_params=&#8221;&#8221;][\/vc_column][vc_column width=&#8221;7\/12&#8243;][vc_single_image image=&#8221;3987&#8243; img_size=&#8221;full&#8221; alignment=&#8221;center&#8221; css=&#8221;&#8221; css_params=&#8221;&#8221;][\/vc_column][\/vc_row][vc_row el_class=&#8221;counters-block&#8221; conditional_render=&#8221;%5B%7B%22value_role%22%3A%22administrator%22%7D%5D&#8221;][vc_column width=&#8221;1\/4&#8243;][vc_column_text css_animation=&#8221;none&#8221; css=&#8221;&#8221; css_params=&#8221;&#8221;]Yakla\u015f\u0131m\u0131m\u0131z \u00f6\u011frencilerin \u00fcniversite [&hellip;]<\/p>\n","protected":false},"author":1,"featured_media":0,"parent":0,"menu_order":0,"comment_status":"closed","ping_status":"closed","template":"","meta":{"footnotes":""},"class_list":["post-3988","page","type-page","status-publish","hentry"],"yoast_head":"<!-- This site is optimized with the Yoast SEO plugin v27.4 - https:\/\/yoast.com\/product\/yoast-seo-wordpress\/ -->\n<title>Toronto Imperial School | TIS - \u00d6zel Kanada okulu<\/title>\n<meta name=\"description\" content=\"TIS ile \u00d6zel Kanada E\u011fitimi Al\u0131n ve En \u0130yi \u00dcniversitelere Giden Yolu Ke\u015ffedin.\" \/>\n<meta name=\"robots\" content=\"index, follow, max-snippet:-1, max-image-preview:large, max-video-preview:-1\" \/>\n<link rel=\"canonical\" href=\"https:\/\/torontoimperial.com\/tr\/ielts-hazirlik-kursu\/\" \/>\n<meta property=\"og:locale\" content=\"tr_TR\" \/>\n<meta property=\"og:type\" content=\"article\" \/>\n<meta property=\"og:title\" content=\"Toronto Imperial School | TIS - \u00d6zel Kanada okulu\" \/>\n<meta property=\"og:description\" content=\"TIS ile \u00d6zel Kanada E\u011fitimi Al\u0131n ve En \u0130yi \u00dcniversitelere Giden Yolu Ke\u015ffedin.\" \/>\n<meta property=\"og:url\" content=\"https:\/\/torontoimperial.com\/tr\/ielts-hazirlik-kursu\/\" \/>\n<meta property=\"og:site_name\" content=\"Toronto Imperial School | TIS - Private Canadian school\" \/>\n<meta property=\"article:modified_time\" content=\"2026-01-12T20:06:55+00:00\" \/>\n<meta name=\"twitter:card\" content=\"summary_large_image\" \/>\n<meta name=\"twitter:label1\" content=\"Tahmini okuma s\u00fcresi\" \/>\n\t<meta name=\"twitter:data1\" content=\"5 dakika\" \/>\n<script type=\"application\/ld+json\" class=\"yoast-schema-graph\">{\"@context\":\"https:\\\/\\\/schema.org\",\"@graph\":[{\"@type\":\"WebPage\",\"@id\":\"https:\\\/\\\/torontoimperial.com\\\/tr\\\/ielts-hazirlik-kursu\\\/\",\"url\":\"https:\\\/\\\/torontoimperial.com\\\/tr\\\/ielts-hazirlik-kursu\\\/\",\"name\":\"Toronto Imperial School | TIS - \u00d6zel Kanada okulu\",\"isPartOf\":{\"@id\":\"https:\\\/\\\/torontoimperial.com\\\/tr\\\/#website\"},\"datePublished\":\"2025-02-27T10:45:11+00:00\",\"dateModified\":\"2026-01-12T20:06:55+00:00\",\"description\":\"TIS ile \u00d6zel Kanada E\u011fitimi Al\u0131n ve En \u0130yi \u00dcniversitelere Giden Yolu Ke\u015ffedin.\",\"breadcrumb\":{\"@id\":\"https:\\\/\\\/torontoimperial.com\\\/tr\\\/ielts-hazirlik-kursu\\\/#breadcrumb\"},\"inLanguage\":\"tr\",\"potentialAction\":[{\"@type\":\"ReadAction\",\"target\":[\"https:\\\/\\\/torontoimperial.com\\\/tr\\\/ielts-hazirlik-kursu\\\/\"]}]},{\"@type\":\"BreadcrumbList\",\"@id\":\"https:\\\/\\\/torontoimperial.com\\\/tr\\\/ielts-hazirlik-kursu\\\/#breadcrumb\",\"itemListElement\":[{\"@type\":\"ListItem\",\"position\":1,\"name\":\"Home\",\"item\":\"https:\\\/\\\/torontoimperial.com\\\/tr\\\/ana-sayfa-2\\\/\"},{\"@type\":\"ListItem\",\"position\":2,\"name\":\"IELTS haz\u0131rl\u0131k kursu\"}]},{\"@type\":\"WebSite\",\"@id\":\"https:\\\/\\\/torontoimperial.com\\\/tr\\\/#website\",\"url\":\"https:\\\/\\\/torontoimperial.com\\\/tr\\\/\",\"name\":\"Toronto Imperial School | TIS - Private Canadian school\",\"description\":\"Toronto Imperial School\",\"potentialAction\":[{\"@type\":\"SearchAction\",\"target\":{\"@type\":\"EntryPoint\",\"urlTemplate\":\"https:\\\/\\\/torontoimperial.com\\\/tr\\\/?s={search_term_string}\"},\"query-input\":{\"@type\":\"PropertyValueSpecification\",\"valueRequired\":true,\"valueName\":\"search_term_string\"}}],\"inLanguage\":\"tr\"}]}<\/script>\n<!-- \/ Yoast SEO plugin. -->","yoast_head_json":{"title":"Toronto Imperial School | TIS - \u00d6zel Kanada okulu","description":"TIS ile \u00d6zel Kanada E\u011fitimi Al\u0131n ve En \u0130yi \u00dcniversitelere Giden Yolu Ke\u015ffedin.","robots":{"index":"index","follow":"follow","max-snippet":"max-snippet:-1","max-image-preview":"max-image-preview:large","max-video-preview":"max-video-preview:-1"},"canonical":"https:\/\/torontoimperial.com\/tr\/ielts-hazirlik-kursu\/","og_locale":"tr_TR","og_type":"article","og_title":"Toronto Imperial School | TIS - \u00d6zel Kanada okulu","og_description":"TIS ile \u00d6zel Kanada E\u011fitimi Al\u0131n ve En \u0130yi \u00dcniversitelere Giden Yolu Ke\u015ffedin.","og_url":"https:\/\/torontoimperial.com\/tr\/ielts-hazirlik-kursu\/","og_site_name":"Toronto Imperial School | TIS - Private Canadian school","article_modified_time":"2026-01-12T20:06:55+00:00","twitter_card":"summary_large_image","twitter_misc":{"Tahmini okuma s\u00fcresi":"5 dakika"},"schema":{"@context":"https:\/\/schema.org","@graph":[{"@type":"WebPage","@id":"https:\/\/torontoimperial.com\/tr\/ielts-hazirlik-kursu\/","url":"https:\/\/torontoimperial.com\/tr\/ielts-hazirlik-kursu\/","name":"Toronto Imperial School | TIS - \u00d6zel Kanada okulu","isPartOf":{"@id":"https:\/\/torontoimperial.com\/tr\/#website"},"datePublished":"2025-02-27T10:45:11+00:00","dateModified":"2026-01-12T20:06:55+00:00","description":"TIS ile \u00d6zel Kanada E\u011fitimi Al\u0131n ve En \u0130yi \u00dcniversitelere Giden Yolu Ke\u015ffedin.","breadcrumb":{"@id":"https:\/\/torontoimperial.com\/tr\/ielts-hazirlik-kursu\/#breadcrumb"},"inLanguage":"tr","potentialAction":[{"@type":"ReadAction","target":["https:\/\/torontoimperial.com\/tr\/ielts-hazirlik-kursu\/"]}]},{"@type":"BreadcrumbList","@id":"https:\/\/torontoimperial.com\/tr\/ielts-hazirlik-kursu\/#breadcrumb","itemListElement":[{"@type":"ListItem","position":1,"name":"Home","item":"https:\/\/torontoimperial.com\/tr\/ana-sayfa-2\/"},{"@type":"ListItem","position":2,"name":"IELTS haz\u0131rl\u0131k kursu"}]},{"@type":"WebSite","@id":"https:\/\/torontoimperial.com\/tr\/#website","url":"https:\/\/torontoimperial.com\/tr\/","name":"Toronto Imperial School | TIS - Private Canadian school","description":"Toronto Imperial School","potentialAction":[{"@type":"SearchAction","target":{"@type":"EntryPoint","urlTemplate":"https:\/\/torontoimperial.com\/tr\/?s={search_term_string}"},"query-input":{"@type":"PropertyValueSpecification","valueRequired":true,"valueName":"search_term_string"}}],"inLanguage":"tr"}]}},"_links":{"self":[{"href":"https:\/\/torontoimperial.com\/tr\/wp-json\/wp\/v2\/pages\/3988","targetHints":{"allow":["GET"]}}],"collection":[{"href":"https:\/\/torontoimperial.com\/tr\/wp-json\/wp\/v2\/pages"}],"about":[{"href":"https:\/\/torontoimperial.com\/tr\/wp-json\/wp\/v2\/types\/page"}],"author":[{"embeddable":true,"href":"https:\/\/torontoimperial.com\/tr\/wp-json\/wp\/v2\/users\/1"}],"replies":[{"embeddable":true,"href":"https:\/\/torontoimperial.com\/tr\/wp-json\/wp\/v2\/comments?post=3988"}],"version-history":[{"count":3,"href":"https:\/\/torontoimperial.com\/tr\/wp-json\/wp\/v2\/pages\/3988\/revisions"}],"predecessor-version":[{"id":3991,"href":"https:\/\/torontoimperial.com\/tr\/wp-json\/wp\/v2\/pages\/3988\/revisions\/3991"}],"wp:attachment":[{"href":"https:\/\/torontoimperial.com\/tr\/wp-json\/wp\/v2\/media?parent=3988"}],"curies":[{"name":"wp","href":"https:\/\/api.w.org\/{rel}","templated":true}]}}