{"id":4018,"date":"2024-06-26T20:22:11","date_gmt":"2024-06-26T17:22:11","guid":{"rendered":"https:\/\/torontoimperial.com\/okul-yasami\/"},"modified":"2026-01-13T19:22:40","modified_gmt":"2026-01-13T16:22:40","slug":"okul-yasami","status":"publish","type":"page","link":"https:\/\/torontoimperial.com\/tr\/okul-yasami\/","title":{"rendered":"Okul Ya\u015fam\u0131"},"content":{"rendered":"<div class=\"wpb-content-wrapper\"><p>[vc_row el_class=&#8221;tr-leaves&#8221; conditional_render=&#8221;%5B%7B%22value_role%22%3A%22administrator%22%7D%5D&#8221;][vc_column][vc_custom_heading text=&#8221;Okul Ya\u015fam\u0131&#8221; font_container=&#8221;tag:h3|text_align:left&#8221; use_theme_fonts=&#8221;yes&#8221; css=&#8221;&#8221;][vc_custom_heading text=&#8221;Sayfa alt ba\u015fl\u0131\u011f\u0131 i\u00e7in yer&#8221; font_container=&#8221;tag:h5|text_align:left&#8221; use_theme_fonts=&#8221;yes&#8221; css=&#8221;&#8221;][vc_column_text css_animation=&#8221;none&#8221; css=&#8221;&#8221;]Lorem ipsum dolor sit amet, consectetur adipiscing elit. H\u00fcz\u00fcnl\u00fc bir \u015fekilde rahat bir ya\u015fam s\u00fcrd\u00fcr\u00fcyoruz. Kitle, zamanla risk almayan, konsantre olmayan bir ba\u011fd\u0131r.  Phasellus ullamcorper felis, vitae tempus ex convallis olan lacus commodo&#8217;yu sa\u011flar. Donec venenatis enim orci, sit amet dapibus enim sollicitudin nec.  Maecenas felis enim, sollicitudin at felis a, lobortis ullamcorper augue. Donec a ullamcorper arcu. Pellentesque finibus urna id nisl vestibulum, aliquam varius turpis convallis. Nullam tempus justo sit amet orci pretium, vitae tristique ante malesuada.    Nullam vitae felis ultrices, egestas sem eget, efficitur massa.[\/vc_column_text][vc_btn title=&#8221;G\u00f6r\u00fc\u015fme ayarlay\u0131n&#8221; color=&#8221;danger&#8221; css=&#8221;&#8221; link=&#8221;url:%23|&#8221; el_class=&#8221;book-call-modal&#8221; animation_type=&#8221;bounceIn&#8221;][\/vc_column][\/vc_row][vc_row el_class=&#8221;about-block title-line ptop&#8221; conditional_render=&#8221;%5B%7B%22value_role%22%3A%22administrator%22%7D%5D&#8221;][vc_column width=&#8221;1\/2&#8243; el_class=&#8221;zitwo&#8221; conditional_render=&#8221;%5B%7B%22value_role%22%3A%22administrator%22%7D%5D&#8221;][vc_single_image image=&#8221;4015&#8243; img_size=&#8221;full&#8221; css=&#8221;&#8221;][\/vc_column][vc_column width=&#8221;1\/2&#8243;][vc_custom_heading text=&#8221;D\u00f6nem Tarihleri&#8221; font_container=&#8221;tag:h3|text_align:left&#8221; use_theme_fonts=&#8221;yes&#8221; css=&#8221;&#8221;][vc_custom_heading text=&#8221;Sayfa alt ba\u015fl\u0131\u011f\u0131 i\u00e7in yer&#8221; font_container=&#8221;tag:h5|text_align:left&#8221; use_theme_fonts=&#8221;yes&#8221; css=&#8221;&#8221;][vc_column_text css_animation=&#8221;none&#8221; css=&#8221;&#8221;]Lorem ipsum dolor sit amet, consectetur adipiscing elit. H\u00fcz\u00fcnl\u00fc bir \u015fekilde rahat bir ya\u015fam s\u00fcrd\u00fcr\u00fcyoruz. Kitle, zamanla risk almayan, konsantre olmayan bir ba\u011fd\u0131r.  Phasellus ullamcorper felis, vitae tempus ex convallis olan lacus commodo&#8217;yu sa\u011flar. Donec venenatis enim orci, sit amet dapibus enim sollicitudin nec.  Maecenas felis enim, sollicitudin at felis a, lobortis ullamcorper augue. Donec a ullamcorper arcu. Pellentesque finibus urna id nisl vestibulum, aliquam varius turpis convallis.[\/vc_column_text][vc_btn title=&#8221;Daha fazla bilgi edinin&#8221; color=&#8221;primary&#8221; css=&#8221;&#8221; link=&#8221;url:https%3A%2F%2Ftorontoimperial.com%2Fschool-life%2Fterm-dates%2F|&#8221;][\/vc_column][\/vc_row][vc_row el_class=&#8221;ptop about-alt-block title-line&#8221; conditional_render=&#8221;%5B%7B%22value_role%22%3A%22administrator%22%7D%5D&#8221;][vc_column width=&#8221;1\/2&#8243;][vc_single_image image=&#8221;4016&#8243; img_size=&#8221;full&#8221; alignment=&#8221;right&#8221; css=&#8221;&#8221; el_class=&#8221;t-dnone&#8221;][vc_custom_heading text=&#8221;S\u0131navlar ve IELTS&#8221; font_container=&#8221;tag:h3|text_align:left&#8221; use_theme_fonts=&#8221;yes&#8221; css=&#8221;&#8221;][vc_custom_heading text=&#8221;Sayfa alt ba\u015fl\u0131\u011f\u0131 i\u00e7in yer&#8221; font_container=&#8221;tag:h5|text_align:left&#8221; use_theme_fonts=&#8221;yes&#8221; css=&#8221;&#8221;][vc_column_text css_animation=&#8221;none&#8221; css=&#8221;&#8221;]Lorem ipsum dolor sit amet, consectetur adipiscing elit. H\u00fcz\u00fcnl\u00fc bir \u015fekilde rahat bir ya\u015fam s\u00fcrd\u00fcr\u00fcyoruz. Kitle, zamanla risk almayan, konsantre olmayan bir ba\u011fd\u0131r.  Phasellus ullamcorper felis, vitae tempus ex convallis olan lacus commodo&#8217;yu sa\u011flar. Donec venenatis enim orci, sit amet dapibus enim sollicitudin nec.  Maecenas felis enim, sollicitudin at felis a, lobortis ullamcorper augue. Donec a ullamcorper arcu. Pellentesque finibus urna id nisl vestibulum, aliquam varius turpis convallis.[\/vc_column_text][vc_btn title=&#8221;Daha fazla bilgi edinin&#8221; color=&#8221;primary&#8221; css=&#8221;&#8221; link=&#8221;url:https%3A%2F%2Ftorontoimperial.com%2Fschool-life%2Fexams-and-ielts%2F|&#8221;][\/vc_column][vc_column width=&#8221;1\/2&#8243;][vc_single_image image=&#8221;4016&#8243; img_size=&#8221;full&#8221; alignment=&#8221;right&#8221; css=&#8221;&#8221; el_class=&#8221;m-dnone&#8221;][\/vc_column][\/vc_row][vc_row el_class=&#8221;about-block title-line ptop pbot&#8221; conditional_render=&#8221;%5B%7B%22value_role%22%3A%22administrator%22%7D%5D&#8221;][vc_column width=&#8221;1\/2&#8243; el_class=&#8221;zitwo&#8221; conditional_render=&#8221;%5B%7B%22value_role%22%3A%22administrator%22%7D%5D&#8221;][vc_single_image image=&#8221;4017&#8243; img_size=&#8221;full&#8221; css=&#8221;&#8221;][\/vc_column][vc_column width=&#8221;1\/2&#8243;][vc_custom_heading text=&#8221;\u00d6\u011frenci Ba\u015far\u0131s\u0131&#8221; font_container=&#8221;tag:h3|text_align:left&#8221; use_theme_fonts=&#8221;yes&#8221; css=&#8221;&#8221;][vc_custom_heading text=&#8221;Sayfa alt ba\u015fl\u0131\u011f\u0131 i\u00e7in yer&#8221; font_container=&#8221;tag:h5|text_align:left&#8221; use_theme_fonts=&#8221;yes&#8221; css=&#8221;&#8221;][vc_column_text css_animation=&#8221;none&#8221; css=&#8221;&#8221;]Lorem ipsum dolor sit amet, consectetur adipiscing elit. H\u00fcz\u00fcnl\u00fc bir \u015fekilde rahat bir ya\u015fam s\u00fcrd\u00fcr\u00fcyoruz. Kitle, zamanla risk almayan, konsantre olmayan bir ba\u011fd\u0131r.  Phasellus ullamcorper felis, vitae tempus ex convallis olan lacus commodo&#8217;yu sa\u011flar. Donec venenatis enim orci, sit amet dapibus enim sollicitudin nec.  Maecenas felis enim, sollicitudin at felis a, lobortis ullamcorper augue. Donec a ullamcorper arcu. Pellentesque finibus urna id nisl vestibulum, aliquam varius turpis convallis.[\/vc_column_text][vc_btn title=&#8221;Daha fazla bilgi edinin&#8221; color=&#8221;primary&#8221; css=&#8221;&#8221; link=&#8221;url:https%3A%2F%2Ftorontoimperial.com%2Fschool-life%2Fstudent-success%2F|&#8221;][\/vc_column][\/vc_row][vc_row el_class=&#8221;pbot main-blog&#8221; conditional_render=&#8221;%5B%7B%22value_role%22%3A%22administrator%22%7D%5D&#8221;][vc_column][vc_custom_heading text=&#8221;Blogdaki son yaz\u0131lar&#8221; font_container=&#8221;tag:h3|text_align:center&#8221; use_theme_fonts=&#8221;yes&#8221; css=&#8221;&#8221;][porto_tb_posts post_type=&#8221;post&#8221; view=&#8221;slider&#8221; columns=&#8221;3&#8243; columns_tablet=&#8221;2&#8243; columns_mobile=&#8221;1&#8243; nav_pos=&#8221;nav-bottom&#8221; nav_type=&#8221;rounded-nav&#8221; nav_visible=&#8221;{&#8220;xl&#8220;:&#8220;block&#8220;}&#8221; builder_id=&#8221;373&#8243; count=&#8221;9&#8243;][\/vc_column][\/vc_row][vc_row conditional_render=&#8221;%5B%7B%22value_role%22%3A%22administrator%22%7D%5D&#8221; el_class=&#8221;planning-block&#8221;][vc_column width=&#8221;1\/2&#8243;][vc_single_image image=&#8221;3936&#8243; img_size=&#8221;full&#8221; alignment=&#8221;right&#8221; css=&#8221;&#8221;][vc_custom_heading text=&#8221;TIS \u0130ngilizce Akademisi&#8221; font_container=&#8221;tag:h3|text_align:left&#8221; use_theme_fonts=&#8221;yes&#8221; css=&#8221;&#8221;][vc_column_text css_animation=&#8221;none&#8221; css=&#8221;&#8221;]Lorem ipsum dolor sit amet, consectetur adipiscing elit. H\u00fcz\u00fcnl\u00fc bir \u015fekilde rahat bir ya\u015fam s\u00fcrd\u00fcr\u00fcyoruz. Kitle, zamanla risk almayan, konsantre olmayan bir ba\u011fd\u0131r.  Phasellus ullamcorper felis, vitae tempus ex convallis olan lacus commodo&#8217;yu sa\u011flar. Donec venenatis enim orci, sit amet dapibus enim sollicitudin nec.[\/vc_column_text][vc_btn title=&#8221;Daha fazla bilgi edinin&#8221; color=&#8221;primary&#8221; css=&#8221;&#8221; link=&#8221;url:https%3A%2F%2Ftorontoimperial.com%2Fschool-life%2Ftis-english-academy%2F|&#8221;][vc_btn title=&#8221;Siteyi ziyaret et&#8221; style=&#8221;modern&#8221; color=&#8221;default&#8221; css=&#8221;.vc_custom_1734293306177{margin-left: 0px !important;}&#8221; link=&#8221;url:%23|&#8221;][\/vc_column][vc_column width=&#8221;1\/2&#8243;][vc_single_image image=&#8221;3936&#8243; img_size=&#8221;full&#8221; alignment=&#8221;right&#8221; css=&#8221;&#8221;][vc_custom_heading text=&#8221;TIS 2024 Yaz Kamp\u0131&#8221; font_container=&#8221;tag:h3|text_align:left&#8221; use_theme_fonts=&#8221;yes&#8221; css=&#8221;&#8221;][vc_column_text css_animation=&#8221;none&#8221; css=&#8221;&#8221;]Lorem ipsum dolor sit amet, consectetur adipiscing elit. H\u00fcz\u00fcnl\u00fc bir \u015fekilde rahat bir ya\u015fam s\u00fcrd\u00fcr\u00fcyoruz. Kitle, zamanla risk almayan, konsantre olmayan bir ba\u011fd\u0131r.  Phasellus ullamcorper felis, vitae tempus ex convallis olan lacus commodo&#8217;yu sa\u011flar. Donec venenatis enim orci, sit amet dapibus enim sollicitudin nec.[\/vc_column_text][vc_btn title=&#8221;Daha fazla bilgi edinin&#8221; color=&#8221;primary&#8221; css=&#8221;&#8221; link=&#8221;url:%2Fschool-life%2Ftis-summer-camp-2024%2F|&#8221;][vc_btn title=&#8221;Siteyi ziyaret et&#8221; style=&#8221;modern&#8221; color=&#8221;default&#8221; css=&#8221;.vc_custom_1734293306177{margin-left: 0px !important;}&#8221; link=&#8221;url:%23|&#8221;][\/vc_column][\/vc_row][vc_row full_width_css=&#8221;stretch_row_css&#8221; el_class=&#8221;br1-leaves pbot planning-block&#8221; conditional_render=&#8221;%5B%7B%22value_role%22%3A%22administrator%22%7D%5D&#8221;][vc_column width=&#8221;1\/2&#8243;][vc_single_image image=&#8221;3936&#8243; img_size=&#8221;full&#8221; alignment=&#8221;right&#8221; css=&#8221;&#8221;][vc_custom_heading text=&#8221;TIS Okul Tatil Gezileri&#8221; font_container=&#8221;tag:h3|text_align:left&#8221; use_theme_fonts=&#8221;yes&#8221; css=&#8221;&#8221;][vc_column_text css_animation=&#8221;none&#8221; css=&#8221;&#8221;]Lorem ipsum dolor sit amet, consectetur adipiscing elit. H\u00fcz\u00fcnl\u00fc bir \u015fekilde rahat bir ya\u015fam s\u00fcrd\u00fcr\u00fcyoruz. Kitle, zamanla risk almayan, konsantre olmayan bir ba\u011fd\u0131r.  Phasellus ullamcorper felis, vitae tempus ex convallis olan lacus commodo&#8217;yu sa\u011flar. Donec venenatis enim orci, sit amet dapibus enim sollicitudin nec.[\/vc_column_text][vc_btn title=&#8221;Daha fazla bilgi edinin&#8221; color=&#8221;primary&#8221; css=&#8221;&#8221; link=&#8221;url:https%3A%2F%2Ftorontoimperial.com%2Fschool-life%2Ftis-school-hiliday-trips%2F|&#8221;][vc_btn title=&#8221;Siteyi ziyaret et&#8221; style=&#8221;modern&#8221; color=&#8221;default&#8221; css=&#8221;.vc_custom_1734293306177{margin-left: 0px !important;}&#8221; link=&#8221;url:%23|&#8221;][\/vc_column][vc_column width=&#8221;1\/2&#8243;][vc_single_image image=&#8221;3936&#8243; img_size=&#8221;full&#8221; alignment=&#8221;right&#8221; css=&#8221;&#8221;][vc_custom_heading text=&#8221;\u00d6zel Ders&#8221; font_container=&#8221;tag:h3|text_align:left&#8221; use_theme_fonts=&#8221;yes&#8221; css=&#8221;&#8221;][vc_column_text css_animation=&#8221;none&#8221; css=&#8221;&#8221;]Lorem ipsum dolor sit amet, consectetur adipiscing elit. H\u00fcz\u00fcnl\u00fc bir \u015fekilde rahat bir ya\u015fam s\u00fcrd\u00fcr\u00fcyoruz. Kitle, zamanla risk almayan, konsantre olmayan bir ba\u011fd\u0131r.  Phasellus ullamcorper felis, vitae tempus ex convallis olan lacus commodo&#8217;yu sa\u011flar. Donec venenatis enim orci, sit amet dapibus enim sollicitudin nec.[\/vc_column_text][vc_btn title=&#8221;Daha fazla bilgi edinin&#8221; color=&#8221;primary&#8221; css=&#8221;&#8221; link=&#8221;url:https%3A%2F%2Ftorontoimperial.com%2Fschool-life%2Fprivate-tutoring%2F|&#8221;][vc_btn title=&#8221;Siteyi ziyaret et&#8221; style=&#8221;modern&#8221; color=&#8221;default&#8221; css=&#8221;.vc_custom_1734293306177{margin-left: 0px !important;}&#8221; link=&#8221;url:%23|&#8221;][\/vc_column][\/vc_row][vc_row][vc_column]<div class=\"porto-block\" data-id=\"4228\"><style>.vc_custom_1721132232614{background-image: url(https:\/\/torontoimperial.com\/wp-content\/uploads\/2024\/07\/pic-2.webp?id=597) !important;background-position: center;background-repeat: no-repeat !important;background-size: cover !important;}<\/style>[vc_row full_width_css=\"stretch_row_css\" parallax=\"content-moving\" parallax_image=\"597\" parallax_speed_bg=\"1.6\" css=\".vc_custom_1721132232614{background-image: url(https:\/\/torontoimperial.com\/wp-content\/uploads\/2024\/07\/pic-2.webp?id=597) !important;background-position: center;background-repeat: no-repeat !important;background-size: cover !important;}\" conditional_render=\"%5B%7B%22value_role%22%3A%22administrator%22%7D%5D\" el_class=\"ptop pbot main-form\"][vc_column][vc_custom_heading text=\"Daha fazla bilgi edinmek mi istiyorsunuz? Bir sorunuz mu var? \" font_container=\"tag:h3|text_align:left|color:%23ffffff\" use_theme_fonts=\"yes\" el_id=\"form_test-block\" css_params=\"\"][vc_custom_heading text=\"Toronto Imperial School ile e\u011fitim f\u0131rsatlar\u0131n\u0131z hakk\u0131nda daha fazla bilgi edinmek mi istiyorsunuz? \u0130leti\u015fim bilgilerinizi doldurunuz, k\u0131sa s\u00fcre i\u00e7inde sizinle ileti\u015fime ge\u00e7ece\u011fiz. \" font_container=\"tag:h5|text_align:left|color:%23ffffff\" use_theme_fonts=\"yes\"][vc_custom_heading text=\"TIS&apos;te nas\u0131l ba\u015far\u0131l\u0131 olabilece\u011finizi g\u00f6r\u00fc\u015fmeyi d\u00f6rt g\u00f6zle bekliyoruz!\" font_container=\"tag:h5|text_align:left|color:%23ffffff\" use_theme_fonts=\"yes\"][vc_raw_html css=\"\" css_params=\"\"]PGZvcm0gaWQ9ImZvcm0iIGNsYXNzPSJmb3JtX25ldyIgbWV0aG9kPSJwb3N0Ij4KCiAgICA8aW5wdXQgY2xhc3M9ImZvcm1fX2lucHV0IiB0eXBlPSJ0ZXh0IiBuYW1lPSJuYW1lIiBwbGFjZWhvbGRlcj0iQWQiIHJlcXVpcmVkPSIiPgogICAgPGlucHV0IGNsYXNzPSJmb3JtX19pbnB1dCB0ZWwiIHR5cGU9InRlbCIgbmFtZT0icGhvbmUxIiBpZD0icGhvbmUiIHBsYWNlaG9sZGVyPSIiIGRhdGEtcGhvbmU9IiIgcmVxdWlyZWQ9IiI+CiAgICA8aW5wdXQgY2xhc3M9ImZvcm1fX2lucHV0IiB0eXBlPSJlbWFpbCIgbmFtZT0iZW1haWwiIHBsYWNlaG9sZGVyPSJFLXBvc3RhIiByZXF1aXJlZD0iIj4KICAgIDxpbnB1dCBjbGFzcz0iZm9ybV9faW5wdXQgIGZvcm1fX2lucHV0LS1nZW8iIHR5cGU9ImhpZGRlbiIgbmFtZT0ibG9jYXRpb24iIHZhbHVlPSIiPgoKICAgIDxpbnB1dCB0eXBlPSJoaWRkZW4iIG5hbWU9ImZvcm1fbmFtZSIgdmFsdWU9IlRJUyBMZWFkIj4KICAgIDxpbnB1dCB0eXBlPSJoaWRkZW4iIG5hbWU9InBpcGVsaW5lIiB2YWx1ZT0iMzk2MDQ0MSI+CiAgICA8aW5wdXQgdHlwZT0iaGlkZGVuIiBuYW1lPSJyZXNwb25zaWJsZSIgdmFsdWU9IjEwNzMwODUyIj4KICAgIDxpbnB1dCB0eXBlPSJoaWRkZW4iIG5hbWU9ImxlYWRfc3RhdHVzIiB2YWx1ZT0iNzMyMDY2OTYiPgogICAgPGlucHV0IHR5cGU9ImhpZGRlbiIgbmFtZT0idGFncyIgdmFsdWU9ImNsaWVudCI+CgogICAgPGlucHV0IHR5cGU9ImhpZGRlbiIgbmFtZT0iZXZlbnQiIHZhbHVlPSJjcmVhdGUiPgogICAgPGlucHV0IHR5cGU9ImhpZGRlbiIgbmFtZT0icGhvbmVfcmVzdWx0IiB2YWx1ZT0iIj4KCgogICAgPGlucHV0IHR5cGU9ImhpZGRlbiIgbmFtZT0idXRtX3NvdXJjZSIgdmFsdWU9IiI+CiAgICA8aW5wdXQgdHlwZT0iaGlkZGVuIiBuYW1lPSJ1dG1fbWVkaXVtIiB2YWx1ZT0iIj4KICAgIDxpbnB1dCB0eXBlPSJoaWRkZW4iIG5hbWU9InV0bV9jYW1wYWlnbiIgdmFsdWU9IiI+CiAgICA8aW5wdXQgdHlwZT0iaGlkZGVuIiBuYW1lPSJ1dG1fY29udGVudCIgdmFsdWU9IiI+CiAgICA8aW5wdXQgdHlwZT0iaGlkZGVuIiBuYW1lPSJ1dG1fdGVybSIgdmFsdWU9IiI+CiAgICA8YnV0dG9uIGNsYXNzPSJmb3JtX19zdWJtaXQgYnV0dG9uIGJ1dHRvbk1haW4gYnRuX3NlbmQgYnRuX21haW4gYnRuX3JlZCIgdHlwZT0ic3VibWl0Ij4KICAgICA8cD5Hw5ZOREVSPC9wPgogICAgPC9idXR0b24+CiAgICA8ZGl2IGNsYXNzPSJjaGVja2JveCI+CiAgICAgPGlucHV0IHR5cGU9ImNoZWNrYm94IiBpZD0ic2NhbGVzIiBuYW1lPSJzY2FsZXMiIHJlcXVpcmVkPSIiIGNoZWNrZWQ+CiAgICAgPGxhYmVsIGZvcj0ic2NhbGVzIj4KIEtpxZ9pc2VsIHZlcmlsZXJpbiBpxZ9sZW5tZXNpIGlsZSBpbGdpbGkgYmlsZ2kgbWV0bmluZSB1eWd1biBvbGFyYWsga2nFn2lzZWwgdmVyaWxlcmltaW4gacWfbGVubWVzaW5pIHZlIGJhbmEgdGljYXJpIG1lc2FqbGFyIGfDtm5kZXJpbG1lc2luaSBrYWJ1bCBlZGl5b3J1bS4KICAgICA8L2xhYmVsPgogICAgPC9kaXY+CiAgIDwvZm9ybT4=[\/vc_raw_html][\/vc_column][\/vc_row]<\/div>[\/vc_column][\/vc_row]<\/p>\n<\/div>","protected":false},"excerpt":{"rendered":"<p>[vc_row el_class=&#8221;tr-leaves&#8221; conditional_render=&#8221;%5B%7B%22value_role%22%3A%22administrator%22%7D%5D&#8221;][vc_column][vc_custom_heading text=&#8221;Okul Ya\u015fam\u0131&#8221; font_container=&#8221;tag:h3|text_align:left&#8221; use_theme_fonts=&#8221;yes&#8221; css=&#8221;&#8221;][vc_custom_heading text=&#8221;Sayfa alt ba\u015fl\u0131\u011f\u0131 i\u00e7in yer&#8221; font_container=&#8221;tag:h5|text_align:left&#8221; use_theme_fonts=&#8221;yes&#8221; css=&#8221;&#8221;][vc_column_text css_animation=&#8221;none&#8221; css=&#8221;&#8221;]Lorem ipsum dolor sit amet, consectetur adipiscing elit. H\u00fcz\u00fcnl\u00fc bir \u015fekilde rahat bir ya\u015fam s\u00fcrd\u00fcr\u00fcyoruz. Kitle, zamanla risk almayan, konsantre olmayan bir ba\u011fd\u0131r. Phasellus ullamcorper felis, vitae tempus ex convallis olan lacus commodo&#8217;yu sa\u011flar. Donec venenatis enim orci, [&hellip;]<\/p>\n","protected":false},"author":1,"featured_media":0,"parent":0,"menu_order":0,"comment_status":"closed","ping_status":"closed","template":"","meta":{"footnotes":""},"class_list":["post-4018","page","type-page","status-publish","hentry"],"yoast_head":"<!-- This site is optimized with the Yoast SEO plugin v27.2 - https:\/\/yoast.com\/product\/yoast-seo-wordpress\/ -->\n<title>Okul Ya\u015fam\u0131 - Toronto Imperial School | TIS - Private Canadian school<\/title>\n<meta name=\"robots\" content=\"index, follow, max-snippet:-1, max-image-preview:large, max-video-preview:-1\" \/>\n<link rel=\"canonical\" href=\"https:\/\/torontoimperial.com\/tr\/okul-yasami\/\" \/>\n<meta property=\"og:locale\" content=\"tr_TR\" \/>\n<meta property=\"og:type\" content=\"article\" \/>\n<meta property=\"og:title\" content=\"Okul Ya\u015fam\u0131 - Toronto Imperial School | TIS - Private Canadian school\" \/>\n<meta property=\"og:description\" content=\"[vc_row el_class=&#8221;tr-leaves&#8221; conditional_render=&#8221;%5B%7B%22value_role%22%3A%22administrator%22%7D%5D&#8221;][vc_column][vc_custom_heading text=&#8221;Okul Ya\u015fam\u0131&#8221; font_container=&#8221;tag:h3|text_align:left&#8221; use_theme_fonts=&#8221;yes&#8221; css=&#8221;&#8221;][vc_custom_heading text=&#8221;Sayfa alt ba\u015fl\u0131\u011f\u0131 i\u00e7in yer&#8221; font_container=&#8221;tag:h5|text_align:left&#8221; use_theme_fonts=&#8221;yes&#8221; css=&#8221;&#8221;][vc_column_text css_animation=&#8221;none&#8221; css=&#8221;&#8221;]Lorem ipsum dolor sit amet, consectetur adipiscing elit. H\u00fcz\u00fcnl\u00fc bir \u015fekilde rahat bir ya\u015fam s\u00fcrd\u00fcr\u00fcyoruz. Kitle, zamanla risk almayan, konsantre olmayan bir ba\u011fd\u0131r. Phasellus ullamcorper felis, vitae tempus ex convallis olan lacus commodo&#8217;yu sa\u011flar. Donec venenatis enim orci, [&hellip;]\" \/>\n<meta property=\"og:url\" content=\"https:\/\/torontoimperial.com\/tr\/okul-yasami\/\" \/>\n<meta property=\"og:site_name\" content=\"Toronto Imperial School | TIS - Private Canadian school\" \/>\n<meta property=\"article:modified_time\" content=\"2026-01-13T16:22:40+00:00\" \/>\n<meta name=\"twitter:card\" content=\"summary_large_image\" \/>\n<meta name=\"twitter:label1\" content=\"Tahmini okuma s\u00fcresi\" \/>\n\t<meta name=\"twitter:data1\" content=\"7 dakika\" \/>\n<script type=\"application\/ld+json\" class=\"yoast-schema-graph\">{\"@context\":\"https:\/\/schema.org\",\"@graph\":[{\"@type\":\"WebPage\",\"@id\":\"https:\/\/torontoimperial.com\/tr\/okul-yasami\/\",\"url\":\"https:\/\/torontoimperial.com\/tr\/okul-yasami\/\",\"name\":\"Okul Ya\u015fam\u0131 - Toronto Imperial School | TIS - Private Canadian school\",\"isPartOf\":{\"@id\":\"https:\/\/torontoimperial.com\/tr\/#website\"},\"datePublished\":\"2024-06-26T17:22:11+00:00\",\"dateModified\":\"2026-01-13T16:22:40+00:00\",\"breadcrumb\":{\"@id\":\"https:\/\/torontoimperial.com\/tr\/okul-yasami\/#breadcrumb\"},\"inLanguage\":\"tr\",\"potentialAction\":[{\"@type\":\"ReadAction\",\"target\":[\"https:\/\/torontoimperial.com\/tr\/okul-yasami\/\"]}]},{\"@type\":\"BreadcrumbList\",\"@id\":\"https:\/\/torontoimperial.com\/tr\/okul-yasami\/#breadcrumb\",\"itemListElement\":[{\"@type\":\"ListItem\",\"position\":1,\"name\":\"Home\",\"item\":\"https:\/\/torontoimperial.com\/tr\/ana-sayfa-2\/\"},{\"@type\":\"ListItem\",\"position\":2,\"name\":\"Okul Ya\u015fam\u0131\"}]},{\"@type\":\"WebSite\",\"@id\":\"https:\/\/torontoimperial.com\/tr\/#website\",\"url\":\"https:\/\/torontoimperial.com\/tr\/\",\"name\":\"Toronto Imperial School | TIS - Private Canadian school\",\"description\":\"Toronto Imperial School\",\"potentialAction\":[{\"@type\":\"SearchAction\",\"target\":{\"@type\":\"EntryPoint\",\"urlTemplate\":\"https:\/\/torontoimperial.com\/tr\/?s={search_term_string}\"},\"query-input\":{\"@type\":\"PropertyValueSpecification\",\"valueRequired\":true,\"valueName\":\"search_term_string\"}}],\"inLanguage\":\"tr\"}]}<\/script>\n<!-- \/ Yoast SEO plugin. -->","yoast_head_json":{"title":"Okul Ya\u015fam\u0131 - Toronto Imperial School | TIS - Private Canadian school","robots":{"index":"index","follow":"follow","max-snippet":"max-snippet:-1","max-image-preview":"max-image-preview:large","max-video-preview":"max-video-preview:-1"},"canonical":"https:\/\/torontoimperial.com\/tr\/okul-yasami\/","og_locale":"tr_TR","og_type":"article","og_title":"Okul Ya\u015fam\u0131 - Toronto Imperial School | TIS - Private Canadian school","og_description":"[vc_row el_class=&#8221;tr-leaves&#8221; conditional_render=&#8221;%5B%7B%22value_role%22%3A%22administrator%22%7D%5D&#8221;][vc_column][vc_custom_heading text=&#8221;Okul Ya\u015fam\u0131&#8221; font_container=&#8221;tag:h3|text_align:left&#8221; use_theme_fonts=&#8221;yes&#8221; css=&#8221;&#8221;][vc_custom_heading text=&#8221;Sayfa alt ba\u015fl\u0131\u011f\u0131 i\u00e7in yer&#8221; font_container=&#8221;tag:h5|text_align:left&#8221; use_theme_fonts=&#8221;yes&#8221; css=&#8221;&#8221;][vc_column_text css_animation=&#8221;none&#8221; css=&#8221;&#8221;]Lorem ipsum dolor sit amet, consectetur adipiscing elit. H\u00fcz\u00fcnl\u00fc bir \u015fekilde rahat bir ya\u015fam s\u00fcrd\u00fcr\u00fcyoruz. Kitle, zamanla risk almayan, konsantre olmayan bir ba\u011fd\u0131r. Phasellus ullamcorper felis, vitae tempus ex convallis olan lacus commodo&#8217;yu sa\u011flar. Donec venenatis enim orci, [&hellip;]","og_url":"https:\/\/torontoimperial.com\/tr\/okul-yasami\/","og_site_name":"Toronto Imperial School | TIS - Private Canadian school","article_modified_time":"2026-01-13T16:22:40+00:00","twitter_card":"summary_large_image","twitter_misc":{"Tahmini okuma s\u00fcresi":"7 dakika"},"schema":{"@context":"https:\/\/schema.org","@graph":[{"@type":"WebPage","@id":"https:\/\/torontoimperial.com\/tr\/okul-yasami\/","url":"https:\/\/torontoimperial.com\/tr\/okul-yasami\/","name":"Okul Ya\u015fam\u0131 - Toronto Imperial School | TIS - Private Canadian school","isPartOf":{"@id":"https:\/\/torontoimperial.com\/tr\/#website"},"datePublished":"2024-06-26T17:22:11+00:00","dateModified":"2026-01-13T16:22:40+00:00","breadcrumb":{"@id":"https:\/\/torontoimperial.com\/tr\/okul-yasami\/#breadcrumb"},"inLanguage":"tr","potentialAction":[{"@type":"ReadAction","target":["https:\/\/torontoimperial.com\/tr\/okul-yasami\/"]}]},{"@type":"BreadcrumbList","@id":"https:\/\/torontoimperial.com\/tr\/okul-yasami\/#breadcrumb","itemListElement":[{"@type":"ListItem","position":1,"name":"Home","item":"https:\/\/torontoimperial.com\/tr\/ana-sayfa-2\/"},{"@type":"ListItem","position":2,"name":"Okul Ya\u015fam\u0131"}]},{"@type":"WebSite","@id":"https:\/\/torontoimperial.com\/tr\/#website","url":"https:\/\/torontoimperial.com\/tr\/","name":"Toronto Imperial School | TIS - Private Canadian school","description":"Toronto Imperial School","potentialAction":[{"@type":"SearchAction","target":{"@type":"EntryPoint","urlTemplate":"https:\/\/torontoimperial.com\/tr\/?s={search_term_string}"},"query-input":{"@type":"PropertyValueSpecification","valueRequired":true,"valueName":"search_term_string"}}],"inLanguage":"tr"}]}},"_links":{"self":[{"href":"https:\/\/torontoimperial.com\/tr\/wp-json\/wp\/v2\/pages\/4018","targetHints":{"allow":["GET"]}}],"collection":[{"href":"https:\/\/torontoimperial.com\/tr\/wp-json\/wp\/v2\/pages"}],"about":[{"href":"https:\/\/torontoimperial.com\/tr\/wp-json\/wp\/v2\/types\/page"}],"author":[{"embeddable":true,"href":"https:\/\/torontoimperial.com\/tr\/wp-json\/wp\/v2\/users\/1"}],"replies":[{"embeddable":true,"href":"https:\/\/torontoimperial.com\/tr\/wp-json\/wp\/v2\/comments?post=4018"}],"version-history":[{"count":3,"href":"https:\/\/torontoimperial.com\/tr\/wp-json\/wp\/v2\/pages\/4018\/revisions"}],"predecessor-version":[{"id":4021,"href":"https:\/\/torontoimperial.com\/tr\/wp-json\/wp\/v2\/pages\/4018\/revisions\/4021"}],"wp:attachment":[{"href":"https:\/\/torontoimperial.com\/tr\/wp-json\/wp\/v2\/media?parent=4018"}],"curies":[{"name":"wp","href":"https:\/\/api.w.org\/{rel}","templated":true}]}}