{"id":4131,"date":"2024-09-02T12:47:33","date_gmt":"2024-09-02T09:47:33","guid":{"rendered":"https:\/\/torontoimperial.com\/tesekkurler\/"},"modified":"2026-01-27T15:00:07","modified_gmt":"2026-01-27T12:00:07","slug":"tesekkurler","status":"publish","type":"page","link":"https:\/\/torontoimperial.com\/tr\/tesekkurler\/","title":{"rendered":"Te\u015fekk\u00fcrler"},"content":{"rendered":"<div class=\"wpb-content-wrapper\"><p>[vc_row full_width_css=&#8221;stretch_row_css&#8221; el_class=&#8221;ptop pbot dark-bg&#8221; conditional_render=&#8221;%5B%7B%22value_role%22%3A%22administrator%22%7D%5D&#8221; css=&#8221;.vc_custom_1725271670339{background-image: url(https:\/\/torontoimperial.com\/wp-content\/uploads\/2024\/07\/64-pic-3.webp?id=1028) !important;background-position: center !important;background-repeat: no-repeat !important;background-size: cover !important;}&#8221;][vc_column][vc_custom_heading text=&#8221;Ba\u015fvurunuz i\u00e7in te\u015fekk\u00fcr ederiz&#8221; font_container=&#8221;tag:h3|text_align:center|color:var(&#8211;porto-light-color)&#8221; use_theme_fonts=&#8221;yes&#8221; css=&#8221;&#8221;][vc_custom_heading text=&#8221;Y\u00f6neticimiz k\u0131sa s\u00fcre i\u00e7inde sizinle ileti\u015fime ge\u00e7ecektir&#8221; font_container=&#8221;tag:h4|text_align:center|color:var(&#8211;porto-light-color)&#8221; use_theme_fonts=&#8221;yes&#8221; css=&#8221;&#8221;][vc_btn title=&#8221;ANA SAYFAYA G\u0130T&#8221; color=&#8221;danger&#8221; align=&#8221;center&#8221; css=&#8221;&#8221; link=&#8221;url:https%3A%2F%2Ftorontoimperial.com%2Ftr%2F|title:Home%20page|&#8221;][\/vc_column][\/vc_row]<\/p>\n<\/div>","protected":false},"excerpt":{"rendered":"<p>[vc_row full_width_css=&#8221;stretch_row_css&#8221; el_class=&#8221;ptop pbot dark-bg&#8221; conditional_render=&#8221;%5B%7B%22value_role%22%3A%22administrator%22%7D%5D&#8221; css=&#8221;.vc_custom_1725271670339{background-image: url(https:\/\/torontoimperial.com\/wp-content\/uploads\/2024\/07\/64-pic-3.webp?id=1028) !important;background-position: center !important;background-repeat: no-repeat !important;background-size: cover !important;}&#8221;][vc_column][vc_custom_heading text=&#8221;Ba\u015fvurunuz i\u00e7in te\u015fekk\u00fcr ederiz&#8221; font_container=&#8221;tag:h3|text_align:center|color:var(&#8211;porto-light-color)&#8221; use_theme_fonts=&#8221;yes&#8221; css=&#8221;&#8221;][vc_custom_heading text=&#8221;Y\u00f6neticimiz k\u0131sa s\u00fcre i\u00e7inde sizinle ileti\u015fime ge\u00e7ecektir&#8221; font_container=&#8221;tag:h4|text_align:center|color:var(&#8211;porto-light-color)&#8221; use_theme_fonts=&#8221;yes&#8221; css=&#8221;&#8221;][vc_btn title=&#8221;ANA SAYFAYA G\u0130T&#8221; color=&#8221;danger&#8221; align=&#8221;center&#8221; css=&#8221;&#8221; link=&#8221;url:https%3A%2F%2Ftorontoimperial.com%2Ftr%2F|title:Home%20page|&#8221;][\/vc_column][\/vc_row]<\/p>\n","protected":false},"author":1,"featured_media":0,"parent":0,"menu_order":0,"comment_status":"closed","ping_status":"closed","template":"","meta":{"footnotes":""},"class_list":["post-4131","page","type-page","status-publish","hentry"],"yoast_head":"<!-- This site is optimized with the Yoast SEO plugin v27.4 - https:\/\/yoast.com\/product\/yoast-seo-wordpress\/ -->\n<title>Te\u015fekk\u00fcrler - Toronto Imperial School | TIS - Private Canadian school<\/title>\n<meta name=\"robots\" content=\"index, follow, max-snippet:-1, max-image-preview:large, max-video-preview:-1\" \/>\n<link rel=\"canonical\" href=\"https:\/\/torontoimperial.com\/tr\/tesekkurler\/\" \/>\n<meta property=\"og:locale\" content=\"tr_TR\" \/>\n<meta property=\"og:type\" content=\"article\" \/>\n<meta property=\"og:title\" content=\"Te\u015fekk\u00fcrler - Toronto Imperial School | TIS - Private Canadian school\" \/>\n<meta property=\"og:description\" content=\"[vc_row full_width_css=&#8221;stretch_row_css&#8221; el_class=&#8221;ptop pbot dark-bg&#8221; conditional_render=&#8221;%5B%7B%22value_role%22%3A%22administrator%22%7D%5D&#8221; css=&#8221;.vc_custom_1725271670339{background-image: url(https:\/\/torontoimperial.com\/wp-content\/uploads\/2024\/07\/64-pic-3.webp?id=1028) !important;background-position: center !important;background-repeat: no-repeat !important;background-size: cover !important;}&#8221;][vc_column][vc_custom_heading text=&#8221;Ba\u015fvurunuz i\u00e7in te\u015fekk\u00fcr ederiz&#8221; font_container=&#8221;tag:h3|text_align:center|color:var(&#8211;porto-light-color)&#8221; use_theme_fonts=&#8221;yes&#8221; css=&#8221;&#8221;][vc_custom_heading text=&#8221;Y\u00f6neticimiz k\u0131sa s\u00fcre i\u00e7inde sizinle ileti\u015fime ge\u00e7ecektir&#8221; font_container=&#8221;tag:h4|text_align:center|color:var(&#8211;porto-light-color)&#8221; use_theme_fonts=&#8221;yes&#8221; css=&#8221;&#8221;][vc_btn title=&#8221;ANA SAYFAYA G\u0130T&#8221; color=&#8221;danger&#8221; align=&#8221;center&#8221; css=&#8221;&#8221; link=&#8221;url:https%3A%2F%2Ftorontoimperial.com%2Ftr%2F|title:Home%20page|&#8221;][\/vc_column][\/vc_row]\" \/>\n<meta property=\"og:url\" content=\"https:\/\/torontoimperial.com\/tr\/tesekkurler\/\" \/>\n<meta property=\"og:site_name\" content=\"Toronto Imperial School | TIS - Private Canadian school\" \/>\n<meta property=\"article:modified_time\" content=\"2026-01-27T12:00:07+00:00\" \/>\n<meta name=\"twitter:card\" content=\"summary_large_image\" \/>\n<meta name=\"twitter:label1\" content=\"Tahmini okuma s\u00fcresi\" \/>\n\t<meta name=\"twitter:data1\" content=\"1 dakika\" \/>\n<script type=\"application\/ld+json\" class=\"yoast-schema-graph\">{\"@context\":\"https:\\\/\\\/schema.org\",\"@graph\":[{\"@type\":\"WebPage\",\"@id\":\"https:\\\/\\\/torontoimperial.com\\\/tr\\\/tesekkurler\\\/\",\"url\":\"https:\\\/\\\/torontoimperial.com\\\/tr\\\/tesekkurler\\\/\",\"name\":\"Te\u015fekk\u00fcrler - Toronto Imperial School | TIS - Private Canadian school\",\"isPartOf\":{\"@id\":\"https:\\\/\\\/torontoimperial.com\\\/tr\\\/#website\"},\"datePublished\":\"2024-09-02T09:47:33+00:00\",\"dateModified\":\"2026-01-27T12:00:07+00:00\",\"breadcrumb\":{\"@id\":\"https:\\\/\\\/torontoimperial.com\\\/tr\\\/tesekkurler\\\/#breadcrumb\"},\"inLanguage\":\"tr\",\"potentialAction\":[{\"@type\":\"ReadAction\",\"target\":[\"https:\\\/\\\/torontoimperial.com\\\/tr\\\/tesekkurler\\\/\"]}]},{\"@type\":\"BreadcrumbList\",\"@id\":\"https:\\\/\\\/torontoimperial.com\\\/tr\\\/tesekkurler\\\/#breadcrumb\",\"itemListElement\":[{\"@type\":\"ListItem\",\"position\":1,\"name\":\"Home\",\"item\":\"https:\\\/\\\/torontoimperial.com\\\/tr\\\/ana-sayfa-2\\\/\"},{\"@type\":\"ListItem\",\"position\":2,\"name\":\"Te\u015fekk\u00fcrler\"}]},{\"@type\":\"WebSite\",\"@id\":\"https:\\\/\\\/torontoimperial.com\\\/tr\\\/#website\",\"url\":\"https:\\\/\\\/torontoimperial.com\\\/tr\\\/\",\"name\":\"Toronto Imperial School | TIS - Private Canadian school\",\"description\":\"Toronto Imperial School\",\"potentialAction\":[{\"@type\":\"SearchAction\",\"target\":{\"@type\":\"EntryPoint\",\"urlTemplate\":\"https:\\\/\\\/torontoimperial.com\\\/tr\\\/?s={search_term_string}\"},\"query-input\":{\"@type\":\"PropertyValueSpecification\",\"valueRequired\":true,\"valueName\":\"search_term_string\"}}],\"inLanguage\":\"tr\"}]}<\/script>\n<!-- \/ Yoast SEO plugin. -->","yoast_head_json":{"title":"Te\u015fekk\u00fcrler - Toronto Imperial School | TIS - Private Canadian school","robots":{"index":"index","follow":"follow","max-snippet":"max-snippet:-1","max-image-preview":"max-image-preview:large","max-video-preview":"max-video-preview:-1"},"canonical":"https:\/\/torontoimperial.com\/tr\/tesekkurler\/","og_locale":"tr_TR","og_type":"article","og_title":"Te\u015fekk\u00fcrler - Toronto Imperial School | TIS - Private Canadian school","og_description":"[vc_row full_width_css=&#8221;stretch_row_css&#8221; el_class=&#8221;ptop pbot dark-bg&#8221; conditional_render=&#8221;%5B%7B%22value_role%22%3A%22administrator%22%7D%5D&#8221; css=&#8221;.vc_custom_1725271670339{background-image: url(https:\/\/torontoimperial.com\/wp-content\/uploads\/2024\/07\/64-pic-3.webp?id=1028) !important;background-position: center !important;background-repeat: no-repeat !important;background-size: cover !important;}&#8221;][vc_column][vc_custom_heading text=&#8221;Ba\u015fvurunuz i\u00e7in te\u015fekk\u00fcr ederiz&#8221; font_container=&#8221;tag:h3|text_align:center|color:var(&#8211;porto-light-color)&#8221; use_theme_fonts=&#8221;yes&#8221; css=&#8221;&#8221;][vc_custom_heading text=&#8221;Y\u00f6neticimiz k\u0131sa s\u00fcre i\u00e7inde sizinle ileti\u015fime ge\u00e7ecektir&#8221; font_container=&#8221;tag:h4|text_align:center|color:var(&#8211;porto-light-color)&#8221; use_theme_fonts=&#8221;yes&#8221; css=&#8221;&#8221;][vc_btn title=&#8221;ANA SAYFAYA G\u0130T&#8221; color=&#8221;danger&#8221; align=&#8221;center&#8221; css=&#8221;&#8221; link=&#8221;url:https%3A%2F%2Ftorontoimperial.com%2Ftr%2F|title:Home%20page|&#8221;][\/vc_column][\/vc_row]","og_url":"https:\/\/torontoimperial.com\/tr\/tesekkurler\/","og_site_name":"Toronto Imperial School | TIS - Private Canadian school","article_modified_time":"2026-01-27T12:00:07+00:00","twitter_card":"summary_large_image","twitter_misc":{"Tahmini okuma s\u00fcresi":"1 dakika"},"schema":{"@context":"https:\/\/schema.org","@graph":[{"@type":"WebPage","@id":"https:\/\/torontoimperial.com\/tr\/tesekkurler\/","url":"https:\/\/torontoimperial.com\/tr\/tesekkurler\/","name":"Te\u015fekk\u00fcrler - Toronto Imperial School | TIS - Private Canadian school","isPartOf":{"@id":"https:\/\/torontoimperial.com\/tr\/#website"},"datePublished":"2024-09-02T09:47:33+00:00","dateModified":"2026-01-27T12:00:07+00:00","breadcrumb":{"@id":"https:\/\/torontoimperial.com\/tr\/tesekkurler\/#breadcrumb"},"inLanguage":"tr","potentialAction":[{"@type":"ReadAction","target":["https:\/\/torontoimperial.com\/tr\/tesekkurler\/"]}]},{"@type":"BreadcrumbList","@id":"https:\/\/torontoimperial.com\/tr\/tesekkurler\/#breadcrumb","itemListElement":[{"@type":"ListItem","position":1,"name":"Home","item":"https:\/\/torontoimperial.com\/tr\/ana-sayfa-2\/"},{"@type":"ListItem","position":2,"name":"Te\u015fekk\u00fcrler"}]},{"@type":"WebSite","@id":"https:\/\/torontoimperial.com\/tr\/#website","url":"https:\/\/torontoimperial.com\/tr\/","name":"Toronto Imperial School | TIS - Private Canadian school","description":"Toronto Imperial School","potentialAction":[{"@type":"SearchAction","target":{"@type":"EntryPoint","urlTemplate":"https:\/\/torontoimperial.com\/tr\/?s={search_term_string}"},"query-input":{"@type":"PropertyValueSpecification","valueRequired":true,"valueName":"search_term_string"}}],"inLanguage":"tr"}]}},"_links":{"self":[{"href":"https:\/\/torontoimperial.com\/tr\/wp-json\/wp\/v2\/pages\/4131","targetHints":{"allow":["GET"]}}],"collection":[{"href":"https:\/\/torontoimperial.com\/tr\/wp-json\/wp\/v2\/pages"}],"about":[{"href":"https:\/\/torontoimperial.com\/tr\/wp-json\/wp\/v2\/types\/page"}],"author":[{"embeddable":true,"href":"https:\/\/torontoimperial.com\/tr\/wp-json\/wp\/v2\/users\/1"}],"replies":[{"embeddable":true,"href":"https:\/\/torontoimperial.com\/tr\/wp-json\/wp\/v2\/comments?post=4131"}],"version-history":[{"count":2,"href":"https:\/\/torontoimperial.com\/tr\/wp-json\/wp\/v2\/pages\/4131\/revisions"}],"predecessor-version":[{"id":4139,"href":"https:\/\/torontoimperial.com\/tr\/wp-json\/wp\/v2\/pages\/4131\/revisions\/4139"}],"wp:attachment":[{"href":"https:\/\/torontoimperial.com\/tr\/wp-json\/wp\/v2\/media?parent=4131"}],"curies":[{"name":"wp","href":"https:\/\/api.w.org\/{rel}","templated":true}]}}