{"id":4135,"date":"2024-11-28T16:13:36","date_gmt":"2024-11-28T13:13:36","guid":{"rendered":"https:\/\/torontoimperial.com\/turlar\/"},"modified":"2024-11-28T16:13:36","modified_gmt":"2024-11-28T13:13:36","slug":"turlar","status":"publish","type":"page","link":"https:\/\/torontoimperial.com\/tr\/turlar\/","title":{"rendered":"Turlar"},"content":{"rendered":"","protected":false},"excerpt":{"rendered":"","protected":false},"author":1,"featured_media":0,"parent":0,"menu_order":0,"comment_status":"closed","ping_status":"closed","template":"","meta":{"footnotes":""},"class_list":["post-4135","page","type-page","status-publish","hentry"],"yoast_head":"<!-- This site is optimized with the Yoast SEO plugin v27.2 - https:\/\/yoast.com\/product\/yoast-seo-wordpress\/ -->\n<title>Turlar \u0130ngilizce \u00d6\u011frenmek \u0130\u00e7in | \u00d6\u011frenciler \u0130\u00e7in Yurtd\u0131\u015f\u0131 Dil Gezileri | TIS - Toronto Imperial School<\/title>\n<meta name=\"description\" content=\"\u0130ngilizce Dil Dald\u0131rma Turlar\u0131 \u27a4 \u0130ngiltere, Kanada, ABD ve Avrupa&#039;da \u0130ngilizce \u00d6\u011frenin \u27a4\u27a4 OSSD Sertifikasyonu \ud83d\uddf9 Deneyimli ve Sertifikal\u0131 \u00d6\u011fretmenler \ud83d\uddf9 Dil Becerilerinizi H\u0131zla Geli\u015ftirin | TIS\" \/>\n<meta name=\"robots\" content=\"index, follow, max-snippet:-1, max-image-preview:large, max-video-preview:-1\" \/>\n<link rel=\"canonical\" href=\"https:\/\/torontoimperial.com\/tr\/turlar\/\" \/>\n<meta property=\"og:locale\" content=\"tr_TR\" \/>\n<meta property=\"og:type\" content=\"article\" \/>\n<meta property=\"og:title\" content=\"Turlar \u0130ngilizce \u00d6\u011frenmek \u0130\u00e7in | \u00d6\u011frenciler \u0130\u00e7in Yurtd\u0131\u015f\u0131 Dil Gezileri | TIS - Toronto Imperial School\" \/>\n<meta property=\"og:description\" content=\"\u0130ngilizce Dil Dald\u0131rma Turlar\u0131 \u27a4 \u0130ngiltere, Kanada, ABD ve Avrupa&#039;da \u0130ngilizce \u00d6\u011frenin \u27a4\u27a4 OSSD Sertifikasyonu \ud83d\uddf9 Deneyimli ve Sertifikal\u0131 \u00d6\u011fretmenler \ud83d\uddf9 Dil Becerilerinizi H\u0131zla Geli\u015ftirin | TIS\" \/>\n<meta property=\"og:url\" content=\"https:\/\/torontoimperial.com\/tr\/turlar\/\" \/>\n<meta property=\"og:site_name\" content=\"Toronto Imperial School | TIS - Private Canadian school\" \/>\n<meta name=\"twitter:card\" content=\"summary_large_image\" \/>\n<script type=\"application\/ld+json\" class=\"yoast-schema-graph\">{\"@context\":\"https:\/\/schema.org\",\"@graph\":[{\"@type\":\"WebPage\",\"@id\":\"https:\/\/torontoimperial.com\/tr\/turlar\/\",\"url\":\"https:\/\/torontoimperial.com\/tr\/turlar\/\",\"name\":\"Turlar \u0130ngilizce \u00d6\u011frenmek \u0130\u00e7in | \u00d6\u011frenciler \u0130\u00e7in Yurtd\u0131\u015f\u0131 Dil Gezileri | TIS - Toronto Imperial School\",\"isPartOf\":{\"@id\":\"https:\/\/torontoimperial.com\/tr\/#website\"},\"datePublished\":\"2024-11-28T13:13:36+00:00\",\"description\":\"\u0130ngilizce Dil Dald\u0131rma Turlar\u0131 \u27a4 \u0130ngiltere, Kanada, ABD ve Avrupa'da \u0130ngilizce \u00d6\u011frenin \u27a4\u27a4 OSSD Sertifikasyonu \ud83d\uddf9 Deneyimli ve Sertifikal\u0131 \u00d6\u011fretmenler \ud83d\uddf9 Dil Becerilerinizi H\u0131zla Geli\u015ftirin | TIS\",\"breadcrumb\":{\"@id\":\"https:\/\/torontoimperial.com\/tr\/turlar\/#breadcrumb\"},\"inLanguage\":\"tr\",\"potentialAction\":[{\"@type\":\"ReadAction\",\"target\":[\"https:\/\/torontoimperial.com\/tr\/turlar\/\"]}]},{\"@type\":\"BreadcrumbList\",\"@id\":\"https:\/\/torontoimperial.com\/tr\/turlar\/#breadcrumb\",\"itemListElement\":[{\"@type\":\"ListItem\",\"position\":1,\"name\":\"Home\",\"item\":\"https:\/\/torontoimperial.com\/tr\/ana-sayfa-2\/\"},{\"@type\":\"ListItem\",\"position\":2,\"name\":\"Turlar\"}]},{\"@type\":\"WebSite\",\"@id\":\"https:\/\/torontoimperial.com\/tr\/#website\",\"url\":\"https:\/\/torontoimperial.com\/tr\/\",\"name\":\"Toronto Imperial School | TIS - Private Canadian school\",\"description\":\"Toronto Imperial School\",\"potentialAction\":[{\"@type\":\"SearchAction\",\"target\":{\"@type\":\"EntryPoint\",\"urlTemplate\":\"https:\/\/torontoimperial.com\/tr\/?s={search_term_string}\"},\"query-input\":{\"@type\":\"PropertyValueSpecification\",\"valueRequired\":true,\"valueName\":\"search_term_string\"}}],\"inLanguage\":\"tr\"}]}<\/script>\n<!-- \/ Yoast SEO plugin. -->","yoast_head_json":{"title":"Turlar \u0130ngilizce \u00d6\u011frenmek \u0130\u00e7in | \u00d6\u011frenciler \u0130\u00e7in Yurtd\u0131\u015f\u0131 Dil Gezileri | TIS - Toronto Imperial School","description":"\u0130ngilizce Dil Dald\u0131rma Turlar\u0131 \u27a4 \u0130ngiltere, Kanada, ABD ve Avrupa'da \u0130ngilizce \u00d6\u011frenin \u27a4\u27a4 OSSD Sertifikasyonu \ud83d\uddf9 Deneyimli ve Sertifikal\u0131 \u00d6\u011fretmenler \ud83d\uddf9 Dil Becerilerinizi H\u0131zla Geli\u015ftirin | TIS","robots":{"index":"index","follow":"follow","max-snippet":"max-snippet:-1","max-image-preview":"max-image-preview:large","max-video-preview":"max-video-preview:-1"},"canonical":"https:\/\/torontoimperial.com\/tr\/turlar\/","og_locale":"tr_TR","og_type":"article","og_title":"Turlar \u0130ngilizce \u00d6\u011frenmek \u0130\u00e7in | \u00d6\u011frenciler \u0130\u00e7in Yurtd\u0131\u015f\u0131 Dil Gezileri | TIS - Toronto Imperial School","og_description":"\u0130ngilizce Dil Dald\u0131rma Turlar\u0131 \u27a4 \u0130ngiltere, Kanada, ABD ve Avrupa'da \u0130ngilizce \u00d6\u011frenin \u27a4\u27a4 OSSD Sertifikasyonu \ud83d\uddf9 Deneyimli ve Sertifikal\u0131 \u00d6\u011fretmenler \ud83d\uddf9 Dil Becerilerinizi H\u0131zla Geli\u015ftirin | TIS","og_url":"https:\/\/torontoimperial.com\/tr\/turlar\/","og_site_name":"Toronto Imperial School | TIS - Private Canadian school","twitter_card":"summary_large_image","schema":{"@context":"https:\/\/schema.org","@graph":[{"@type":"WebPage","@id":"https:\/\/torontoimperial.com\/tr\/turlar\/","url":"https:\/\/torontoimperial.com\/tr\/turlar\/","name":"Turlar \u0130ngilizce \u00d6\u011frenmek \u0130\u00e7in | \u00d6\u011frenciler \u0130\u00e7in Yurtd\u0131\u015f\u0131 Dil Gezileri | TIS - Toronto Imperial School","isPartOf":{"@id":"https:\/\/torontoimperial.com\/tr\/#website"},"datePublished":"2024-11-28T13:13:36+00:00","description":"\u0130ngilizce Dil Dald\u0131rma Turlar\u0131 \u27a4 \u0130ngiltere, Kanada, ABD ve Avrupa'da \u0130ngilizce \u00d6\u011frenin \u27a4\u27a4 OSSD Sertifikasyonu \ud83d\uddf9 Deneyimli ve Sertifikal\u0131 \u00d6\u011fretmenler \ud83d\uddf9 Dil Becerilerinizi H\u0131zla Geli\u015ftirin | TIS","breadcrumb":{"@id":"https:\/\/torontoimperial.com\/tr\/turlar\/#breadcrumb"},"inLanguage":"tr","potentialAction":[{"@type":"ReadAction","target":["https:\/\/torontoimperial.com\/tr\/turlar\/"]}]},{"@type":"BreadcrumbList","@id":"https:\/\/torontoimperial.com\/tr\/turlar\/#breadcrumb","itemListElement":[{"@type":"ListItem","position":1,"name":"Home","item":"https:\/\/torontoimperial.com\/tr\/ana-sayfa-2\/"},{"@type":"ListItem","position":2,"name":"Turlar"}]},{"@type":"WebSite","@id":"https:\/\/torontoimperial.com\/tr\/#website","url":"https:\/\/torontoimperial.com\/tr\/","name":"Toronto Imperial School | TIS - Private Canadian school","description":"Toronto Imperial School","potentialAction":[{"@type":"SearchAction","target":{"@type":"EntryPoint","urlTemplate":"https:\/\/torontoimperial.com\/tr\/?s={search_term_string}"},"query-input":{"@type":"PropertyValueSpecification","valueRequired":true,"valueName":"search_term_string"}}],"inLanguage":"tr"}]}},"_links":{"self":[{"href":"https:\/\/torontoimperial.com\/tr\/wp-json\/wp\/v2\/pages\/4135","targetHints":{"allow":["GET"]}}],"collection":[{"href":"https:\/\/torontoimperial.com\/tr\/wp-json\/wp\/v2\/pages"}],"about":[{"href":"https:\/\/torontoimperial.com\/tr\/wp-json\/wp\/v2\/types\/page"}],"author":[{"embeddable":true,"href":"https:\/\/torontoimperial.com\/tr\/wp-json\/wp\/v2\/users\/1"}],"replies":[{"embeddable":true,"href":"https:\/\/torontoimperial.com\/tr\/wp-json\/wp\/v2\/comments?post=4135"}],"version-history":[{"count":0,"href":"https:\/\/torontoimperial.com\/tr\/wp-json\/wp\/v2\/pages\/4135\/revisions"}],"wp:attachment":[{"href":"https:\/\/torontoimperial.com\/tr\/wp-json\/wp\/v2\/media?parent=4135"}],"curies":[{"name":"wp","href":"https:\/\/api.w.org\/{rel}","templated":true}]}}