{"id":4267,"date":"2024-06-26T20:26:07","date_gmt":"2024-06-26T17:26:07","guid":{"rendered":"https:\/\/torontoimperial.com\/veli-destegi\/"},"modified":"2026-01-27T15:06:06","modified_gmt":"2026-01-27T12:06:06","slug":"veli-destegi","status":"publish","type":"page","link":"https:\/\/torontoimperial.com\/tr\/simdi-kayit-olun\/veli-destegi\/","title":{"rendered":"Veli Deste\u011fi"},"content":{"rendered":"<div class=\"wpb-content-wrapper\"><p>[vc_row el_class=&#8221;about-block title-line&#8221; conditional_render=&#8221;%5B%7B%22value_role%22%3A%22administrator%22%7D%5D&#8221;][vc_column width=&#8221;1\/2&#8243; el_class=&#8221;zitwo&#8221; conditional_render=&#8221;%5B%7B%22value_role%22%3A%22administrator%22%7D%5D&#8221;][vc_single_image image=&#8221;4268&#8243; img_size=&#8221;full&#8221; css=&#8221;&#8221; label=&#8221;&#8221;][\/vc_column][vc_column width=&#8221;1\/2&#8243;][vc_custom_heading text=&#8221;Veli Deste\u011fi&#8221; font_container=&#8221;tag:h3|text_align:left&#8221; use_theme_fonts=&#8221;yes&#8221; css=&#8221;&#8221;][vc_custom_heading text=&#8221;Yard\u0131ma m\u0131 ihtiyac\u0131n\u0131z var? Sorular\u0131n\u0131z\u0131n yan\u0131tlar\u0131n\u0131 burada bulabilirsiniz. &#8221; font_container=&#8221;tag:h5|text_align:left&#8221; use_theme_fonts=&#8221;yes&#8221; css=&#8221;&#8221;][vc_column_text css_animation=&#8221;none&#8221; css=&#8221;&#8221;]Lorem ipsum dolor sit amet, consectetur adipiscing elit. H\u00fcz\u00fcnl\u00fc bir \u015fekilde p\u00fcr\u00fczs\u00fcz lorem ipsum metni. Kitle, zamanlama ve risk olmadan, bo\u015f alan doldurucu metin. Phasellus&#8217;un ayak bili\u011fi g\u00f6lde rahat, ya\u015fam zaman\u0131 eski sa\u011fl\u0131k durumunda. Zehirli v\u00fccut orci, yast\u0131kl\u0131 v\u00fccut ihtiyac\u0131 var.    Maecenas felis enim, sollicitudin at felis a, lobortis ullamcorper augue. Donec a ullamcorper arcu. Pellentesque finibus urna id nisl vestibulum, aliquam varius turpis convallis. Nullam tempus justo sit amet orci pretium, vitae tristique ante malesuada.[\/vc_column_text][vc_btn title=&#8221;Kurs sipari\u015fi verin&#8221; color=&#8221;danger&#8221; css=&#8221;&#8221; link=&#8221;url:%23|&#8221; el_class=&#8221;order-course-modal&#8221; animation_type=&#8221;bounceIn&#8221;][\/vc_column][\/vc_row][vc_row full_width_css=&#8221;stretch_row_css&#8221; el_class=&#8221;ptop pbot br1-leaves&#8221; conditional_render=&#8221;%5B%7B%22value_role%22%3A%22administrator%22%7D%5D&#8221;][vc_column conditional_render=&#8221;%5B%7B%22value_role%22%3A%22administrator%22%7D%5D&#8221;][vc_custom_heading text=&#8221;SSS&#8221; font_container=&#8221;tag:h3|text_align:left&#8221; use_theme_fonts=&#8221;yes&#8221; css=&#8221;&#8221;][vc_accordion][vc_accordion_tab title=&#8221;Lorem ipsum dolor sit amet, consectetur adipiscing elit.&#8221;][vc_column_text css=&#8221;&#8221;]Lorem ipsum dolor sit amet, consectetur adipiscing elit. Mauris&#8217;in a\u011f\u0131rl\u0131\u011f\u0131 ara\u00e7s\u0131z urna de\u011fil. Ut her zaman semper eros oturur. Fusce bibendum, lobortis malesuada&#8217;ya kadar anlat\u0131r. Pellentesque scelerisque volutpat dikte. Phasellus ge\u00e7ici aliquam kolayl\u0131\u011f\u0131. \u015eimdiki \u00e7e\u015fitli enim \u00f6zg\u00fcrl\u00fc\u011f\u00fc, ut molestie turpis eleifend de\u011fil. Fusce bibendum \u00f6zg\u00fcrl\u00fc\u011f\u00fc ya\u015fam pretium ultrices. Phasellus sed kolayla\u015ft\u0131r\u0131lm\u0131\u015f aslan.        In lacinia consequat diam, ac accumsan mauris facilisis vel. Sed risus mi, laoreet quis venenatis nec, rhoncus nec lacus. Maecenas eu ultricies arcu. Quisque sed est ut augue fringilla tempus id at neque. Vestibulum neque quam, vehicula ut dolor vel, dignissim scelerisque leo. Sed aliquam ex ultricies, maximus tortor sed, hendrerit neque. Suspendisse eu dapibus mi. Sed tempor ultricies dolor eget volutpat.[\/vc_column_text][\/vc_accordion_tab][vc_accordion_tab title=&#8221;Lorem ipsum dolor sit amet, consectetur adipiscing elit.&#8221;][vc_column_text css=&#8221;&#8221;]Lorem ipsum dolor sit amet, consectetur adipiscing elit. Mauris&#8217;in a\u011f\u0131rl\u0131\u011f\u0131 ara\u00e7s\u0131z urna de\u011fil. Ut her zaman semper eros oturur. Fusce bibendum, lobortis malesuada&#8217;ya kadar anlat\u0131r. Pellentesque scelerisque volutpat dikte. Phasellus ge\u00e7ici aliquam kolayl\u0131\u011f\u0131. \u015eimdiki \u00e7e\u015fitli enim \u00f6zg\u00fcrl\u00fc\u011f\u00fc, ut molestie turpis eleifend de\u011fil. Fusce bibendum \u00f6zg\u00fcrl\u00fc\u011f\u00fc ya\u015fam pretium ultrices. Phasellus sed kolayla\u015ft\u0131r\u0131lm\u0131\u015f aslan.        In lacinia consequat diam, ac accumsan mauris facilisis vel. Sed risus mi, laoreet quis venenatis nec, rhoncus nec lacus. Maecenas eu ultricies arcu. Quisque sed est ut augue fringilla tempus id at neque. Vestibulum neque quam, vehicula ut dolor vel, dignissim scelerisque leo. Sed aliquam ex ultricies, maximus tortor sed, hendrerit neque. Suspendisse eu dapibus mi. Sed tempor ultricies dolor eget volutpat.[\/vc_column_text][\/vc_accordion_tab][vc_accordion_tab title=&#8221;Lorem ipsum dolor sit amet, consectetur adipiscing elit.&#8221;][vc_column_text css=&#8221;&#8221;]Lorem ipsum dolor sit amet, consectetur adipiscing elit. Mauris&#8217;in a\u011f\u0131rl\u0131\u011f\u0131 ara\u00e7s\u0131z urna de\u011fil. Ut her zaman semper eros oturur. Fusce bibendum, lobortis malesuada&#8217;ya kadar anlat\u0131r. Pellentesque scelerisque volutpat dikte. Phasellus ge\u00e7ici aliquam kolayl\u0131\u011f\u0131. \u015eimdiki \u00e7e\u015fitli enim \u00f6zg\u00fcrl\u00fc\u011f\u00fc, ut molestie turpis eleifend de\u011fil. Fusce bibendum \u00f6zg\u00fcrl\u00fc\u011f\u00fc ya\u015fam pretium ultrices. Phasellus sed kolayla\u015ft\u0131r\u0131lm\u0131\u015f aslan.        In lacinia consequat diam, ac accumsan mauris facilisis vel. Sed risus mi, laoreet quis venenatis nec, rhoncus nec lacus. Maecenas eu ultricies arcu. Quisque sed est ut augue fringilla tempus id at neque. Vestibulum neque quam, vehicula ut dolor vel, dignissim scelerisque leo. Sed aliquam ex ultricies, maximus tortor sed, hendrerit neque. Suspendisse eu dapibus mi. Sed tempor ultricies dolor eget volutpat.[\/vc_column_text][\/vc_accordion_tab][vc_accordion_tab title=&#8221;Lorem ipsum dolor sit amet, consectetur adipiscing elit.&#8221;][vc_column_text css=&#8221;&#8221;]Lorem ipsum dolor sit amet, consectetur adipiscing elit. Mauris&#8217;in a\u011f\u0131rl\u0131\u011f\u0131 ara\u00e7s\u0131z urna de\u011fil. Ut her zaman semper eros oturur. Fusce bibendum, lobortis malesuada&#8217;ya kadar anlat\u0131r. Pellentesque scelerisque volutpat dikte. Phasellus ge\u00e7ici aliquam kolayl\u0131\u011f\u0131. \u015eimdiki \u00e7e\u015fitli enim \u00f6zg\u00fcrl\u00fc\u011f\u00fc, ut molestie turpis eleifend de\u011fil. Fusce bibendum \u00f6zg\u00fcrl\u00fc\u011f\u00fc ya\u015fam pretium ultrices. Phasellus sed kolayla\u015ft\u0131r\u0131lm\u0131\u015f aslan.        In lacinia consequat diam, ac accumsan mauris facilisis vel. Sed risus mi, laoreet quis venenatis nec, rhoncus nec lacus. Maecenas eu ultricies arcu. Quisque sed est ut augue fringilla tempus id at neque. Vestibulum neque quam, vehicula ut dolor vel, dignissim scelerisque leo. Sed aliquam ex ultricies, maximus tortor sed, hendrerit neque. Suspendisse eu dapibus mi. Sed tempor ultricies dolor eget volutpat.[\/vc_column_text][\/vc_accordion_tab][\/vc_accordion][\/vc_column][\/vc_row][vc_row][vc_column]<div class=\"porto-block\" data-id=\"4228\"><style>.vc_custom_1721132232614{background-image: url(https:\/\/torontoimperial.com\/wp-content\/uploads\/2024\/07\/pic-2.webp?id=597) !important;background-position: center;background-repeat: no-repeat !important;background-size: cover !important;}<\/style>[vc_row full_width_css=\"stretch_row_css\" parallax=\"content-moving\" parallax_image=\"597\" parallax_speed_bg=\"1.6\" css=\".vc_custom_1721132232614{background-image: url(https:\/\/torontoimperial.com\/wp-content\/uploads\/2024\/07\/pic-2.webp?id=597) !important;background-position: center;background-repeat: no-repeat !important;background-size: cover !important;}\" conditional_render=\"%5B%7B%22value_role%22%3A%22administrator%22%7D%5D\" el_class=\"ptop pbot main-form\"][vc_column][vc_custom_heading text=\"Daha fazla bilgi edinmek mi istiyorsunuz? Bir sorunuz mu var? \" font_container=\"tag:h3|text_align:left|color:%23ffffff\" use_theme_fonts=\"yes\" el_id=\"form_test-block\" css_params=\"\"][vc_custom_heading text=\"Toronto Imperial School ile e\u011fitim f\u0131rsatlar\u0131n\u0131z hakk\u0131nda daha fazla bilgi edinmek mi istiyorsunuz? \u0130leti\u015fim bilgilerinizi doldurunuz, k\u0131sa s\u00fcre i\u00e7inde sizinle ileti\u015fime ge\u00e7ece\u011fiz. \" font_container=\"tag:h5|text_align:left|color:%23ffffff\" use_theme_fonts=\"yes\"][vc_custom_heading text=\"TIS&apos;te nas\u0131l ba\u015far\u0131l\u0131 olabilece\u011finizi g\u00f6r\u00fc\u015fmeyi d\u00f6rt g\u00f6zle bekliyoruz!\" font_container=\"tag:h5|text_align:left|color:%23ffffff\" use_theme_fonts=\"yes\"][vc_raw_html css=\"\" css_params=\"\"]PGZvcm0gaWQ9ImZvcm0iIGNsYXNzPSJmb3JtX25ldyIgbWV0aG9kPSJwb3N0Ij4KCiAgICA8aW5wdXQgY2xhc3M9ImZvcm1fX2lucHV0IiB0eXBlPSJ0ZXh0IiBuYW1lPSJuYW1lIiBwbGFjZWhvbGRlcj0iQWQiIHJlcXVpcmVkPSIiPgogICAgPGlucHV0IGNsYXNzPSJmb3JtX19pbnB1dCB0ZWwiIHR5cGU9InRlbCIgbmFtZT0icGhvbmUxIiBpZD0icGhvbmUiIHBsYWNlaG9sZGVyPSIiIGRhdGEtcGhvbmU9IiIgcmVxdWlyZWQ9IiI+CiAgICA8aW5wdXQgY2xhc3M9ImZvcm1fX2lucHV0IiB0eXBlPSJlbWFpbCIgbmFtZT0iZW1haWwiIHBsYWNlaG9sZGVyPSJFLXBvc3RhIiByZXF1aXJlZD0iIj4KICAgIDxpbnB1dCBjbGFzcz0iZm9ybV9faW5wdXQgIGZvcm1fX2lucHV0LS1nZW8iIHR5cGU9ImhpZGRlbiIgbmFtZT0ibG9jYXRpb24iIHZhbHVlPSIiPgoKICAgIDxpbnB1dCB0eXBlPSJoaWRkZW4iIG5hbWU9ImZvcm1fbmFtZSIgdmFsdWU9IlRJUyBMZWFkIj4KICAgIDxpbnB1dCB0eXBlPSJoaWRkZW4iIG5hbWU9InBpcGVsaW5lIiB2YWx1ZT0iMzk2MDQ0MSI+CiAgICA8aW5wdXQgdHlwZT0iaGlkZGVuIiBuYW1lPSJyZXNwb25zaWJsZSIgdmFsdWU9IjEwNzMwODUyIj4KICAgIDxpbnB1dCB0eXBlPSJoaWRkZW4iIG5hbWU9ImxlYWRfc3RhdHVzIiB2YWx1ZT0iNzMyMDY2OTYiPgogICAgPGlucHV0IHR5cGU9ImhpZGRlbiIgbmFtZT0idGFncyIgdmFsdWU9ImNsaWVudCI+CgogICAgPGlucHV0IHR5cGU9ImhpZGRlbiIgbmFtZT0iZXZlbnQiIHZhbHVlPSJjcmVhdGUiPgogICAgPGlucHV0IHR5cGU9ImhpZGRlbiIgbmFtZT0icGhvbmVfcmVzdWx0IiB2YWx1ZT0iIj4KCgogICAgPGlucHV0IHR5cGU9ImhpZGRlbiIgbmFtZT0idXRtX3NvdXJjZSIgdmFsdWU9IiI+CiAgICA8aW5wdXQgdHlwZT0iaGlkZGVuIiBuYW1lPSJ1dG1fbWVkaXVtIiB2YWx1ZT0iIj4KICAgIDxpbnB1dCB0eXBlPSJoaWRkZW4iIG5hbWU9InV0bV9jYW1wYWlnbiIgdmFsdWU9IiI+CiAgICA8aW5wdXQgdHlwZT0iaGlkZGVuIiBuYW1lPSJ1dG1fY29udGVudCIgdmFsdWU9IiI+CiAgICA8aW5wdXQgdHlwZT0iaGlkZGVuIiBuYW1lPSJ1dG1fdGVybSIgdmFsdWU9IiI+CiAgICA8YnV0dG9uIGNsYXNzPSJmb3JtX19zdWJtaXQgYnV0dG9uIGJ1dHRvbk1haW4gYnRuX3NlbmQgYnRuX21haW4gYnRuX3JlZCIgdHlwZT0ic3VibWl0Ij4KICAgICA8cD5Hw5ZOREVSPC9wPgogICAgPC9idXR0b24+CiAgICA8ZGl2IGNsYXNzPSJjaGVja2JveCI+CiAgICAgPGlucHV0IHR5cGU9ImNoZWNrYm94IiBpZD0ic2NhbGVzIiBuYW1lPSJzY2FsZXMiIHJlcXVpcmVkPSIiIGNoZWNrZWQ+CiAgICAgPGxhYmVsIGZvcj0ic2NhbGVzIj4KIEtpxZ9pc2VsIHZlcmlsZXJpbiBpxZ9sZW5tZXNpIGlsZSBpbGdpbGkgYmlsZ2kgbWV0bmluZSB1eWd1biBvbGFyYWsga2nFn2lzZWwgdmVyaWxlcmltaW4gacWfbGVubWVzaW5pIHZlIGJhbmEgdGljYXJpIG1lc2FqbGFyIGfDtm5kZXJpbG1lc2luaSBrYWJ1bCBlZGl5b3J1bS4KICAgICA8L2xhYmVsPgogICAgPC9kaXY+CiAgIDwvZm9ybT4=[\/vc_raw_html][\/vc_column][\/vc_row]<\/div>[\/vc_column][\/vc_row]<\/p>\n<\/div>","protected":false},"excerpt":{"rendered":"<p>[vc_row el_class=&#8221;about-block title-line&#8221; conditional_render=&#8221;%5B%7B%22value_role%22%3A%22administrator%22%7D%5D&#8221;][vc_column width=&#8221;1\/2&#8243; el_class=&#8221;zitwo&#8221; conditional_render=&#8221;%5B%7B%22value_role%22%3A%22administrator%22%7D%5D&#8221;][vc_single_image image=&#8221;4268&#8243; img_size=&#8221;full&#8221; css=&#8221;&#8221; label=&#8221;&#8221;][\/vc_column][vc_column width=&#8221;1\/2&#8243;][vc_custom_heading text=&#8221;Veli Deste\u011fi&#8221; font_container=&#8221;tag:h3|text_align:left&#8221; use_theme_fonts=&#8221;yes&#8221; css=&#8221;&#8221;][vc_custom_heading text=&#8221;Yard\u0131ma m\u0131 ihtiyac\u0131n\u0131z var? Sorular\u0131n\u0131z\u0131n yan\u0131tlar\u0131n\u0131 burada bulabilirsiniz. &#8221; font_container=&#8221;tag:h5|text_align:left&#8221; use_theme_fonts=&#8221;yes&#8221; css=&#8221;&#8221;][vc_column_text css_animation=&#8221;none&#8221; css=&#8221;&#8221;]Lorem ipsum dolor sit amet, consectetur adipiscing elit. H\u00fcz\u00fcnl\u00fc bir \u015fekilde p\u00fcr\u00fczs\u00fcz lorem ipsum metni. Kitle, zamanlama ve risk olmadan, bo\u015f alan doldurucu metin. Phasellus&#8217;un [&hellip;]<\/p>\n","protected":false},"author":1,"featured_media":0,"parent":4279,"menu_order":0,"comment_status":"closed","ping_status":"closed","template":"","meta":{"footnotes":""},"class_list":["post-4267","page","type-page","status-publish","hentry"],"yoast_head":"<!-- This site is optimized with the Yoast SEO plugin v27.4 - https:\/\/yoast.com\/product\/yoast-seo-wordpress\/ -->\n<title>Veli Deste\u011fi - Toronto Imperial School | TIS - Private Canadian school<\/title>\n<meta name=\"robots\" content=\"index, follow, max-snippet:-1, max-image-preview:large, max-video-preview:-1\" \/>\n<link rel=\"canonical\" href=\"https:\/\/torontoimperial.com\/tr\/simdi-kayit-olun\/veli-destegi\/\" \/>\n<meta property=\"og:locale\" content=\"tr_TR\" \/>\n<meta property=\"og:type\" content=\"article\" \/>\n<meta property=\"og:title\" content=\"Veli Deste\u011fi - Toronto Imperial School | TIS - Private Canadian school\" \/>\n<meta property=\"og:description\" content=\"[vc_row el_class=&#8221;about-block title-line&#8221; conditional_render=&#8221;%5B%7B%22value_role%22%3A%22administrator%22%7D%5D&#8221;][vc_column width=&#8221;1\/2&#8243; el_class=&#8221;zitwo&#8221; conditional_render=&#8221;%5B%7B%22value_role%22%3A%22administrator%22%7D%5D&#8221;][vc_single_image image=&#8221;4268&#8243; img_size=&#8221;full&#8221; css=&#8221;&#8221; label=&#8221;&#8221;][\/vc_column][vc_column width=&#8221;1\/2&#8243;][vc_custom_heading text=&#8221;Veli Deste\u011fi&#8221; font_container=&#8221;tag:h3|text_align:left&#8221; use_theme_fonts=&#8221;yes&#8221; css=&#8221;&#8221;][vc_custom_heading text=&#8221;Yard\u0131ma m\u0131 ihtiyac\u0131n\u0131z var? Sorular\u0131n\u0131z\u0131n yan\u0131tlar\u0131n\u0131 burada bulabilirsiniz. &#8221; font_container=&#8221;tag:h5|text_align:left&#8221; use_theme_fonts=&#8221;yes&#8221; css=&#8221;&#8221;][vc_column_text css_animation=&#8221;none&#8221; css=&#8221;&#8221;]Lorem ipsum dolor sit amet, consectetur adipiscing elit. H\u00fcz\u00fcnl\u00fc bir \u015fekilde p\u00fcr\u00fczs\u00fcz lorem ipsum metni. Kitle, zamanlama ve risk olmadan, bo\u015f alan doldurucu metin. Phasellus&#8217;un [&hellip;]\" \/>\n<meta property=\"og:url\" content=\"https:\/\/torontoimperial.com\/tr\/simdi-kayit-olun\/veli-destegi\/\" \/>\n<meta property=\"og:site_name\" content=\"Toronto Imperial School | TIS - Private Canadian school\" \/>\n<meta property=\"article:modified_time\" content=\"2026-01-27T12:06:06+00:00\" \/>\n<meta name=\"twitter:card\" content=\"summary_large_image\" \/>\n<meta name=\"twitter:label1\" content=\"Tahmini okuma s\u00fcresi\" \/>\n\t<meta name=\"twitter:data1\" content=\"4 dakika\" \/>\n<script type=\"application\/ld+json\" class=\"yoast-schema-graph\">{\"@context\":\"https:\\\/\\\/schema.org\",\"@graph\":[{\"@type\":\"WebPage\",\"@id\":\"https:\\\/\\\/torontoimperial.com\\\/tr\\\/simdi-kayit-olun\\\/veli-destegi\\\/\",\"url\":\"https:\\\/\\\/torontoimperial.com\\\/tr\\\/simdi-kayit-olun\\\/veli-destegi\\\/\",\"name\":\"Veli Deste\u011fi - Toronto Imperial School | TIS - Private Canadian school\",\"isPartOf\":{\"@id\":\"https:\\\/\\\/torontoimperial.com\\\/tr\\\/#website\"},\"datePublished\":\"2024-06-26T17:26:07+00:00\",\"dateModified\":\"2026-01-27T12:06:06+00:00\",\"breadcrumb\":{\"@id\":\"https:\\\/\\\/torontoimperial.com\\\/tr\\\/simdi-kayit-olun\\\/veli-destegi\\\/#breadcrumb\"},\"inLanguage\":\"tr\",\"potentialAction\":[{\"@type\":\"ReadAction\",\"target\":[\"https:\\\/\\\/torontoimperial.com\\\/tr\\\/simdi-kayit-olun\\\/veli-destegi\\\/\"]}]},{\"@type\":\"BreadcrumbList\",\"@id\":\"https:\\\/\\\/torontoimperial.com\\\/tr\\\/simdi-kayit-olun\\\/veli-destegi\\\/#breadcrumb\",\"itemListElement\":[{\"@type\":\"ListItem\",\"position\":1,\"name\":\"Home\",\"item\":\"https:\\\/\\\/torontoimperial.com\\\/tr\\\/ana-sayfa-2\\\/\"},{\"@type\":\"ListItem\",\"position\":2,\"name\":\"\u015eimdi Kay\u0131t Olun\",\"item\":\"https:\\\/\\\/torontoimperial.com\\\/tr\\\/simdi-kayit-olun\\\/\"},{\"@type\":\"ListItem\",\"position\":3,\"name\":\"Veli Deste\u011fi\"}]},{\"@type\":\"WebSite\",\"@id\":\"https:\\\/\\\/torontoimperial.com\\\/tr\\\/#website\",\"url\":\"https:\\\/\\\/torontoimperial.com\\\/tr\\\/\",\"name\":\"Toronto Imperial School | TIS - Private Canadian school\",\"description\":\"Toronto Imperial School\",\"potentialAction\":[{\"@type\":\"SearchAction\",\"target\":{\"@type\":\"EntryPoint\",\"urlTemplate\":\"https:\\\/\\\/torontoimperial.com\\\/tr\\\/?s={search_term_string}\"},\"query-input\":{\"@type\":\"PropertyValueSpecification\",\"valueRequired\":true,\"valueName\":\"search_term_string\"}}],\"inLanguage\":\"tr\"}]}<\/script>\n<!-- \/ Yoast SEO plugin. -->","yoast_head_json":{"title":"Veli Deste\u011fi - Toronto Imperial School | TIS - Private Canadian school","robots":{"index":"index","follow":"follow","max-snippet":"max-snippet:-1","max-image-preview":"max-image-preview:large","max-video-preview":"max-video-preview:-1"},"canonical":"https:\/\/torontoimperial.com\/tr\/simdi-kayit-olun\/veli-destegi\/","og_locale":"tr_TR","og_type":"article","og_title":"Veli Deste\u011fi - Toronto Imperial School | TIS - Private Canadian school","og_description":"[vc_row el_class=&#8221;about-block title-line&#8221; conditional_render=&#8221;%5B%7B%22value_role%22%3A%22administrator%22%7D%5D&#8221;][vc_column width=&#8221;1\/2&#8243; el_class=&#8221;zitwo&#8221; conditional_render=&#8221;%5B%7B%22value_role%22%3A%22administrator%22%7D%5D&#8221;][vc_single_image image=&#8221;4268&#8243; img_size=&#8221;full&#8221; css=&#8221;&#8221; label=&#8221;&#8221;][\/vc_column][vc_column width=&#8221;1\/2&#8243;][vc_custom_heading text=&#8221;Veli Deste\u011fi&#8221; font_container=&#8221;tag:h3|text_align:left&#8221; use_theme_fonts=&#8221;yes&#8221; css=&#8221;&#8221;][vc_custom_heading text=&#8221;Yard\u0131ma m\u0131 ihtiyac\u0131n\u0131z var? Sorular\u0131n\u0131z\u0131n yan\u0131tlar\u0131n\u0131 burada bulabilirsiniz. &#8221; font_container=&#8221;tag:h5|text_align:left&#8221; use_theme_fonts=&#8221;yes&#8221; css=&#8221;&#8221;][vc_column_text css_animation=&#8221;none&#8221; css=&#8221;&#8221;]Lorem ipsum dolor sit amet, consectetur adipiscing elit. H\u00fcz\u00fcnl\u00fc bir \u015fekilde p\u00fcr\u00fczs\u00fcz lorem ipsum metni. Kitle, zamanlama ve risk olmadan, bo\u015f alan doldurucu metin. Phasellus&#8217;un [&hellip;]","og_url":"https:\/\/torontoimperial.com\/tr\/simdi-kayit-olun\/veli-destegi\/","og_site_name":"Toronto Imperial School | TIS - Private Canadian school","article_modified_time":"2026-01-27T12:06:06+00:00","twitter_card":"summary_large_image","twitter_misc":{"Tahmini okuma s\u00fcresi":"4 dakika"},"schema":{"@context":"https:\/\/schema.org","@graph":[{"@type":"WebPage","@id":"https:\/\/torontoimperial.com\/tr\/simdi-kayit-olun\/veli-destegi\/","url":"https:\/\/torontoimperial.com\/tr\/simdi-kayit-olun\/veli-destegi\/","name":"Veli Deste\u011fi - Toronto Imperial School | TIS - Private Canadian school","isPartOf":{"@id":"https:\/\/torontoimperial.com\/tr\/#website"},"datePublished":"2024-06-26T17:26:07+00:00","dateModified":"2026-01-27T12:06:06+00:00","breadcrumb":{"@id":"https:\/\/torontoimperial.com\/tr\/simdi-kayit-olun\/veli-destegi\/#breadcrumb"},"inLanguage":"tr","potentialAction":[{"@type":"ReadAction","target":["https:\/\/torontoimperial.com\/tr\/simdi-kayit-olun\/veli-destegi\/"]}]},{"@type":"BreadcrumbList","@id":"https:\/\/torontoimperial.com\/tr\/simdi-kayit-olun\/veli-destegi\/#breadcrumb","itemListElement":[{"@type":"ListItem","position":1,"name":"Home","item":"https:\/\/torontoimperial.com\/tr\/ana-sayfa-2\/"},{"@type":"ListItem","position":2,"name":"\u015eimdi Kay\u0131t Olun","item":"https:\/\/torontoimperial.com\/tr\/simdi-kayit-olun\/"},{"@type":"ListItem","position":3,"name":"Veli Deste\u011fi"}]},{"@type":"WebSite","@id":"https:\/\/torontoimperial.com\/tr\/#website","url":"https:\/\/torontoimperial.com\/tr\/","name":"Toronto Imperial School | TIS - Private Canadian school","description":"Toronto Imperial School","potentialAction":[{"@type":"SearchAction","target":{"@type":"EntryPoint","urlTemplate":"https:\/\/torontoimperial.com\/tr\/?s={search_term_string}"},"query-input":{"@type":"PropertyValueSpecification","valueRequired":true,"valueName":"search_term_string"}}],"inLanguage":"tr"}]}},"_links":{"self":[{"href":"https:\/\/torontoimperial.com\/tr\/wp-json\/wp\/v2\/pages\/4267","targetHints":{"allow":["GET"]}}],"collection":[{"href":"https:\/\/torontoimperial.com\/tr\/wp-json\/wp\/v2\/pages"}],"about":[{"href":"https:\/\/torontoimperial.com\/tr\/wp-json\/wp\/v2\/types\/page"}],"author":[{"embeddable":true,"href":"https:\/\/torontoimperial.com\/tr\/wp-json\/wp\/v2\/users\/1"}],"replies":[{"embeddable":true,"href":"https:\/\/torontoimperial.com\/tr\/wp-json\/wp\/v2\/comments?post=4267"}],"version-history":[{"count":2,"href":"https:\/\/torontoimperial.com\/tr\/wp-json\/wp\/v2\/pages\/4267\/revisions"}],"predecessor-version":[{"id":4274,"href":"https:\/\/torontoimperial.com\/tr\/wp-json\/wp\/v2\/pages\/4267\/revisions\/4274"}],"up":[{"embeddable":true,"href":"https:\/\/torontoimperial.com\/tr\/wp-json\/wp\/v2\/pages\/4279"}],"wp:attachment":[{"href":"https:\/\/torontoimperial.com\/tr\/wp-json\/wp\/v2\/media?parent=4267"}],"curies":[{"name":"wp","href":"https:\/\/api.w.org\/{rel}","templated":true}]}}