{"id":4275,"date":"2024-06-26T20:24:14","date_gmt":"2024-06-26T17:24:14","guid":{"rendered":"https:\/\/torontoimperial.com\/tis-2024-yaz-kampi\/"},"modified":"2026-01-27T15:06:06","modified_gmt":"2026-01-27T12:06:06","slug":"tis-2024-yaz-kampi","status":"publish","type":"page","link":"https:\/\/torontoimperial.com\/tr\/tis-2024-yaz-kampi\/","title":{"rendered":"TIS 2024 Yaz Kamp\u0131"},"content":{"rendered":"<div class=\"wpb-content-wrapper\"><p>[vc_row el_class=&#8221;about-block tech-block pbot&#8221; conditional_render=&#8221;%5B%7B%22value_role%22%3A%22administrator%22%7D%5D&#8221;][vc_column width=&#8221;1\/2&#8243; conditional_render=&#8221;%5B%7B%22value_role%22%3A%22administrator%22%7D%5D&#8221; el_class=&#8221;zitwo&#8221;][vc_column_text css=&#8221;&#8221;]<iframe loading=\"lazy\" title=\"YouTube video oynat\u0131c\u0131\" src=\"https:\/\/www.youtube.com\/embed\/kwjpzhBiiz0\" width=\"560\" height=\"315\" frameborder=\"0\" allowfullscreen=\"allowfullscreen\"><\/iframe><\/p>\n<p>&nbsp;[\/vc_column_text][\/vc_column][vc_column width=&#8221;1\/2&#8243;][vc_custom_heading text=&#8221;TIS 2024 Yaz Kamp\u0131&#8221; font_container=&#8221;tag:h3|text_align:left&#8221; use_theme_fonts=&#8221;yes&#8221; css=&#8221;&#8221;][vc_custom_heading text=&#8221;Toronto Imperial Kamp\u0131m\u0131z\u0131 Ke\u015ffedin!&#8221; font_container=&#8221;tag:h5|text_align:left&#8221; use_theme_fonts=&#8221;yes&#8221; css=&#8221;&#8221;][vc_column_text css_animation=&#8221;none&#8221; css=&#8221;&#8221;]\u0130ngilizce at\u00f6lye \u00e7al\u0131\u015fmalar\u0131 ve ustal\u0131k s\u0131n\u0131flar\u0131n\u0131 deneyimleyin, i\u00e7inizdeki s\u00fcper kahraman\u0131 ortaya \u00e7\u0131kar\u0131n ve 24 saat \u0130ngilizce ortam\u0131nda heyecan verici geziler, sporlar ve diskolardan keyif al\u0131n. Heyecan ve sonsuz olas\u0131l\u0131klarla dolu bir yaz i\u00e7in bize kat\u0131l\u0131n![\/vc_column_text][vc_btn title=&#8221;Site yaz kamp\u0131&#8221; color=&#8221;danger&#8221; css=&#8221;&#8221; link=&#8221;url:https%3A%2F%2Ftorontoimperial.com%2Fcamp%2F|&#8221; animation_type=&#8221;bounceIn&#8221;][\/vc_column][\/vc_row][vc_row el_class=&#8221;pbot&#8221; conditional_render=&#8221;%5B%7B%22value_role%22%3A%22administrator%22%7D%5D&#8221;][vc_column][vc_single_image image=&#8221;4276&#8243; img_size=&#8221;full&#8221; alignment=&#8221;center&#8221; css=&#8221;&#8221;][\/vc_column][\/vc_row][vc_row full_width_css=&#8221;stretch_row_css&#8221; el_class=&#8221;pbot&#8221; conditional_render=&#8221;%5B%7B%22value_role%22%3A%22administrator%22%7D%5D&#8221;][vc_column][vc_custom_heading text=&#8221;Temel Avantajlar\u0131n Listesi&#8221; font_container=&#8221;tag:h3|text_align:left&#8221; use_theme_fonts=&#8221;yes&#8221; css=&#8221;&#8221;][vc_row_inner el_class=&#8221;m-c-info&#8221;][vc_column_inner width=&#8221;1\/2&#8243;]<div class=\"porto-sicon-box  wpb_custom_8e68df845b80afa10ab924ae873f75be style_1 top-icon\"><div class=\"porto-sicon-top\"><div class=\"porto-just-icon-wrapper porto-sicon-img  porto-icon-9f5d1cfb45d27d96b50bf473aebba227\" style=\"font-size: 44px;\"><img loading=\"lazy\" decoding=\"async\" class=\"img-icon\" alt=\"\" src=\"https:\/\/torontoimperial.com\/wp-content\/uploads\/2024\/07\/58-icon-1.webp\" width=\"100\" height=\"100\" \/><\/div><\/div><div class=\"porto-sicon-header\"><h3 class=\"porto-sicon-title\" style=\"color:#003153;\">Edinime Kar\u015f\u0131 \u00d6\u011frenme<\/h3><\/div> <!-- header --><div class=\"porto-sicon-description\" style=\"color:#222222;\">\u00d6\u011frenme, dil ve kullan\u0131m kurallar\u0131 gibi materyallerin bilin\u00e7li olarak \u00f6\u011frenilmesini i\u00e7erir. Edinim ise ileti\u015fimin bilin\u00e7li d\u00fc\u015f\u00fcnce olmaks\u0131z\u0131n i\u00e7g\u00fcd\u00fcsel hale geldi\u011finde ger\u00e7ekle\u015fir. Kamp\u0131m\u0131zda kat\u0131l\u0131mc\u0131lar bu do\u011fal edinim s\u00fcrecini bizzat deneyimlerler.<\/div> <!-- description --><\/div><!-- porto-sicon-box -->[\/vc_column_inner][vc_column_inner width=&#8221;1\/2&#8243;]<div class=\"porto-sicon-box  wpb_custom_8e68df845b80afa10ab924ae873f75be style_1 top-icon\"><div class=\"porto-sicon-top\"><div class=\"porto-just-icon-wrapper porto-sicon-img  porto-icon-9f5d1cfb45d27d96b50bf473aebba227\" style=\"font-size: 44px;\"><img loading=\"lazy\" decoding=\"async\" class=\"img-icon\" alt=\"\" src=\"https:\/\/torontoimperial.com\/wp-content\/uploads\/2024\/07\/58-icon-1.webp\" width=\"100\" height=\"100\" \/><\/div><\/div><div class=\"porto-sicon-header\"><h3 class=\"porto-sicon-title\" style=\"color:#003153;\">Dil edinimi f\u0131rsat\u0131<\/h3><\/div> <!-- header --><div class=\"porto-sicon-description\" style=\"color:#222222;\">Yaz, bir s\u0131n\u0131f veya bilgisayar ekran\u0131n\u0131n s\u0131n\u0131rlamalar\u0131ndan uzak, do\u011fal olarak ger\u00e7ekle\u015fen dil edinimi i\u00e7in en uygun f\u0131rsat\u0131 sunar.<\/div> <!-- description --><\/div><!-- porto-sicon-box -->[\/vc_column_inner][\/vc_row_inner][vc_row_inner el_class=&#8221;m-c-info&#8221;][vc_column_inner width=&#8221;1\/2&#8243;]<div class=\"porto-sicon-box  wpb_custom_8e68df845b80afa10ab924ae873f75be style_1 top-icon\"><div class=\"porto-sicon-top\"><div class=\"porto-just-icon-wrapper porto-sicon-img  porto-icon-9f5d1cfb45d27d96b50bf473aebba227\" style=\"font-size: 44px;\"><img loading=\"lazy\" decoding=\"async\" class=\"img-icon\" alt=\"\" src=\"https:\/\/torontoimperial.com\/wp-content\/uploads\/2024\/07\/58-icon-1.webp\" width=\"100\" height=\"100\" \/><\/div><\/div><div class=\"porto-sicon-header\"><h3 class=\"porto-sicon-title\" style=\"color:#003153;\">&quot;Beyaz sayfa&quot; etkisini ortadan kald\u0131r\u0131r,<\/h3><\/div> <!-- header --><div class=\"porto-sicon-description\" style=\"color:#222222;\">bireylerin uzun s\u00fcre kullanmama nedeniyle \u00f6nceden edinilmi\u015f becerileri unutmas\u0131 veya kaybetmesi durumudur. Bu olgu, aktif olarak pratik yap\u0131lmayan becerilerin zamanla kayboldu\u011fu beynin &#8220;kullan ya da kaybet&#8221; prensibinden kaynaklan\u0131r.<\/div> <!-- description --><\/div><!-- porto-sicon-box -->[\/vc_column_inner][vc_column_inner width=&#8221;1\/2&#8243;]<div class=\"porto-sicon-box  wpb_custom_8e68df845b80afa10ab924ae873f75be style_1 top-icon\"><div class=\"porto-sicon-top\"><div class=\"porto-just-icon-wrapper porto-sicon-img  porto-icon-9f5d1cfb45d27d96b50bf473aebba227\" style=\"font-size: 44px;\"><img loading=\"lazy\" decoding=\"async\" class=\"img-icon\" alt=\"\" src=\"https:\/\/torontoimperial.com\/wp-content\/uploads\/2024\/07\/58-icon-1.webp\" width=\"100\" height=\"100\" \/><\/div><\/div><div class=\"porto-sicon-header\"><h3 class=\"porto-sicon-title\" style=\"color:#003153;\">Kapsaml\u0131 program<\/h3><\/div> <!-- header --><div class=\"porto-sicon-description\" style=\"color:#222222;\">Study UA M\u00fcfredat Geli\u015ftirme Merkezi ve Toronto Imperial School Program Geli\u015ftirme Merkezi uzmanlar\u0131 taraf\u0131ndan geli\u015ftirilen program, TIS Kamp\u0131&#8217;nda e\u011fitim ve e\u011flenceyi kusursuz bir \u015fekilde birle\u015ftirir. Kanada kurumumuzun e\u011fitim \u00e7er\u00e7evesine dayanan program, marshmallow kule in\u015fas\u0131, bloggerlarla gelecekteki i\u015fg\u00fcc\u00fc piyasas\u0131 trendleri hakk\u0131nda tart\u0131\u015fmalar, Taylor Swift hayran k\u00fclt\u00fcr\u00fcn\u00fcn ke\u015ffi ve daha fazlas\u0131n\u0131 i\u00e7eren \u00e7e\u015fitli aktiviteler sunar.<\/div> <!-- description --><\/div><!-- porto-sicon-box -->[\/vc_column_inner][\/vc_row_inner][vc_row_inner el_class=&#8221;m-c-info&#8221;][vc_column_inner width=&#8221;1\/2&#8243;]<div class=\"porto-sicon-box  wpb_custom_8e68df845b80afa10ab924ae873f75be style_1 top-icon\"><div class=\"porto-sicon-top\"><div class=\"porto-just-icon-wrapper porto-sicon-img  porto-icon-9f5d1cfb45d27d96b50bf473aebba227\" style=\"font-size: 44px;\"><img loading=\"lazy\" decoding=\"async\" class=\"img-icon\" alt=\"\" src=\"https:\/\/torontoimperial.com\/wp-content\/uploads\/2024\/07\/58-icon-1.webp\" width=\"100\" height=\"100\" \/><\/div><\/div><div class=\"porto-sicon-header\"><h3 class=\"porto-sicon-title\" style=\"color:#003153;\">Kanada&apos;dan m\u00fcd\u00fcr\u00fcm\u00fcz<\/h3><\/div> <!-- header --><div class=\"porto-sicon-description\" style=\"color:#222222;\">Kanada&#8217;dan m\u00fcd\u00fcr\u00fcm\u00fcz hem \u00f6\u011fretmenler hem de \u00e7ocuklar i\u00e7in e\u011fitim oturumlar\u0131 d\u00fczenleyerek bizleri onurland\u0131racak.<\/div> <!-- description --><\/div><!-- porto-sicon-box -->[\/vc_column_inner][vc_column_inner width=&#8221;1\/2&#8243;]<div class=\"porto-sicon-box  wpb_custom_8e68df845b80afa10ab924ae873f75be style_1 top-icon\"><div class=\"porto-sicon-top\"><div class=\"porto-just-icon-wrapper porto-sicon-img  porto-icon-9f5d1cfb45d27d96b50bf473aebba227\" style=\"font-size: 44px;\"><img loading=\"lazy\" decoding=\"async\" class=\"img-icon\" alt=\"\" src=\"https:\/\/torontoimperial.com\/wp-content\/uploads\/2024\/07\/58-icon-1.webp\" width=\"100\" height=\"100\" \/><\/div><\/div><div class=\"porto-sicon-header\"><h3 class=\"porto-sicon-title\" style=\"color:#003153;\">\u00d6\u011fretim kadromuz<\/h3><\/div> <!-- header --><div class=\"porto-sicon-description\" style=\"color:#222222;\">\u00d6\u011fretim kadromuz <strong>g\u00fc\u00e7l\u00fc ve \u00f6zenle se\u00e7ilmi\u015ftir<\/strong>. Sadece pedagojik e\u011fitim, i\u015f deneyimi ve uluslararas\u0131 sertifikalara sahip olmakla kalmay\u0131p, ayn\u0131 zamanda geni\u015f bak\u0131\u015f a\u00e7\u0131lar\u0131na sahiptirler. Bu e\u011fitmenler \u00e7e\u015fitli uzmanl\u0131k alanlar\u0131ndan gelip d\u00fcnya genelindeki uluslararas\u0131 okul ve \u00fcniversitelerde ders vermekte olup, kendilerine \u00f6zg\u00fc hobilere ve kapsaml\u0131 g\u00f6n\u00fcll\u00fcl\u00fck deneyimine sahiptirler.<\/div> <!-- description --><\/div><!-- porto-sicon-box -->[\/vc_column_inner][\/vc_row_inner][vc_row_inner el_class=&#8221;m-c-info&#8221;][vc_column_inner width=&#8221;1\/2&#8243;]<div class=\"porto-sicon-box  wpb_custom_8e68df845b80afa10ab924ae873f75be style_1 top-icon\"><div class=\"porto-sicon-top\"><div class=\"porto-just-icon-wrapper porto-sicon-img  porto-icon-9f5d1cfb45d27d96b50bf473aebba227\" style=\"font-size: 44px;\"><img loading=\"lazy\" decoding=\"async\" class=\"img-icon\" alt=\"\" src=\"https:\/\/torontoimperial.com\/wp-content\/uploads\/2024\/07\/58-icon-1.webp\" width=\"100\" height=\"100\" \/><\/div><\/div><div class=\"porto-sicon-header\"><h3 class=\"porto-sicon-title\" style=\"color:#003153;\">Kariyer rehberli\u011fi i\u00e7in,<\/h3><\/div> <!-- header --><div class=\"porto-sicon-description\" style=\"color:#222222;\">hem k\u00fc\u00e7\u00fck hem de b\u00fcy\u00fck kamp\u00e7\u0131lar i\u00e7in \u00f6zel de\u011ferlendirmeler sunuyoruz. K\u00fc\u00e7\u00fck grup, i\u00e7lerindeki s\u00fcper kahraman\u0131 ve s\u00fcper g\u00fc\u00e7lerini ke\u015ffetmeye benzer \u015fekilde g\u00fc\u00e7l\u00fc y\u00f6nlerini belirleyen bir test al\u0131yor. B\u00fcy\u00fck kamp\u00e7\u0131lar ise uygun meslekleri ve uzmanl\u0131k alanlar\u0131n\u0131 belirlemek i\u00e7in 45 dakikal\u0131k bir mesleki y\u00f6nelim testi al\u0131yor. Kamp boyunca, kamp\u00e7\u0131lar ortak test sonu\u00e7lar\u0131na g\u00f6re gruplar halinde \u00e7al\u0131\u015f\u0131yor.<\/div> <!-- description --><\/div><!-- porto-sicon-box -->[\/vc_column_inner][vc_column_inner width=&#8221;1\/2&#8243;][\/vc_column_inner][\/vc_row_inner][\/vc_column][\/vc_row][vc_row full_width_css=&#8221;stretch_row_css&#8221; el_class=&#8221;br1-leaves pbot goal-block&#8221; conditional_render=&#8221;%5B%7B%22value_role%22%3A%22administrator%22%7D%5D&#8221;][vc_column][vc_custom_heading text=&#8221;TIS Kamp\u0131 sadece bir yaz<br \/>tatilinden \u00e7ok daha fazlas\u0131&#8221; font_container=&#8221;tag:h3|text_align:center|color:%23c6031e&#8221; use_theme_fonts=&#8221;yes&#8221; css=&#8221;&#8221;][vc_custom_heading text=&#8221;Modern \u00e7ocuklara \u00e7ok daha fazlas\u0131n\u0131 sunma f\u0131rsat\u0131d\u0131r. Gelecekteki profesyoneller ve ba\u011f\u0131ms\u0131z bireyler olarak geli\u015fimlerini destekleyerek, yeni f\u0131rsatlar d\u00fcnyas\u0131n\u0131 a\u00e7ma \u015fans\u0131d\u0131r. &#8221; font_container=&#8221;tag:h5|text_align:center|color:%23222222&#8243; use_theme_fonts=&#8221;yes&#8221; css=&#8221;&#8221;][\/vc_column][\/vc_row][vc_row][vc_column]<div class=\"porto-block\" data-id=\"4228\"><style>.vc_custom_1721132232614{background-image: url(https:\/\/torontoimperial.com\/wp-content\/uploads\/2024\/07\/pic-2.webp?id=597) !important;background-position: center;background-repeat: no-repeat !important;background-size: cover !important;}<\/style>[vc_row full_width_css=\"stretch_row_css\" parallax=\"content-moving\" parallax_image=\"597\" parallax_speed_bg=\"1.6\" css=\".vc_custom_1721132232614{background-image: url(https:\/\/torontoimperial.com\/wp-content\/uploads\/2024\/07\/pic-2.webp?id=597) !important;background-position: center;background-repeat: no-repeat !important;background-size: cover !important;}\" conditional_render=\"%5B%7B%22value_role%22%3A%22administrator%22%7D%5D\" el_class=\"ptop pbot main-form\"][vc_column][vc_custom_heading text=\"Daha fazla bilgi edinmek mi istiyorsunuz? Bir sorunuz mu var? \" font_container=\"tag:h3|text_align:left|color:%23ffffff\" use_theme_fonts=\"yes\" el_id=\"form_test-block\" css_params=\"\"][vc_custom_heading text=\"Toronto Imperial School ile e\u011fitim f\u0131rsatlar\u0131n\u0131z hakk\u0131nda daha fazla bilgi edinmek mi istiyorsunuz? \u0130leti\u015fim bilgilerinizi doldurunuz, k\u0131sa s\u00fcre i\u00e7inde sizinle ileti\u015fime ge\u00e7ece\u011fiz. \" font_container=\"tag:h5|text_align:left|color:%23ffffff\" use_theme_fonts=\"yes\"][vc_custom_heading text=\"TIS&apos;te nas\u0131l ba\u015far\u0131l\u0131 olabilece\u011finizi g\u00f6r\u00fc\u015fmeyi d\u00f6rt g\u00f6zle bekliyoruz!\" font_container=\"tag:h5|text_align:left|color:%23ffffff\" use_theme_fonts=\"yes\"][vc_raw_html css=\"\" css_params=\"\"]PGZvcm0gaWQ9ImZvcm0iIGNsYXNzPSJmb3JtX25ldyIgbWV0aG9kPSJwb3N0Ij4KCiAgICA8aW5wdXQgY2xhc3M9ImZvcm1fX2lucHV0IiB0eXBlPSJ0ZXh0IiBuYW1lPSJuYW1lIiBwbGFjZWhvbGRlcj0iQWQiIHJlcXVpcmVkPSIiPgogICAgPGlucHV0IGNsYXNzPSJmb3JtX19pbnB1dCB0ZWwiIHR5cGU9InRlbCIgbmFtZT0icGhvbmUxIiBpZD0icGhvbmUiIHBsYWNlaG9sZGVyPSIiIGRhdGEtcGhvbmU9IiIgcmVxdWlyZWQ9IiI+CiAgICA8aW5wdXQgY2xhc3M9ImZvcm1fX2lucHV0IiB0eXBlPSJlbWFpbCIgbmFtZT0iZW1haWwiIHBsYWNlaG9sZGVyPSJFLXBvc3RhIiByZXF1aXJlZD0iIj4KICAgIDxpbnB1dCBjbGFzcz0iZm9ybV9faW5wdXQgIGZvcm1fX2lucHV0LS1nZW8iIHR5cGU9ImhpZGRlbiIgbmFtZT0ibG9jYXRpb24iIHZhbHVlPSIiPgoKICAgIDxpbnB1dCB0eXBlPSJoaWRkZW4iIG5hbWU9ImZvcm1fbmFtZSIgdmFsdWU9IlRJUyBMZWFkIj4KICAgIDxpbnB1dCB0eXBlPSJoaWRkZW4iIG5hbWU9InBpcGVsaW5lIiB2YWx1ZT0iMzk2MDQ0MSI+CiAgICA8aW5wdXQgdHlwZT0iaGlkZGVuIiBuYW1lPSJyZXNwb25zaWJsZSIgdmFsdWU9IjEwNzMwODUyIj4KICAgIDxpbnB1dCB0eXBlPSJoaWRkZW4iIG5hbWU9ImxlYWRfc3RhdHVzIiB2YWx1ZT0iNzMyMDY2OTYiPgogICAgPGlucHV0IHR5cGU9ImhpZGRlbiIgbmFtZT0idGFncyIgdmFsdWU9ImNsaWVudCI+CgogICAgPGlucHV0IHR5cGU9ImhpZGRlbiIgbmFtZT0iZXZlbnQiIHZhbHVlPSJjcmVhdGUiPgogICAgPGlucHV0IHR5cGU9ImhpZGRlbiIgbmFtZT0icGhvbmVfcmVzdWx0IiB2YWx1ZT0iIj4KCgogICAgPGlucHV0IHR5cGU9ImhpZGRlbiIgbmFtZT0idXRtX3NvdXJjZSIgdmFsdWU9IiI+CiAgICA8aW5wdXQgdHlwZT0iaGlkZGVuIiBuYW1lPSJ1dG1fbWVkaXVtIiB2YWx1ZT0iIj4KICAgIDxpbnB1dCB0eXBlPSJoaWRkZW4iIG5hbWU9InV0bV9jYW1wYWlnbiIgdmFsdWU9IiI+CiAgICA8aW5wdXQgdHlwZT0iaGlkZGVuIiBuYW1lPSJ1dG1fY29udGVudCIgdmFsdWU9IiI+CiAgICA8aW5wdXQgdHlwZT0iaGlkZGVuIiBuYW1lPSJ1dG1fdGVybSIgdmFsdWU9IiI+CiAgICA8YnV0dG9uIGNsYXNzPSJmb3JtX19zdWJtaXQgYnV0dG9uIGJ1dHRvbk1haW4gYnRuX3NlbmQgYnRuX21haW4gYnRuX3JlZCIgdHlwZT0ic3VibWl0Ij4KICAgICA8cD5Hw5ZOREVSPC9wPgogICAgPC9idXR0b24+CiAgICA8ZGl2IGNsYXNzPSJjaGVja2JveCI+CiAgICAgPGlucHV0IHR5cGU9ImNoZWNrYm94IiBpZD0ic2NhbGVzIiBuYW1lPSJzY2FsZXMiIHJlcXVpcmVkPSIiIGNoZWNrZWQ+CiAgICAgPGxhYmVsIGZvcj0ic2NhbGVzIj4KIEtpxZ9pc2VsIHZlcmlsZXJpbiBpxZ9sZW5tZXNpIGlsZSBpbGdpbGkgYmlsZ2kgbWV0bmluZSB1eWd1biBvbGFyYWsga2nFn2lzZWwgdmVyaWxlcmltaW4gacWfbGVubWVzaW5pIHZlIGJhbmEgdGljYXJpIG1lc2FqbGFyIGfDtm5kZXJpbG1lc2luaSBrYWJ1bCBlZGl5b3J1bS4KICAgICA8L2xhYmVsPgogICAgPC9kaXY+CiAgIDwvZm9ybT4=[\/vc_raw_html][\/vc_column][\/vc_row]<\/div>[\/vc_column][\/vc_row]<\/p>\n<\/div>","protected":false},"excerpt":{"rendered":"<p>[vc_row el_class=&#8221;about-block tech-block pbot&#8221; conditional_render=&#8221;%5B%7B%22value_role%22%3A%22administrator%22%7D%5D&#8221;][vc_column width=&#8221;1\/2&#8243; conditional_render=&#8221;%5B%7B%22value_role%22%3A%22administrator%22%7D%5D&#8221; el_class=&#8221;zitwo&#8221;][vc_column_text css=&#8221;&#8221;] &nbsp;[\/vc_column_text][\/vc_column][vc_column width=&#8221;1\/2&#8243;][vc_custom_heading text=&#8221;TIS 2024 Yaz Kamp\u0131&#8221; font_container=&#8221;tag:h3|text_align:left&#8221; use_theme_fonts=&#8221;yes&#8221; css=&#8221;&#8221;][vc_custom_heading text=&#8221;Toronto Imperial Kamp\u0131m\u0131z\u0131 Ke\u015ffedin!&#8221; font_container=&#8221;tag:h5|text_align:left&#8221; use_theme_fonts=&#8221;yes&#8221; css=&#8221;&#8221;][vc_column_text css_animation=&#8221;none&#8221; css=&#8221;&#8221;]\u0130ngilizce at\u00f6lye \u00e7al\u0131\u015fmalar\u0131 ve ustal\u0131k s\u0131n\u0131flar\u0131n\u0131 deneyimleyin, i\u00e7inizdeki s\u00fcper kahraman\u0131 ortaya \u00e7\u0131kar\u0131n ve 24 saat \u0130ngilizce ortam\u0131nda heyecan verici geziler, sporlar ve diskolardan keyif al\u0131n. Heyecan ve sonsuz olas\u0131l\u0131klarla [&hellip;]<\/p>\n","protected":false},"author":1,"featured_media":0,"parent":0,"menu_order":0,"comment_status":"closed","ping_status":"closed","template":"","meta":{"footnotes":""},"class_list":["post-4275","page","type-page","status-publish","hentry"],"yoast_head":"<!-- This site is optimized with the Yoast SEO plugin v27.2 - https:\/\/yoast.com\/product\/yoast-seo-wordpress\/ -->\n<title>TIS 2024 Yaz Kamp\u0131 - Toronto Imperial School | TIS - Private Canadian school<\/title>\n<meta name=\"robots\" content=\"index, follow, max-snippet:-1, max-image-preview:large, max-video-preview:-1\" \/>\n<link rel=\"canonical\" href=\"https:\/\/torontoimperial.com\/tr\/tis-2024-yaz-kampi\/\" \/>\n<meta property=\"og:locale\" content=\"tr_TR\" \/>\n<meta property=\"og:type\" content=\"article\" \/>\n<meta property=\"og:title\" content=\"TIS 2024 Yaz Kamp\u0131 - Toronto Imperial School | TIS - Private Canadian school\" \/>\n<meta property=\"og:description\" content=\"[vc_row el_class=&#8221;about-block tech-block pbot&#8221; conditional_render=&#8221;%5B%7B%22value_role%22%3A%22administrator%22%7D%5D&#8221;][vc_column width=&#8221;1\/2&#8243; conditional_render=&#8221;%5B%7B%22value_role%22%3A%22administrator%22%7D%5D&#8221; el_class=&#8221;zitwo&#8221;][vc_column_text css=&#8221;&#8221;] &nbsp;[\/vc_column_text][\/vc_column][vc_column width=&#8221;1\/2&#8243;][vc_custom_heading text=&#8221;TIS 2024 Yaz Kamp\u0131&#8221; font_container=&#8221;tag:h3|text_align:left&#8221; use_theme_fonts=&#8221;yes&#8221; css=&#8221;&#8221;][vc_custom_heading text=&#8221;Toronto Imperial Kamp\u0131m\u0131z\u0131 Ke\u015ffedin!&#8221; font_container=&#8221;tag:h5|text_align:left&#8221; use_theme_fonts=&#8221;yes&#8221; css=&#8221;&#8221;][vc_column_text css_animation=&#8221;none&#8221; css=&#8221;&#8221;]\u0130ngilizce at\u00f6lye \u00e7al\u0131\u015fmalar\u0131 ve ustal\u0131k s\u0131n\u0131flar\u0131n\u0131 deneyimleyin, i\u00e7inizdeki s\u00fcper kahraman\u0131 ortaya \u00e7\u0131kar\u0131n ve 24 saat \u0130ngilizce ortam\u0131nda heyecan verici geziler, sporlar ve diskolardan keyif al\u0131n. Heyecan ve sonsuz olas\u0131l\u0131klarla [&hellip;]\" \/>\n<meta property=\"og:url\" content=\"https:\/\/torontoimperial.com\/tr\/tis-2024-yaz-kampi\/\" \/>\n<meta property=\"og:site_name\" content=\"Toronto Imperial School | TIS - Private Canadian school\" \/>\n<meta property=\"article:modified_time\" content=\"2026-01-27T12:06:06+00:00\" \/>\n<meta name=\"twitter:card\" content=\"summary_large_image\" \/>\n<meta name=\"twitter:label1\" content=\"Tahmini okuma s\u00fcresi\" \/>\n\t<meta name=\"twitter:data1\" content=\"5 dakika\" \/>\n<script type=\"application\/ld+json\" class=\"yoast-schema-graph\">{\"@context\":\"https:\/\/schema.org\",\"@graph\":[{\"@type\":\"WebPage\",\"@id\":\"https:\/\/torontoimperial.com\/tr\/tis-2024-yaz-kampi\/\",\"url\":\"https:\/\/torontoimperial.com\/tr\/tis-2024-yaz-kampi\/\",\"name\":\"TIS 2024 Yaz Kamp\u0131 - Toronto Imperial School | TIS - Private Canadian school\",\"isPartOf\":{\"@id\":\"https:\/\/torontoimperial.com\/tr\/#website\"},\"datePublished\":\"2024-06-26T17:24:14+00:00\",\"dateModified\":\"2026-01-27T12:06:06+00:00\",\"breadcrumb\":{\"@id\":\"https:\/\/torontoimperial.com\/tr\/tis-2024-yaz-kampi\/#breadcrumb\"},\"inLanguage\":\"tr\",\"potentialAction\":[{\"@type\":\"ReadAction\",\"target\":[\"https:\/\/torontoimperial.com\/tr\/tis-2024-yaz-kampi\/\"]}]},{\"@type\":\"BreadcrumbList\",\"@id\":\"https:\/\/torontoimperial.com\/tr\/tis-2024-yaz-kampi\/#breadcrumb\",\"itemListElement\":[{\"@type\":\"ListItem\",\"position\":1,\"name\":\"Home\",\"item\":\"https:\/\/torontoimperial.com\/tr\/ana-sayfa-2\/\"},{\"@type\":\"ListItem\",\"position\":2,\"name\":\"TIS 2024 Yaz Kamp\u0131\"}]},{\"@type\":\"WebSite\",\"@id\":\"https:\/\/torontoimperial.com\/tr\/#website\",\"url\":\"https:\/\/torontoimperial.com\/tr\/\",\"name\":\"Toronto Imperial School | TIS - Private Canadian school\",\"description\":\"Toronto Imperial School\",\"potentialAction\":[{\"@type\":\"SearchAction\",\"target\":{\"@type\":\"EntryPoint\",\"urlTemplate\":\"https:\/\/torontoimperial.com\/tr\/?s={search_term_string}\"},\"query-input\":{\"@type\":\"PropertyValueSpecification\",\"valueRequired\":true,\"valueName\":\"search_term_string\"}}],\"inLanguage\":\"tr\"}]}<\/script>\n<!-- \/ Yoast SEO plugin. -->","yoast_head_json":{"title":"TIS 2024 Yaz Kamp\u0131 - Toronto Imperial School | TIS - Private Canadian school","robots":{"index":"index","follow":"follow","max-snippet":"max-snippet:-1","max-image-preview":"max-image-preview:large","max-video-preview":"max-video-preview:-1"},"canonical":"https:\/\/torontoimperial.com\/tr\/tis-2024-yaz-kampi\/","og_locale":"tr_TR","og_type":"article","og_title":"TIS 2024 Yaz Kamp\u0131 - Toronto Imperial School | TIS - Private Canadian school","og_description":"[vc_row el_class=&#8221;about-block tech-block pbot&#8221; conditional_render=&#8221;%5B%7B%22value_role%22%3A%22administrator%22%7D%5D&#8221;][vc_column width=&#8221;1\/2&#8243; conditional_render=&#8221;%5B%7B%22value_role%22%3A%22administrator%22%7D%5D&#8221; el_class=&#8221;zitwo&#8221;][vc_column_text css=&#8221;&#8221;] &nbsp;[\/vc_column_text][\/vc_column][vc_column width=&#8221;1\/2&#8243;][vc_custom_heading text=&#8221;TIS 2024 Yaz Kamp\u0131&#8221; font_container=&#8221;tag:h3|text_align:left&#8221; use_theme_fonts=&#8221;yes&#8221; css=&#8221;&#8221;][vc_custom_heading text=&#8221;Toronto Imperial Kamp\u0131m\u0131z\u0131 Ke\u015ffedin!&#8221; font_container=&#8221;tag:h5|text_align:left&#8221; use_theme_fonts=&#8221;yes&#8221; css=&#8221;&#8221;][vc_column_text css_animation=&#8221;none&#8221; css=&#8221;&#8221;]\u0130ngilizce at\u00f6lye \u00e7al\u0131\u015fmalar\u0131 ve ustal\u0131k s\u0131n\u0131flar\u0131n\u0131 deneyimleyin, i\u00e7inizdeki s\u00fcper kahraman\u0131 ortaya \u00e7\u0131kar\u0131n ve 24 saat \u0130ngilizce ortam\u0131nda heyecan verici geziler, sporlar ve diskolardan keyif al\u0131n. Heyecan ve sonsuz olas\u0131l\u0131klarla [&hellip;]","og_url":"https:\/\/torontoimperial.com\/tr\/tis-2024-yaz-kampi\/","og_site_name":"Toronto Imperial School | TIS - Private Canadian school","article_modified_time":"2026-01-27T12:06:06+00:00","twitter_card":"summary_large_image","twitter_misc":{"Tahmini okuma s\u00fcresi":"5 dakika"},"schema":{"@context":"https:\/\/schema.org","@graph":[{"@type":"WebPage","@id":"https:\/\/torontoimperial.com\/tr\/tis-2024-yaz-kampi\/","url":"https:\/\/torontoimperial.com\/tr\/tis-2024-yaz-kampi\/","name":"TIS 2024 Yaz Kamp\u0131 - Toronto Imperial School | TIS - Private Canadian school","isPartOf":{"@id":"https:\/\/torontoimperial.com\/tr\/#website"},"datePublished":"2024-06-26T17:24:14+00:00","dateModified":"2026-01-27T12:06:06+00:00","breadcrumb":{"@id":"https:\/\/torontoimperial.com\/tr\/tis-2024-yaz-kampi\/#breadcrumb"},"inLanguage":"tr","potentialAction":[{"@type":"ReadAction","target":["https:\/\/torontoimperial.com\/tr\/tis-2024-yaz-kampi\/"]}]},{"@type":"BreadcrumbList","@id":"https:\/\/torontoimperial.com\/tr\/tis-2024-yaz-kampi\/#breadcrumb","itemListElement":[{"@type":"ListItem","position":1,"name":"Home","item":"https:\/\/torontoimperial.com\/tr\/ana-sayfa-2\/"},{"@type":"ListItem","position":2,"name":"TIS 2024 Yaz Kamp\u0131"}]},{"@type":"WebSite","@id":"https:\/\/torontoimperial.com\/tr\/#website","url":"https:\/\/torontoimperial.com\/tr\/","name":"Toronto Imperial School | TIS - Private Canadian school","description":"Toronto Imperial School","potentialAction":[{"@type":"SearchAction","target":{"@type":"EntryPoint","urlTemplate":"https:\/\/torontoimperial.com\/tr\/?s={search_term_string}"},"query-input":{"@type":"PropertyValueSpecification","valueRequired":true,"valueName":"search_term_string"}}],"inLanguage":"tr"}]}},"_links":{"self":[{"href":"https:\/\/torontoimperial.com\/tr\/wp-json\/wp\/v2\/pages\/4275","targetHints":{"allow":["GET"]}}],"collection":[{"href":"https:\/\/torontoimperial.com\/tr\/wp-json\/wp\/v2\/pages"}],"about":[{"href":"https:\/\/torontoimperial.com\/tr\/wp-json\/wp\/v2\/types\/page"}],"author":[{"embeddable":true,"href":"https:\/\/torontoimperial.com\/tr\/wp-json\/wp\/v2\/users\/1"}],"replies":[{"embeddable":true,"href":"https:\/\/torontoimperial.com\/tr\/wp-json\/wp\/v2\/comments?post=4275"}],"version-history":[{"count":9,"href":"https:\/\/torontoimperial.com\/tr\/wp-json\/wp\/v2\/pages\/4275\/revisions"}],"predecessor-version":[{"id":4291,"href":"https:\/\/torontoimperial.com\/tr\/wp-json\/wp\/v2\/pages\/4275\/revisions\/4291"}],"wp:attachment":[{"href":"https:\/\/torontoimperial.com\/tr\/wp-json\/wp\/v2\/media?parent=4275"}],"curies":[{"name":"wp","href":"https:\/\/api.w.org\/{rel}","templated":true}]}}