{"id":4283,"date":"2024-06-26T20:25:00","date_gmt":"2024-06-26T17:25:00","guid":{"rendered":"https:\/\/torontoimperial.com\/simdi-kayit-olun\/acik-gun-etkinligi\/"},"modified":"2026-01-27T15:06:06","modified_gmt":"2026-01-27T12:06:06","slug":"acik-gun-etkinligi","status":"publish","type":"page","link":"https:\/\/torontoimperial.com\/tr\/simdi-kayit-olun\/acik-gun-etkinligi\/","title":{"rendered":"A\u00e7\u0131k G\u00fcn Etkinli\u011fi"},"content":{"rendered":"<div class=\"wpb-content-wrapper\"><p>[vc_row conditional_render=&#8221;%5B%7B%22value_role%22%3A%22administrator%22%7D%5D&#8221; el_class=&#8221;pbot tr-leaves first-page-alt&#8221;][vc_column width=&#8221;1\/2&#8243;][vc_custom_heading text=&#8221;A\u00e7\u0131k G\u00fcn Etkinli\u011fi&#8221; font_container=&#8221;tag:h3|text_align:left&#8221; use_theme_fonts=&#8221;yes&#8221; css=&#8221;&#8221;][vc_custom_heading text=&#8221;Sayfa alt ba\u015fl\u0131\u011f\u0131 i\u00e7in yer&#8221; font_container=&#8221;tag:h5|text_align:left&#8221; use_theme_fonts=&#8221;yes&#8221; css=&#8221;&#8221;][vc_single_image image=&#8221;4284&#8243; img_size=&#8221;full&#8221; alignment=&#8221;right&#8221; css=&#8221;&#8221; el_class=&#8221;t-dnone&#8221;][vc_column_text css_animation=&#8221;none&#8221; css=&#8221;&#8221;]Lorem ipsum dolor sit amet, consectetur adipiscing elit. Curabitur \u00f6zg\u00fcr nisl, finibus quis elit sit amet, imperdiet porttitor nibh. Etiam sollicitudin odio a dignissim facilisis. Donec lectus eros, convallis sed fermentum sed, imperdiet et nisi. Sed mollis sagittis ante vel suscipit. Proin nunc nulla, imperdiet et pretium in, hendrerit quis nulla.     Curabitur sed purus b\u00fcy\u00fck pharetra birikimi i\u00e7in. Donec quis eros vel a\u011f\u0131r interdum quis ciddi augue. <\/p>\n<p>Maecenas sagittis tellus tellus, eget sodales sem luctus sed. Vestibulum sayg\u0131n ultricies pellentesque. Aenean nulla odio, bo\u015f quis velit, k\u00f6t\u00fc pulvinar ipsum. Nam nec auctor magna. Sed convallis canl\u0131 premium. Pellentesque yumu\u015fak kitle neque, interdum efficitur mauris auctor a. Vestibulum yerle\u015ftirilmi\u015f, nibh bibendum ullamcorper&#8217;da, nisl est ultrices est, id convallis sem arcu eget lacus. Pellentesque dictum sit amet leo aliquam dictum. Nulla facilisi. Mauris rhoncus feugiat purus ac imperdiet. Sed sit amet condimentum nisl.[\/vc_column_text][vc_btn title=&#8221;Kay\u0131t&#8221; color=&#8221;danger&#8221; css=&#8221;&#8221; link=&#8221;url:%23|&#8221; animation_type=&#8221;bounceIn&#8221;][\/vc_column][vc_column width=&#8221;1\/2&#8243;][vc_single_image image=&#8221;4284&#8243; img_size=&#8221;full&#8221; alignment=&#8221;right&#8221; css=&#8221;&#8221; el_class=&#8221;m-dnone&#8221;][\/vc_column][\/vc_row][vc_row conditional_render=&#8221;%5B%7B%22value_role%22%3A%22administrator%22%7D%5D&#8221; el_class=&#8221;pbot contact-block contact-block-second&#8221;][vc_column width=&#8221;1\/2&#8243; conditional_render=&#8221;%5B%7B%22value_role%22%3A%22administrator%22%7D%5D&#8221;]<div id='wrap_map_69ef621d04769' class='porto-map-wrapper porto-adjust-bottom-margin ' style='height:500px;'><div id='map_69ef621d04769' data-map_override='0' class='porto_google_map page_margin_top' style='width:100%;height:500px;'><\/div><\/div><script>\r\n( function() {\r\n\tvar porto_init_map = function() {\r\n\t\t( function( $ ) {\r\n\t\t\t'use strict';\r\n\t\t\tif (typeof google == 'undefined') {\r\n\t\t\t\treturn;\r\n\t\t\t}\r\n\t\t\tvar map_map_69ef621d04769 = null;\r\n\t\t\tvar coordinate_map_69ef621d04769;\r\n\t\t\ttry {\r\n\t\t\t\tcoordinate_map_69ef621d04769=new google.maps.LatLng(43.670864068539615, -79.38968155951866);\r\n\t\t\t\tvar isDraggable = $(document).width() > 640 ? true : true;\r\n\t\t\t\tvar mapOptions = {\r\n\t\t\t\t\tzoom: 16,\r\n\t\t\t\t\tcenter: coordinate_map_69ef621d04769,\r\n\t\t\t\t\tscaleControl: true,\r\n\t\t\t\t\tstreetViewControl: false,\r\n\t\t\t\t\tmapTypeControl: false,\r\n\t\t\t\t\tpanControl: false,\r\n\t\t\t\t\tzoomControl: false,\r\n\t\t\t\t\tscrollwheel: true,\r\n\t\t\t\t\tdraggable: isDraggable,\r\n\t\t\t\t\tzoomControlOptions: {\r\n\t\t\t\t\t\tposition: google.maps.ControlPosition.RIGHT_BOTTOM\r\n\t\t\t\t\t},mapTypeId: google.maps.MapTypeId.ROADMAP,};var map_map_69ef621d04769 = new google.maps.Map(document.getElementById('map_69ef621d04769'),mapOptions);\r\n\t\t\t\t\t\tvar x = 'on';\r\n\t\t\t\t\t\tvar marker_map_69ef621d04769 = new google.maps.Marker({\r\n\t\t\t\t\t\tposition: new google.maps.LatLng(43.670864068539615, -79.38968155951866),\r\n\t\t\t\t\t\tanimation:  google.maps.Animation.DROP,\r\n\t\t\t\t\t\tmap: map_map_69ef621d04769,\r\n\t\t\t\t\t\ticon: 'https:\/\/torontoimperial.com\/wp-content\/uploads\/2024\/07\/65-marker.webp'\r\n\t\t\t\t\t});\r\n\t\t\t\t\tgoogle.maps.event.addListener(marker_map_69ef621d04769, 'click', toggleBounce);}\r\n\t\t\tcatch(e){};\r\n\t\t\tgoogle.maps.event.trigger(map_map_69ef621d04769, 'resize');\r\n\t\t\t$(window).on('resize', function(){\r\n\t\t\t\tgoogle.maps.event.trigger(map_map_69ef621d04769, 'resize');\r\n\t\t\t\tif(map_map_69ef621d04769!=null) {\r\n\t\t\t\t\tmap_map_69ef621d04769.setCenter(coordinate_map_69ef621d04769);\r\n\t\t\t\t}\r\n\t\t\t});\r\n\t\t\t$('.ui-tabs').on('tabsactivate', function(event, ui) {\r\n\t\t\t   if($(this).find('.porto-map-wrapper').length > 0)\r\n\t\t\t\t{\r\n\t\t\t\t\tsetTimeout(function(){\r\n\t\t\t\t\t\t$(window).trigger('resize');\r\n\t\t\t\t\t},200);\r\n\t\t\t\t}\r\n\t\t\t});\r\n\t\t\t$('.ui-accordion').on('accordionactivate', function(event, ui) {\r\n\t\t\t\tif($(this).find('.porto-map-wrapper').length > 0) {\r\n\t\t\t\t\tsetTimeout(function(){\r\n\t\t\t\t\t\t$(window).trigger('resize');\r\n\t\t\t\t\t},200);\r\n\t\t\t\t}\r\n\t\t\t});\r\n\t\t\t$(document).on('onPortoModalPopupOpen', function(){\r\n\t\t\t\tif($(map_map_69ef621d04769).parents('.porto_modal-content')) {\r\n\t\t\t\t\tsetTimeout(function(){\r\n\t\t\t\t\t\t$(window).trigger('resize');\r\n\t\t\t\t\t},200);\r\n\t\t\t\t}\r\n\t\t\t});\r\n\t\t\tfunction toggleBounce() {\r\n\t\t\t\tif (marker_map_69ef621d04769.getAnimation() != null) {\r\n\t\t\t\t\tmarker_map_69ef621d04769.setAnimation(null);\r\n\t\t\t\t} else {\r\n\t\t\t\t\tmarker_map_69ef621d04769.setAnimation(google.maps.Animation.BOUNCE);\r\n\t\t\t\t}\r\n\t\t\t}\r\n\t\t} )( window.jQuery );\r\n\t};\r\n\r\n\tif ( window.jQuery ) {\r\n\t\tjQuery( document ).ready(function() {\r\n\t\t\tporto_init_map();\r\n\t\t} );\r\n\t} else {\r\n\t\tdocument.addEventListener( 'DOMContentLoaded', porto_init_map );\r\n\t}\r\n\r\n\twindow.addEventListener( 'load', function() {\r\n\t\tsetTimeout( function() {\r\n\t\t\tjQuery( window ).trigger( 'resize' );\r\n\t\t}, 200 );\r\n\t} );\r\n} )();\r\n<\/script>[\/vc_column][vc_column width=&#8221;1\/2&#8243;][vc_custom_heading text=&#8221;Bizi Nerede Bulabilirsiniz&#8221; font_container=&#8221;tag:h3|text_align:left&#8221; use_theme_fonts=&#8221;yes&#8221; css=&#8221;&#8221;][vc_custom_heading text=&#8221;Sayfa alt ba\u015fl\u0131\u011f\u0131 i\u00e7in yer&#8221; font_container=&#8221;tag:h5|text_align:left&#8221; use_theme_fonts=&#8221;yes&#8221; css=&#8221;&#8221;]<div class=\"porto-sicon-box  wpb_custom_711ef0f07aa60911c1a448999b0b04e5 style_1 left-icon\"><div class=\"porto-sicon-left\"><div class=\"porto-just-icon-wrapper porto-sicon-img  porto-icon-9f5d1cfb45d27d96b50bf473aebba227\" style=\"font-size: 80px;\"><img loading=\"lazy\" decoding=\"async\" class=\"img-icon\" alt=\"\" src=\"https:\/\/torontoimperial.com\/wp-content\/uploads\/2024\/07\/65-icon-1.webp\" width=\"160\" height=\"160\" \/><\/div><\/div><div class=\"porto-sicon-body\"><div class=\"porto-sicon-header\"><h3 class=\"porto-sicon-title\" style=\"color:#003153;\">Adres<\/h3><\/div> <!-- header --><div class=\"porto-sicon-description\" style=\"color:#222222;\">Regus Yorkville Center 1235 Bay Street,<br \/>5. Kat, Ofis No. 511, Toronto,<br \/>Ontario M5R 3K4<\/div> <!-- description --><\/div><\/div><!-- porto-sicon-box -->[\/vc_column][\/vc_row][vc_row full_width_css=&#8221;stretch_row_css&#8221; el_class=&#8221;br1-leaves pbot&#8221; conditional_render=&#8221;%5B%7B%22value_role%22%3A%22administrator%22%7D%5D&#8221;][vc_column][vc_masonry_media_grid style=&#8221;load-more&#8221; items_per_page=&#8221;8&#8243; element_width=&#8221;3&#8243; gap=&#8221;20&#8243; css=&#8221;&#8221; btn_title=&#8221;Daha fazla foto\u011fraf&#8221; btn_style=&#8221;classic&#8221; btn_color=&#8221;primary&#8221; grid_id=&#8221;vc_gid:1723634783664-7dd41382-81df-7&#8243; include=&#8221;3736,3751,3740,3737,3750,3749,3748,3747,3746,3745,3744,3743,3742,3741,3739,3738&#8243;][\/vc_column][\/vc_row][vc_row][vc_column]<div class=\"porto-block\" data-id=\"4228\"><style>.vc_custom_1721132232614{background-image: url(https:\/\/torontoimperial.com\/wp-content\/uploads\/2024\/07\/pic-2.webp?id=597) !important;background-position: center;background-repeat: no-repeat !important;background-size: cover !important;}<\/style>[vc_row full_width_css=\"stretch_row_css\" parallax=\"content-moving\" parallax_image=\"597\" parallax_speed_bg=\"1.6\" css=\".vc_custom_1721132232614{background-image: url(https:\/\/torontoimperial.com\/wp-content\/uploads\/2024\/07\/pic-2.webp?id=597) !important;background-position: center;background-repeat: no-repeat !important;background-size: cover !important;}\" conditional_render=\"%5B%7B%22value_role%22%3A%22administrator%22%7D%5D\" el_class=\"ptop pbot main-form\"][vc_column][vc_custom_heading text=\"Daha fazla bilgi edinmek mi istiyorsunuz? Bir sorunuz mu var? \" font_container=\"tag:h3|text_align:left|color:%23ffffff\" use_theme_fonts=\"yes\" el_id=\"form_test-block\" css_params=\"\"][vc_custom_heading text=\"Toronto Imperial School ile e\u011fitim f\u0131rsatlar\u0131n\u0131z hakk\u0131nda daha fazla bilgi edinmek mi istiyorsunuz? \u0130leti\u015fim bilgilerinizi doldurunuz, k\u0131sa s\u00fcre i\u00e7inde sizinle ileti\u015fime ge\u00e7ece\u011fiz. \" font_container=\"tag:h5|text_align:left|color:%23ffffff\" use_theme_fonts=\"yes\"][vc_custom_heading text=\"TIS&apos;te nas\u0131l ba\u015far\u0131l\u0131 olabilece\u011finizi g\u00f6r\u00fc\u015fmeyi d\u00f6rt g\u00f6zle bekliyoruz!\" font_container=\"tag:h5|text_align:left|color:%23ffffff\" use_theme_fonts=\"yes\"][vc_raw_html css=\"\" css_params=\"\"]PGZvcm0gaWQ9ImZvcm0iIGNsYXNzPSJmb3JtX25ldyIgbWV0aG9kPSJwb3N0Ij4KCiAgICA8aW5wdXQgY2xhc3M9ImZvcm1fX2lucHV0IiB0eXBlPSJ0ZXh0IiBuYW1lPSJuYW1lIiBwbGFjZWhvbGRlcj0iQWQiIHJlcXVpcmVkPSIiPgogICAgPGlucHV0IGNsYXNzPSJmb3JtX19pbnB1dCB0ZWwiIHR5cGU9InRlbCIgbmFtZT0icGhvbmUxIiBpZD0icGhvbmUiIHBsYWNlaG9sZGVyPSIiIGRhdGEtcGhvbmU9IiIgcmVxdWlyZWQ9IiI+CiAgICA8aW5wdXQgY2xhc3M9ImZvcm1fX2lucHV0IiB0eXBlPSJlbWFpbCIgbmFtZT0iZW1haWwiIHBsYWNlaG9sZGVyPSJFLXBvc3RhIiByZXF1aXJlZD0iIj4KICAgIDxpbnB1dCBjbGFzcz0iZm9ybV9faW5wdXQgIGZvcm1fX2lucHV0LS1nZW8iIHR5cGU9ImhpZGRlbiIgbmFtZT0ibG9jYXRpb24iIHZhbHVlPSIiPgoKICAgIDxpbnB1dCB0eXBlPSJoaWRkZW4iIG5hbWU9ImZvcm1fbmFtZSIgdmFsdWU9IlRJUyBMZWFkIj4KICAgIDxpbnB1dCB0eXBlPSJoaWRkZW4iIG5hbWU9InBpcGVsaW5lIiB2YWx1ZT0iMzk2MDQ0MSI+CiAgICA8aW5wdXQgdHlwZT0iaGlkZGVuIiBuYW1lPSJyZXNwb25zaWJsZSIgdmFsdWU9IjEwNzMwODUyIj4KICAgIDxpbnB1dCB0eXBlPSJoaWRkZW4iIG5hbWU9ImxlYWRfc3RhdHVzIiB2YWx1ZT0iNzMyMDY2OTYiPgogICAgPGlucHV0IHR5cGU9ImhpZGRlbiIgbmFtZT0idGFncyIgdmFsdWU9ImNsaWVudCI+CgogICAgPGlucHV0IHR5cGU9ImhpZGRlbiIgbmFtZT0iZXZlbnQiIHZhbHVlPSJjcmVhdGUiPgogICAgPGlucHV0IHR5cGU9ImhpZGRlbiIgbmFtZT0icGhvbmVfcmVzdWx0IiB2YWx1ZT0iIj4KCgogICAgPGlucHV0IHR5cGU9ImhpZGRlbiIgbmFtZT0idXRtX3NvdXJjZSIgdmFsdWU9IiI+CiAgICA8aW5wdXQgdHlwZT0iaGlkZGVuIiBuYW1lPSJ1dG1fbWVkaXVtIiB2YWx1ZT0iIj4KICAgIDxpbnB1dCB0eXBlPSJoaWRkZW4iIG5hbWU9InV0bV9jYW1wYWlnbiIgdmFsdWU9IiI+CiAgICA8aW5wdXQgdHlwZT0iaGlkZGVuIiBuYW1lPSJ1dG1fY29udGVudCIgdmFsdWU9IiI+CiAgICA8aW5wdXQgdHlwZT0iaGlkZGVuIiBuYW1lPSJ1dG1fdGVybSIgdmFsdWU9IiI+CiAgICA8YnV0dG9uIGNsYXNzPSJmb3JtX19zdWJtaXQgYnV0dG9uIGJ1dHRvbk1haW4gYnRuX3NlbmQgYnRuX21haW4gYnRuX3JlZCIgdHlwZT0ic3VibWl0Ij4KICAgICA8cD5Hw5ZOREVSPC9wPgogICAgPC9idXR0b24+CiAgICA8ZGl2IGNsYXNzPSJjaGVja2JveCI+CiAgICAgPGlucHV0IHR5cGU9ImNoZWNrYm94IiBpZD0ic2NhbGVzIiBuYW1lPSJzY2FsZXMiIHJlcXVpcmVkPSIiIGNoZWNrZWQ+CiAgICAgPGxhYmVsIGZvcj0ic2NhbGVzIj4KIEtpxZ9pc2VsIHZlcmlsZXJpbiBpxZ9sZW5tZXNpIGlsZSBpbGdpbGkgYmlsZ2kgbWV0bmluZSB1eWd1biBvbGFyYWsga2nFn2lzZWwgdmVyaWxlcmltaW4gacWfbGVubWVzaW5pIHZlIGJhbmEgdGljYXJpIG1lc2FqbGFyIGfDtm5kZXJpbG1lc2luaSBrYWJ1bCBlZGl5b3J1bS4KICAgICA8L2xhYmVsPgogICAgPC9kaXY+CiAgIDwvZm9ybT4=[\/vc_raw_html][\/vc_column][\/vc_row]<\/div>[\/vc_column][\/vc_row]<\/p>\n<\/div>","protected":false},"excerpt":{"rendered":"<p>[vc_row conditional_render=&#8221;%5B%7B%22value_role%22%3A%22administrator%22%7D%5D&#8221; el_class=&#8221;pbot tr-leaves first-page-alt&#8221;][vc_column width=&#8221;1\/2&#8243;][vc_custom_heading text=&#8221;A\u00e7\u0131k G\u00fcn Etkinli\u011fi&#8221; font_container=&#8221;tag:h3|text_align:left&#8221; use_theme_fonts=&#8221;yes&#8221; css=&#8221;&#8221;][vc_custom_heading text=&#8221;Sayfa alt ba\u015fl\u0131\u011f\u0131 i\u00e7in yer&#8221; font_container=&#8221;tag:h5|text_align:left&#8221; use_theme_fonts=&#8221;yes&#8221; css=&#8221;&#8221;][vc_single_image image=&#8221;4284&#8243; img_size=&#8221;full&#8221; alignment=&#8221;right&#8221; css=&#8221;&#8221; el_class=&#8221;t-dnone&#8221;][vc_column_text css_animation=&#8221;none&#8221; css=&#8221;&#8221;]Lorem ipsum dolor sit amet, consectetur adipiscing elit. Curabitur \u00f6zg\u00fcr nisl, finibus quis elit sit amet, imperdiet porttitor nibh. Etiam sollicitudin odio a dignissim facilisis. Donec lectus eros, convallis [&hellip;]<\/p>\n","protected":false},"author":1,"featured_media":0,"parent":4279,"menu_order":0,"comment_status":"closed","ping_status":"closed","template":"","meta":{"footnotes":""},"class_list":["post-4283","page","type-page","status-publish","hentry"],"yoast_head":"<!-- This site is optimized with the Yoast SEO plugin v27.4 - https:\/\/yoast.com\/product\/yoast-seo-wordpress\/ -->\n<title>A\u00e7\u0131k G\u00fcn Etkinli\u011fi - Toronto Imperial School | TIS - Private Canadian school<\/title>\n<meta name=\"robots\" content=\"index, follow, max-snippet:-1, max-image-preview:large, max-video-preview:-1\" \/>\n<link rel=\"canonical\" href=\"https:\/\/torontoimperial.com\/tr\/simdi-kayit-olun\/acik-gun-etkinligi\/\" \/>\n<meta property=\"og:locale\" content=\"tr_TR\" \/>\n<meta property=\"og:type\" content=\"article\" \/>\n<meta property=\"og:title\" content=\"A\u00e7\u0131k G\u00fcn Etkinli\u011fi - Toronto Imperial School | TIS - Private Canadian school\" \/>\n<meta property=\"og:description\" content=\"[vc_row conditional_render=&#8221;%5B%7B%22value_role%22%3A%22administrator%22%7D%5D&#8221; el_class=&#8221;pbot tr-leaves first-page-alt&#8221;][vc_column width=&#8221;1\/2&#8243;][vc_custom_heading text=&#8221;A\u00e7\u0131k G\u00fcn Etkinli\u011fi&#8221; font_container=&#8221;tag:h3|text_align:left&#8221; use_theme_fonts=&#8221;yes&#8221; css=&#8221;&#8221;][vc_custom_heading text=&#8221;Sayfa alt ba\u015fl\u0131\u011f\u0131 i\u00e7in yer&#8221; font_container=&#8221;tag:h5|text_align:left&#8221; use_theme_fonts=&#8221;yes&#8221; css=&#8221;&#8221;][vc_single_image image=&#8221;4284&#8243; img_size=&#8221;full&#8221; alignment=&#8221;right&#8221; css=&#8221;&#8221; el_class=&#8221;t-dnone&#8221;][vc_column_text css_animation=&#8221;none&#8221; css=&#8221;&#8221;]Lorem ipsum dolor sit amet, consectetur adipiscing elit. Curabitur \u00f6zg\u00fcr nisl, finibus quis elit sit amet, imperdiet porttitor nibh. Etiam sollicitudin odio a dignissim facilisis. Donec lectus eros, convallis [&hellip;]\" \/>\n<meta property=\"og:url\" content=\"https:\/\/torontoimperial.com\/tr\/simdi-kayit-olun\/acik-gun-etkinligi\/\" \/>\n<meta property=\"og:site_name\" content=\"Toronto Imperial School | TIS - Private Canadian school\" \/>\n<meta property=\"article:modified_time\" content=\"2026-01-27T12:06:06+00:00\" \/>\n<meta name=\"twitter:card\" content=\"summary_large_image\" \/>\n<meta name=\"twitter:label1\" content=\"Tahmini okuma s\u00fcresi\" \/>\n\t<meta name=\"twitter:data1\" content=\"3 dakika\" \/>\n<script type=\"application\/ld+json\" class=\"yoast-schema-graph\">{\"@context\":\"https:\\\/\\\/schema.org\",\"@graph\":[{\"@type\":\"WebPage\",\"@id\":\"https:\\\/\\\/torontoimperial.com\\\/tr\\\/simdi-kayit-olun\\\/acik-gun-etkinligi\\\/\",\"url\":\"https:\\\/\\\/torontoimperial.com\\\/tr\\\/simdi-kayit-olun\\\/acik-gun-etkinligi\\\/\",\"name\":\"A\u00e7\u0131k G\u00fcn Etkinli\u011fi - Toronto Imperial School | TIS - Private Canadian school\",\"isPartOf\":{\"@id\":\"https:\\\/\\\/torontoimperial.com\\\/tr\\\/#website\"},\"datePublished\":\"2024-06-26T17:25:00+00:00\",\"dateModified\":\"2026-01-27T12:06:06+00:00\",\"breadcrumb\":{\"@id\":\"https:\\\/\\\/torontoimperial.com\\\/tr\\\/simdi-kayit-olun\\\/acik-gun-etkinligi\\\/#breadcrumb\"},\"inLanguage\":\"tr\",\"potentialAction\":[{\"@type\":\"ReadAction\",\"target\":[\"https:\\\/\\\/torontoimperial.com\\\/tr\\\/simdi-kayit-olun\\\/acik-gun-etkinligi\\\/\"]}]},{\"@type\":\"BreadcrumbList\",\"@id\":\"https:\\\/\\\/torontoimperial.com\\\/tr\\\/simdi-kayit-olun\\\/acik-gun-etkinligi\\\/#breadcrumb\",\"itemListElement\":[{\"@type\":\"ListItem\",\"position\":1,\"name\":\"Home\",\"item\":\"https:\\\/\\\/torontoimperial.com\\\/tr\\\/ana-sayfa-2\\\/\"},{\"@type\":\"ListItem\",\"position\":2,\"name\":\"\u015eimdi Kay\u0131t Olun\",\"item\":\"https:\\\/\\\/torontoimperial.com\\\/tr\\\/simdi-kayit-olun\\\/\"},{\"@type\":\"ListItem\",\"position\":3,\"name\":\"A\u00e7\u0131k G\u00fcn Etkinli\u011fi\"}]},{\"@type\":\"WebSite\",\"@id\":\"https:\\\/\\\/torontoimperial.com\\\/tr\\\/#website\",\"url\":\"https:\\\/\\\/torontoimperial.com\\\/tr\\\/\",\"name\":\"Toronto Imperial School | TIS - Private Canadian school\",\"description\":\"Toronto Imperial School\",\"potentialAction\":[{\"@type\":\"SearchAction\",\"target\":{\"@type\":\"EntryPoint\",\"urlTemplate\":\"https:\\\/\\\/torontoimperial.com\\\/tr\\\/?s={search_term_string}\"},\"query-input\":{\"@type\":\"PropertyValueSpecification\",\"valueRequired\":true,\"valueName\":\"search_term_string\"}}],\"inLanguage\":\"tr\"}]}<\/script>\n<!-- \/ Yoast SEO plugin. -->","yoast_head_json":{"title":"A\u00e7\u0131k G\u00fcn Etkinli\u011fi - Toronto Imperial School | TIS - Private Canadian school","robots":{"index":"index","follow":"follow","max-snippet":"max-snippet:-1","max-image-preview":"max-image-preview:large","max-video-preview":"max-video-preview:-1"},"canonical":"https:\/\/torontoimperial.com\/tr\/simdi-kayit-olun\/acik-gun-etkinligi\/","og_locale":"tr_TR","og_type":"article","og_title":"A\u00e7\u0131k G\u00fcn Etkinli\u011fi - Toronto Imperial School | TIS - Private Canadian school","og_description":"[vc_row conditional_render=&#8221;%5B%7B%22value_role%22%3A%22administrator%22%7D%5D&#8221; el_class=&#8221;pbot tr-leaves first-page-alt&#8221;][vc_column width=&#8221;1\/2&#8243;][vc_custom_heading text=&#8221;A\u00e7\u0131k G\u00fcn Etkinli\u011fi&#8221; font_container=&#8221;tag:h3|text_align:left&#8221; use_theme_fonts=&#8221;yes&#8221; css=&#8221;&#8221;][vc_custom_heading text=&#8221;Sayfa alt ba\u015fl\u0131\u011f\u0131 i\u00e7in yer&#8221; font_container=&#8221;tag:h5|text_align:left&#8221; use_theme_fonts=&#8221;yes&#8221; css=&#8221;&#8221;][vc_single_image image=&#8221;4284&#8243; img_size=&#8221;full&#8221; alignment=&#8221;right&#8221; css=&#8221;&#8221; el_class=&#8221;t-dnone&#8221;][vc_column_text css_animation=&#8221;none&#8221; css=&#8221;&#8221;]Lorem ipsum dolor sit amet, consectetur adipiscing elit. Curabitur \u00f6zg\u00fcr nisl, finibus quis elit sit amet, imperdiet porttitor nibh. Etiam sollicitudin odio a dignissim facilisis. Donec lectus eros, convallis [&hellip;]","og_url":"https:\/\/torontoimperial.com\/tr\/simdi-kayit-olun\/acik-gun-etkinligi\/","og_site_name":"Toronto Imperial School | TIS - Private Canadian school","article_modified_time":"2026-01-27T12:06:06+00:00","twitter_card":"summary_large_image","twitter_misc":{"Tahmini okuma s\u00fcresi":"3 dakika"},"schema":{"@context":"https:\/\/schema.org","@graph":[{"@type":"WebPage","@id":"https:\/\/torontoimperial.com\/tr\/simdi-kayit-olun\/acik-gun-etkinligi\/","url":"https:\/\/torontoimperial.com\/tr\/simdi-kayit-olun\/acik-gun-etkinligi\/","name":"A\u00e7\u0131k G\u00fcn Etkinli\u011fi - Toronto Imperial School | TIS - Private Canadian school","isPartOf":{"@id":"https:\/\/torontoimperial.com\/tr\/#website"},"datePublished":"2024-06-26T17:25:00+00:00","dateModified":"2026-01-27T12:06:06+00:00","breadcrumb":{"@id":"https:\/\/torontoimperial.com\/tr\/simdi-kayit-olun\/acik-gun-etkinligi\/#breadcrumb"},"inLanguage":"tr","potentialAction":[{"@type":"ReadAction","target":["https:\/\/torontoimperial.com\/tr\/simdi-kayit-olun\/acik-gun-etkinligi\/"]}]},{"@type":"BreadcrumbList","@id":"https:\/\/torontoimperial.com\/tr\/simdi-kayit-olun\/acik-gun-etkinligi\/#breadcrumb","itemListElement":[{"@type":"ListItem","position":1,"name":"Home","item":"https:\/\/torontoimperial.com\/tr\/ana-sayfa-2\/"},{"@type":"ListItem","position":2,"name":"\u015eimdi Kay\u0131t Olun","item":"https:\/\/torontoimperial.com\/tr\/simdi-kayit-olun\/"},{"@type":"ListItem","position":3,"name":"A\u00e7\u0131k G\u00fcn Etkinli\u011fi"}]},{"@type":"WebSite","@id":"https:\/\/torontoimperial.com\/tr\/#website","url":"https:\/\/torontoimperial.com\/tr\/","name":"Toronto Imperial School | TIS - Private Canadian school","description":"Toronto Imperial School","potentialAction":[{"@type":"SearchAction","target":{"@type":"EntryPoint","urlTemplate":"https:\/\/torontoimperial.com\/tr\/?s={search_term_string}"},"query-input":{"@type":"PropertyValueSpecification","valueRequired":true,"valueName":"search_term_string"}}],"inLanguage":"tr"}]}},"_links":{"self":[{"href":"https:\/\/torontoimperial.com\/tr\/wp-json\/wp\/v2\/pages\/4283","targetHints":{"allow":["GET"]}}],"collection":[{"href":"https:\/\/torontoimperial.com\/tr\/wp-json\/wp\/v2\/pages"}],"about":[{"href":"https:\/\/torontoimperial.com\/tr\/wp-json\/wp\/v2\/types\/page"}],"author":[{"embeddable":true,"href":"https:\/\/torontoimperial.com\/tr\/wp-json\/wp\/v2\/users\/1"}],"replies":[{"embeddable":true,"href":"https:\/\/torontoimperial.com\/tr\/wp-json\/wp\/v2\/comments?post=4283"}],"version-history":[{"count":2,"href":"https:\/\/torontoimperial.com\/tr\/wp-json\/wp\/v2\/pages\/4283\/revisions"}],"predecessor-version":[{"id":4293,"href":"https:\/\/torontoimperial.com\/tr\/wp-json\/wp\/v2\/pages\/4283\/revisions\/4293"}],"up":[{"embeddable":true,"href":"https:\/\/torontoimperial.com\/tr\/wp-json\/wp\/v2\/pages\/4279"}],"wp:attachment":[{"href":"https:\/\/torontoimperial.com\/tr\/wp-json\/wp\/v2\/media?parent=4283"}],"curies":[{"name":"wp","href":"https:\/\/api.w.org\/{rel}","templated":true}]}}